{"id":58569,"date":"2025-03-27T13:01:59","date_gmt":"2025-03-27T11:01:59","guid":{"rendered":"https:\/\/boutique.vignoblescompagnie.com\/?post_type=product&#038;p=58569"},"modified":"2025-08-21T11:44:04","modified_gmt":"2025-08-21T09:44:04","slug":"ferdinand-labarthe-vin-de-france-chardonnay-blanc-2024","status":"publish","type":"product","link":"https:\/\/boutique.vignoblescompagnie.com\/home\/produit\/ferdinand-labarthe-vin-de-france-chardonnay-blanc-2024\/","title":{"rendered":"FERDINAND LABARTHE &#8211; Vin de France Chardonnay blanc 2024"},"content":{"rendered":"<p><strong>CEPAGES<\/strong><\/p>\n<p>Chardonnay<\/p>\n<p><strong>TERROIR<\/strong><\/p>\n<p>Argiles profondes.<\/p>\n<p><strong>VINIFICATION<\/strong><\/p>\n<p>Pressurage direct. Vinification \u00e0 basse temp\u00e9rature (12-14\u00b0C).<\/p>\n<p><strong>DEGUSTATION<\/strong><\/p>\n<p>Limpide et brillant, reflets argent\u00e9s. Ar\u00f4mes puissants de raisin m\u00fbr. Le vin \u00e9voque les amandes grill\u00e9es et les noisettes dans un cadre floral (fleur de mai, sureau, foug\u00e8re, tilleul, verveine) et min\u00e9ral (pierre \u00e0 fusil). Le beurre, le miel et les agrumes sont \u00e9galement pr\u00e9sents.<\/p>\n<p><strong>ACCORDS METS ET VIN<\/strong><\/p>\n<p>\u2022 Nems au crabe<br \/>\n\u2022 Hachis parmentier de b\u0153uf<br \/>\n\u2022 Risotto de petit \u00e9peautre<\/p>\n<p><span style=\"color: #e58625;\"><strong>INFORMEZ-VOUS<\/strong><\/span><\/p>\n<p><a href=\"https:\/\/vincod.com\/n\/677d1dfdda5d9\/qredn\">INGREDIENTS &amp; DECLARATION NUTRITIONNELLE<\/a><\/p>\n<p>&nbsp;<\/p>\n<p>&nbsp;<\/p>\n<p><strong>En recherche d&#8217;une cuv\u00e9e PUISSANTE &amp; RONDE ?\u00a0<\/strong><\/p>\n<p><a href=\"\/?p=58521\">CH\u00c2TEAU DES SOURCES CUVEE S &#8211; AOP Costi\u00e8res de N\u00eemes blanc 2024 &#8211; Vignobles &amp; Compagnie<\/a><\/p>\n<p><em><strong>D\u00e9couvrez notre collection\u00a0<\/strong><\/em><\/p>\n<p><a href=\"https:\/\/www.vignoblescompagnie.com\/collections\/tendances\/\">Tendances &#8211; Vignobles &amp; Compagnie<\/a><\/p>\n<p>&nbsp;<\/p>\n","protected":false},"excerpt":{"rendered":"<p><strong>Subtil, Opulent<\/strong><\/p>\n<p>L\u2019expression d\u2019une passion intemporelle.<\/p>\n<p>Depuis le XIXe si\u00e8cle, la famille Labarthe cultive la passion du vin. Ferdinand Labarthe est l\u2019h\u00e9ritier d\u2019un savoir \u2013 faire traditionnel.<\/p>\n<p>Chaque vin de la gamme est le reflet d\u2019une vision : allier finesse et \u00e9quilibre pour r\u00e9v\u00e9ler la quintessence du c\u00e9page.\u00a0Inspir\u00e9es des techniques de vinification les plus nobles, ces cuv\u00e9es expriment des pratiques artisanales et une authenticit\u00e9 qui s\u00e9duisent les amateurs de grands vins.<\/p>\n<p>Le Chardonnay poss\u00e8de cette gourmandise naturelle qui le rend propice \u00e0 toutes les occasions, autant \u00e0 un d\u00eener raffin\u00e9 qu\u2019\u00e0 un moment plus simple. Il s\u2019adresse \u00e0 ceux qui aiment les vins authentiques avec de la personnalit\u00e9.<\/p>\n","protected":false},"featured_media":58565,"comment_status":"open","ping_status":"closed","template":"","meta":[],"product_brand":[],"product_cat":[1263,1442,1440],"product_tag":[],"class_list":{"0":"post-58569","1":"product","2":"type-product","3":"status-publish","4":"has-post-thumbnail","6":"product_cat-cepages-et-blends","7":"product_cat-occasions-casual","8":"product_cat-vins-frais","9":"pa_accord-aperitif","10":"pa_accord-cuisine-chinoise","11":"pa_accord-plats-modernes","14":"first","15":"instock","16":"taxable","17":"shipping-taxable","18":"purchasable","19":"product-type-simple"},"yoast_head":"<!-- This site is optimized with the Yoast SEO plugin v25.9 - https:\/\/yoast.com\/wordpress\/plugins\/seo\/ -->\n<title>FERDINAND LABARTHE - Vin de France Chardonnay blanc 2024 - Vignobles &amp; Compagnie<\/title>\n<meta name=\"description\" content=\"Subtil, Opulent  L\u2019expression d\u2019une passion intemporelle.  Depuis le XIXe si\u00e8cle, la famille Labarthe cultive la passion du vin. Ferdinand Labarthe est l\u2019h\u00e9ritier d\u2019un savoir \u2013 faire traditionnel.  Chaque vin de la gamme est le reflet d\u2019une vision : allier finesse et \u00e9quilibre pour r\u00e9v\u00e9ler la quintessence du c\u00e9page.\u00a0Inspir\u00e9es des techniques de vinification les plus nobles, ces cuv\u00e9es expriment des pratiques artisanales et une authenticit\u00e9 qui s\u00e9duisent les amateurs de grands vins.  Le Chardonnay poss\u00e8de cette gourmandise naturelle qui le rend propice \u00e0 toutes les occasions, autant \u00e0 un d\u00eener raffin\u00e9 qu\u2019\u00e0 un moment plus simple. Il s\u2019adresse \u00e0 ceux qui aiment les vins authentiques avec de la personnalit\u00e9. C\u00e9pages et Blends, Occasions casual, Vins frais FERDINAND LABARTHE - Vin de France Chardonnay blanc 2024 Engag\u00e9s depuis 1963 , Vignobles &amp; Compagnie\" \/>\n<meta name=\"robots\" content=\"index, follow, max-snippet:-1, max-image-preview:large, max-video-preview:-1\" \/>\n<link rel=\"canonical\" href=\"https:\/\/boutique.vignoblescompagnie.com\/home\/produit\/ferdinand-labarthe-vin-de-france-chardonnay-blanc-2024\/\" \/>\n<meta property=\"og:locale\" content=\"fr_FR\" \/>\n<meta property=\"og:type\" content=\"article\" \/>\n<meta property=\"og:title\" content=\"FERDINAND LABARTHE - Vin de France Chardonnay blanc 2024 - Vignobles &amp; Compagnie\" \/>\n<meta property=\"og:description\" content=\"Subtil, Opulent  L\u2019expression d\u2019une passion intemporelle.  Depuis le XIXe si\u00e8cle, la famille Labarthe cultive la passion du vin. Ferdinand Labarthe est l\u2019h\u00e9ritier d\u2019un savoir \u2013 faire traditionnel.  Chaque vin de la gamme est le reflet d\u2019une vision : allier finesse et \u00e9quilibre pour r\u00e9v\u00e9ler la quintessence du c\u00e9page.\u00a0Inspir\u00e9es des techniques de vinification les plus nobles, ces cuv\u00e9es expriment des pratiques artisanales et une authenticit\u00e9 qui s\u00e9duisent les amateurs de grands vins.  Le Chardonnay poss\u00e8de cette gourmandise naturelle qui le rend propice \u00e0 toutes les occasions, autant \u00e0 un d\u00eener raffin\u00e9 qu\u2019\u00e0 un moment plus simple. Il s\u2019adresse \u00e0 ceux qui aiment les vins authentiques avec de la personnalit\u00e9. C\u00e9pages et Blends, Occasions casual, Vins frais FERDINAND LABARTHE - Vin de France Chardonnay blanc 2024 Engag\u00e9s depuis 1963 , Vignobles &amp; Compagnie\" \/>\n<meta property=\"og:url\" content=\"https:\/\/boutique.vignoblescompagnie.com\/home\/produit\/ferdinand-labarthe-vin-de-france-chardonnay-blanc-2024\/\" \/>\n<meta property=\"og:site_name\" content=\"Vignobles &amp; Compagnie\" \/>\n<meta property=\"article:publisher\" content=\"https:\/\/www.facebook.com\/Vignobles-Compagnie-1936655449884246\/\" \/>\n<meta property=\"article:modified_time\" content=\"2025-08-21T09:44:04+00:00\" \/>\n<meta property=\"og:image\" content=\"https:\/\/boutique.vignoblescompagnie.com\/wp-content\/uploads\/2025\/03\/BT-FERDINAND-LABARTHE-VIN-DE-FRANCE-CHARDONNAY.webp\" \/>\n\t<meta property=\"og:image:width\" content=\"1200\" \/>\n\t<meta property=\"og:image:height\" content=\"1300\" \/>\n\t<meta property=\"og:image:type\" content=\"image\/webp\" \/>\n<meta name=\"twitter:card\" content=\"summary_large_image\" \/>\n<meta name=\"twitter:label1\" content=\"Dur\u00e9e de lecture estim\u00e9e\" \/>\n\t<meta name=\"twitter:data1\" content=\"1 minute\" \/>\n<script type=\"application\/ld+json\" class=\"yoast-schema-graph\">{\"@context\":\"https:\/\/schema.org\",\"@graph\":[{\"@type\":\"WebPage\",\"@id\":\"https:\/\/boutique.vignoblescompagnie.com\/home\/produit\/ferdinand-labarthe-vin-de-france-chardonnay-blanc-2024\/\",\"url\":\"https:\/\/boutique.vignoblescompagnie.com\/home\/produit\/ferdinand-labarthe-vin-de-france-chardonnay-blanc-2024\/\",\"name\":\"FERDINAND LABARTHE - Vin de France Chardonnay blanc 2024 - Vignobles &amp; Compagnie\",\"isPartOf\":{\"@id\":\"https:\/\/boutique.vignoblescompagnie.com\/home\/#website\"},\"primaryImageOfPage\":{\"@id\":\"https:\/\/boutique.vignoblescompagnie.com\/home\/produit\/ferdinand-labarthe-vin-de-france-chardonnay-blanc-2024\/#primaryimage\"},\"image\":{\"@id\":\"https:\/\/boutique.vignoblescompagnie.com\/home\/produit\/ferdinand-labarthe-vin-de-france-chardonnay-blanc-2024\/#primaryimage\"},\"thumbnailUrl\":\"https:\/\/boutique.vignoblescompagnie.com\/wp-content\/uploads\/2025\/03\/BT-FERDINAND-LABARTHE-VIN-DE-FRANCE-CHARDONNAY.webp\",\"datePublished\":\"2025-03-27T11:01:59+00:00\",\"dateModified\":\"2025-08-21T09:44:04+00:00\",\"description\":\"Subtil, Opulent L\u2019expression d\u2019une passion intemporelle. Depuis le XIXe si\u00e8cle, la famille Labarthe cultive la passion du vin. Ferdinand Labarthe est l\u2019h\u00e9ritier d\u2019un savoir \u2013 faire traditionnel. Chaque vin de la gamme est le reflet d\u2019une vision : allier finesse et \u00e9quilibre pour r\u00e9v\u00e9ler la quintessence du c\u00e9page.\u00a0Inspir\u00e9es des techniques de vinification les plus nobles, ces cuv\u00e9es expriment des pratiques artisanales et une authenticit\u00e9 qui s\u00e9duisent les amateurs de grands vins. Le Chardonnay poss\u00e8de cette gourmandise naturelle qui le rend propice \u00e0 toutes les occasions, autant \u00e0 un d\u00eener raffin\u00e9 qu\u2019\u00e0 un moment plus simple. Il s\u2019adresse \u00e0 ceux qui aiment les vins authentiques avec de la personnalit\u00e9. C\u00e9pages et Blends, Occasions casual, Vins frais FERDINAND LABARTHE - Vin de France Chardonnay blanc 2024 Engag\u00e9s depuis 1963 , Vignobles &amp; Compagnie\",\"breadcrumb\":{\"@id\":\"https:\/\/boutique.vignoblescompagnie.com\/home\/produit\/ferdinand-labarthe-vin-de-france-chardonnay-blanc-2024\/#breadcrumb\"},\"inLanguage\":\"fr-FR\",\"potentialAction\":[{\"@type\":\"ReadAction\",\"target\":[\"https:\/\/boutique.vignoblescompagnie.com\/home\/produit\/ferdinand-labarthe-vin-de-france-chardonnay-blanc-2024\/\"]}]},{\"@type\":\"ImageObject\",\"inLanguage\":\"fr-FR\",\"@id\":\"https:\/\/boutique.vignoblescompagnie.com\/home\/produit\/ferdinand-labarthe-vin-de-france-chardonnay-blanc-2024\/#primaryimage\",\"url\":\"https:\/\/boutique.vignoblescompagnie.com\/wp-content\/uploads\/2025\/03\/BT-FERDINAND-LABARTHE-VIN-DE-FRANCE-CHARDONNAY.webp\",\"contentUrl\":\"https:\/\/boutique.vignoblescompagnie.com\/wp-content\/uploads\/2025\/03\/BT-FERDINAND-LABARTHE-VIN-DE-FRANCE-CHARDONNAY.webp\",\"width\":1200,\"height\":1300,\"caption\":\"FERDINAND LABARTHE - Vin de France Chardonnay blanc 2024\"},{\"@type\":\"BreadcrumbList\",\"@id\":\"https:\/\/boutique.vignoblescompagnie.com\/home\/produit\/ferdinand-labarthe-vin-de-france-chardonnay-blanc-2024\/#breadcrumb\",\"itemListElement\":[{\"@type\":\"ListItem\",\"position\":1,\"name\":\"Home\",\"item\":\"https:\/\/boutique.vignoblescompagnie.com\/home\/\"},{\"@type\":\"ListItem\",\"position\":2,\"name\":\"Boutique\",\"item\":\"https:\/\/boutique.vignoblescompagnie.com\/home\/shop\/\"},{\"@type\":\"ListItem\",\"position\":3,\"name\":\"FERDINAND LABARTHE &#8211; Vin de France Chardonnay blanc 2024\"}]},{\"@type\":\"WebSite\",\"@id\":\"https:\/\/boutique.vignoblescompagnie.com\/home\/#website\",\"url\":\"https:\/\/boutique.vignoblescompagnie.com\/home\/\",\"name\":\"Vignobles &amp; Compagnie\",\"description\":\"Engag\u00e9s depuis 1963\",\"publisher\":{\"@id\":\"https:\/\/boutique.vignoblescompagnie.com\/home\/#organization\"},\"potentialAction\":[{\"@type\":\"SearchAction\",\"target\":{\"@type\":\"EntryPoint\",\"urlTemplate\":\"https:\/\/boutique.vignoblescompagnie.com\/home\/?s={search_term_string}\"},\"query-input\":{\"@type\":\"PropertyValueSpecification\",\"valueRequired\":true,\"valueName\":\"search_term_string\"}}],\"inLanguage\":\"fr-FR\"},{\"@type\":\"Organization\",\"@id\":\"https:\/\/boutique.vignoblescompagnie.com\/home\/#organization\",\"name\":\"Vignobles&Compagnie\",\"url\":\"https:\/\/boutique.vignoblescompagnie.com\/home\/\",\"logo\":{\"@type\":\"ImageObject\",\"inLanguage\":\"fr-FR\",\"@id\":\"https:\/\/boutique.vignoblescompagnie.com\/home\/#\/schema\/logo\/image\/\",\"url\":\"\",\"contentUrl\":\"\",\"caption\":\"Vignobles&Compagnie\"},\"image\":{\"@id\":\"https:\/\/boutique.vignoblescompagnie.com\/home\/#\/schema\/logo\/image\/\"},\"sameAs\":[\"https:\/\/www.facebook.com\/Vignobles-Compagnie-1936655449884246\/\",\"https:\/\/www.instagram.com\/vignoblescompagnie_rhone\/?hl=fr\",\"https:\/\/www.linkedin.com\/company-beta\/16238931\/\",\"https:\/\/www.youtube.com\/channel\/UCG_Dbr-g9ZLVmr2sX-tTO9g\"]}]}<\/script>\n<!-- \/ Yoast SEO plugin. -->","yoast_head_json":{"title":"FERDINAND LABARTHE - Vin de France Chardonnay blanc 2024 - Vignobles &amp; Compagnie","description":"Subtil, Opulent  L\u2019expression d\u2019une passion intemporelle.  Depuis le XIXe si\u00e8cle, la famille Labarthe cultive la passion du vin. Ferdinand Labarthe est l\u2019h\u00e9ritier d\u2019un savoir \u2013 faire traditionnel.  Chaque vin de la gamme est le reflet d\u2019une vision : allier finesse et \u00e9quilibre pour r\u00e9v\u00e9ler la quintessence du c\u00e9page.\u00a0Inspir\u00e9es des techniques de vinification les plus nobles, ces cuv\u00e9es expriment des pratiques artisanales et une authenticit\u00e9 qui s\u00e9duisent les amateurs de grands vins.  Le Chardonnay poss\u00e8de cette gourmandise naturelle qui le rend propice \u00e0 toutes les occasions, autant \u00e0 un d\u00eener raffin\u00e9 qu\u2019\u00e0 un moment plus simple. Il s\u2019adresse \u00e0 ceux qui aiment les vins authentiques avec de la personnalit\u00e9. C\u00e9pages et Blends, Occasions casual, Vins frais FERDINAND LABARTHE - Vin de France Chardonnay blanc 2024 Engag\u00e9s depuis 1963 , Vignobles &amp; Compagnie","robots":{"index":"index","follow":"follow","max-snippet":"max-snippet:-1","max-image-preview":"max-image-preview:large","max-video-preview":"max-video-preview:-1"},"canonical":"https:\/\/boutique.vignoblescompagnie.com\/home\/produit\/ferdinand-labarthe-vin-de-france-chardonnay-blanc-2024\/","og_locale":"fr_FR","og_type":"article","og_title":"FERDINAND LABARTHE - Vin de France Chardonnay blanc 2024 - Vignobles &amp; Compagnie","og_description":"Subtil, Opulent  L\u2019expression d\u2019une passion intemporelle.  Depuis le XIXe si\u00e8cle, la famille Labarthe cultive la passion du vin. Ferdinand Labarthe est l\u2019h\u00e9ritier d\u2019un savoir \u2013 faire traditionnel.  Chaque vin de la gamme est le reflet d\u2019une vision : allier finesse et \u00e9quilibre pour r\u00e9v\u00e9ler la quintessence du c\u00e9page.\u00a0Inspir\u00e9es des techniques de vinification les plus nobles, ces cuv\u00e9es expriment des pratiques artisanales et une authenticit\u00e9 qui s\u00e9duisent les amateurs de grands vins.  Le Chardonnay poss\u00e8de cette gourmandise naturelle qui le rend propice \u00e0 toutes les occasions, autant \u00e0 un d\u00eener raffin\u00e9 qu\u2019\u00e0 un moment plus simple. Il s\u2019adresse \u00e0 ceux qui aiment les vins authentiques avec de la personnalit\u00e9. C\u00e9pages et Blends, Occasions casual, Vins frais FERDINAND LABARTHE - Vin de France Chardonnay blanc 2024 Engag\u00e9s depuis 1963 , Vignobles &amp; Compagnie","og_url":"https:\/\/boutique.vignoblescompagnie.com\/home\/produit\/ferdinand-labarthe-vin-de-france-chardonnay-blanc-2024\/","og_site_name":"Vignobles &amp; Compagnie","article_publisher":"https:\/\/www.facebook.com\/Vignobles-Compagnie-1936655449884246\/","article_modified_time":"2025-08-21T09:44:04+00:00","og_image":[{"width":1200,"height":1300,"url":"https:\/\/boutique.vignoblescompagnie.com\/wp-content\/uploads\/2025\/03\/BT-FERDINAND-LABARTHE-VIN-DE-FRANCE-CHARDONNAY.webp","type":"image\/webp"}],"twitter_card":"summary_large_image","twitter_misc":{"Dur\u00e9e de lecture estim\u00e9e":"1 minute"},"schema":{"@context":"https:\/\/schema.org","@graph":[{"@type":"WebPage","@id":"https:\/\/boutique.vignoblescompagnie.com\/home\/produit\/ferdinand-labarthe-vin-de-france-chardonnay-blanc-2024\/","url":"https:\/\/boutique.vignoblescompagnie.com\/home\/produit\/ferdinand-labarthe-vin-de-france-chardonnay-blanc-2024\/","name":"FERDINAND LABARTHE - Vin de France Chardonnay blanc 2024 - Vignobles &amp; Compagnie","isPartOf":{"@id":"https:\/\/boutique.vignoblescompagnie.com\/home\/#website"},"primaryImageOfPage":{"@id":"https:\/\/boutique.vignoblescompagnie.com\/home\/produit\/ferdinand-labarthe-vin-de-france-chardonnay-blanc-2024\/#primaryimage"},"image":{"@id":"https:\/\/boutique.vignoblescompagnie.com\/home\/produit\/ferdinand-labarthe-vin-de-france-chardonnay-blanc-2024\/#primaryimage"},"thumbnailUrl":"https:\/\/boutique.vignoblescompagnie.com\/wp-content\/uploads\/2025\/03\/BT-FERDINAND-LABARTHE-VIN-DE-FRANCE-CHARDONNAY.webp","datePublished":"2025-03-27T11:01:59+00:00","dateModified":"2025-08-21T09:44:04+00:00","description":"Subtil, Opulent L\u2019expression d\u2019une passion intemporelle. Depuis le XIXe si\u00e8cle, la famille Labarthe cultive la passion du vin. Ferdinand Labarthe est l\u2019h\u00e9ritier d\u2019un savoir \u2013 faire traditionnel. Chaque vin de la gamme est le reflet d\u2019une vision : allier finesse et \u00e9quilibre pour r\u00e9v\u00e9ler la quintessence du c\u00e9page.\u00a0Inspir\u00e9es des techniques de vinification les plus nobles, ces cuv\u00e9es expriment des pratiques artisanales et une authenticit\u00e9 qui s\u00e9duisent les amateurs de grands vins. Le Chardonnay poss\u00e8de cette gourmandise naturelle qui le rend propice \u00e0 toutes les occasions, autant \u00e0 un d\u00eener raffin\u00e9 qu\u2019\u00e0 un moment plus simple. Il s\u2019adresse \u00e0 ceux qui aiment les vins authentiques avec de la personnalit\u00e9. C\u00e9pages et Blends, Occasions casual, Vins frais FERDINAND LABARTHE - Vin de France Chardonnay blanc 2024 Engag\u00e9s depuis 1963 , Vignobles &amp; Compagnie","breadcrumb":{"@id":"https:\/\/boutique.vignoblescompagnie.com\/home\/produit\/ferdinand-labarthe-vin-de-france-chardonnay-blanc-2024\/#breadcrumb"},"inLanguage":"fr-FR","potentialAction":[{"@type":"ReadAction","target":["https:\/\/boutique.vignoblescompagnie.com\/home\/produit\/ferdinand-labarthe-vin-de-france-chardonnay-blanc-2024\/"]}]},{"@type":"ImageObject","inLanguage":"fr-FR","@id":"https:\/\/boutique.vignoblescompagnie.com\/home\/produit\/ferdinand-labarthe-vin-de-france-chardonnay-blanc-2024\/#primaryimage","url":"https:\/\/boutique.vignoblescompagnie.com\/wp-content\/uploads\/2025\/03\/BT-FERDINAND-LABARTHE-VIN-DE-FRANCE-CHARDONNAY.webp","contentUrl":"https:\/\/boutique.vignoblescompagnie.com\/wp-content\/uploads\/2025\/03\/BT-FERDINAND-LABARTHE-VIN-DE-FRANCE-CHARDONNAY.webp","width":1200,"height":1300,"caption":"FERDINAND LABARTHE - Vin de France Chardonnay blanc 2024"},{"@type":"BreadcrumbList","@id":"https:\/\/boutique.vignoblescompagnie.com\/home\/produit\/ferdinand-labarthe-vin-de-france-chardonnay-blanc-2024\/#breadcrumb","itemListElement":[{"@type":"ListItem","position":1,"name":"Home","item":"https:\/\/boutique.vignoblescompagnie.com\/home\/"},{"@type":"ListItem","position":2,"name":"Boutique","item":"https:\/\/boutique.vignoblescompagnie.com\/home\/shop\/"},{"@type":"ListItem","position":3,"name":"FERDINAND LABARTHE &#8211; Vin de France Chardonnay blanc 2024"}]},{"@type":"WebSite","@id":"https:\/\/boutique.vignoblescompagnie.com\/home\/#website","url":"https:\/\/boutique.vignoblescompagnie.com\/home\/","name":"Vignobles &amp; Compagnie","description":"Engag\u00e9s depuis 1963","publisher":{"@id":"https:\/\/boutique.vignoblescompagnie.com\/home\/#organization"},"potentialAction":[{"@type":"SearchAction","target":{"@type":"EntryPoint","urlTemplate":"https:\/\/boutique.vignoblescompagnie.com\/home\/?s={search_term_string}"},"query-input":{"@type":"PropertyValueSpecification","valueRequired":true,"valueName":"search_term_string"}}],"inLanguage":"fr-FR"},{"@type":"Organization","@id":"https:\/\/boutique.vignoblescompagnie.com\/home\/#organization","name":"Vignobles&Compagnie","url":"https:\/\/boutique.vignoblescompagnie.com\/home\/","logo":{"@type":"ImageObject","inLanguage":"fr-FR","@id":"https:\/\/boutique.vignoblescompagnie.com\/home\/#\/schema\/logo\/image\/","url":"","contentUrl":"","caption":"Vignobles&Compagnie"},"image":{"@id":"https:\/\/boutique.vignoblescompagnie.com\/home\/#\/schema\/logo\/image\/"},"sameAs":["https:\/\/www.facebook.com\/Vignobles-Compagnie-1936655449884246\/","https:\/\/www.instagram.com\/vignoblescompagnie_rhone\/?hl=fr","https:\/\/www.linkedin.com\/company-beta\/16238931\/","https:\/\/www.youtube.com\/channel\/UCG_Dbr-g9ZLVmr2sX-tTO9g"]}]}},"_links":{"self":[{"href":"https:\/\/boutique.vignoblescompagnie.com\/home\/wp-json\/wp\/v2\/product\/58569","targetHints":{"allow":["GET"]}}],"collection":[{"href":"https:\/\/boutique.vignoblescompagnie.com\/home\/wp-json\/wp\/v2\/product"}],"about":[{"href":"https:\/\/boutique.vignoblescompagnie.com\/home\/wp-json\/wp\/v2\/types\/product"}],"replies":[{"embeddable":true,"href":"https:\/\/boutique.vignoblescompagnie.com\/home\/wp-json\/wp\/v2\/comments?post=58569"}],"wp:featuredmedia":[{"embeddable":true,"href":"https:\/\/boutique.vignoblescompagnie.com\/home\/wp-json\/wp\/v2\/media\/58565"}],"wp:attachment":[{"href":"https:\/\/boutique.vignoblescompagnie.com\/home\/wp-json\/wp\/v2\/media?parent=58569"}],"wp:term":[{"taxonomy":"product_brand","embeddable":true,"href":"https:\/\/boutique.vignoblescompagnie.com\/home\/wp-json\/wp\/v2\/product_brand?post=58569"},{"taxonomy":"product_cat","embeddable":true,"href":"https:\/\/boutique.vignoblescompagnie.com\/home\/wp-json\/wp\/v2\/product_cat?post=58569"},{"taxonomy":"product_tag","embeddable":true,"href":"https:\/\/boutique.vignoblescompagnie.com\/home\/wp-json\/wp\/v2\/product_tag?post=58569"}],"curies":[{"name":"wp","href":"https:\/\/api.w.org\/{rel}","templated":true}]}}