{"id":58561,"date":"2025-03-27T11:56:07","date_gmt":"2025-03-27T09:56:07","guid":{"rendered":"https:\/\/boutique.vignoblescompagnie.com\/?post_type=product&#038;p=58561"},"modified":"2025-08-21T12:19:11","modified_gmt":"2025-08-21T10:19:11","slug":"voiturette-vin-de-france-grenache-rose-2024","status":"publish","type":"product","link":"https:\/\/boutique.vignoblescompagnie.com\/home\/produit\/voiturette-vin-de-france-grenache-rose-2024\/","title":{"rendered":"VOITURETTE &#8211; Vin de France Grenache ros\u00e9 2024"},"content":{"rendered":"<p><strong>CEPAGES<\/strong><\/p>\n<p>Grenache<\/p>\n<p><strong>TERROIR<\/strong><\/p>\n<p>Galets roul\u00e9s.<\/p>\n<p><strong>VINIFICATION<\/strong><\/p>\n<p>Mac\u00e9ration pelliculaire. Pressurage.<\/p>\n<p><strong>DEGUSTATION<\/strong><\/p>\n<p>Robe p\u00e2le \u00e9glantine. Frais &amp; fruit\u00e9. Ar\u00f4mes de fruits rouges, fruits exotiques et bonbons anglais.<\/p>\n<p><strong>ACCORDS METS ET VIN<\/strong><\/p>\n<p>\u2022 Ap\u00e9ritif<br \/>\n\u2022 Tartes et salade m\u00e9diterran\u00e9ennes<br \/>\n\u2022 Pizza quatre saisons<\/p>\n<p><span style=\"color: #e58625;\"><strong>INFORMEZ-VOUS<\/strong><\/span><\/p>\n<p><a href=\"https:\/\/vincod.com\/n\/67b6f9287b00b\/qredn\">INGREDIENTS &amp; DECLARATION NUTRITIONNELLE<\/a><\/p>\n<p>&nbsp;<\/p>\n<p>&nbsp;<\/p>\n<p><strong>En recherche d&#8217;une cuv\u00e9e FRAIS &amp; FRUITE ?\u00a0<\/strong><\/p>\n<p><a href=\"\/?p=58534\">POLAR WALK &#8211; Vin de France rouge 2024 &#8211; Vignobles &amp; Compagnie<\/a><\/p>\n<p><em><strong>D\u00e9couvrez notre collection\u00a0<\/strong><\/em><\/p>\n<p><a href=\"https:\/\/www.vignoblescompagnie.com\/collections\/tendances\/\">Tendances &#8211; Vignobles &amp; Compagnie<\/a><\/p>\n<p>&nbsp;<\/p>\n","protected":false},"excerpt":{"rendered":"<p><strong>L\u00e9ger, Fruit\u00e9, Frais<\/strong><\/p>\n<p>Voiturette festive !<\/p>\n<p>Voiturette vous guidera en toute l\u00e9g\u00e8ret\u00e9 en simplicit\u00e9 \u00e0 la d\u00e9couverte du Grenache ros\u00e9, un vin d\u00e9compl\u00e9x\u00e9.<\/p>\n<p>Une voiturette s\u00fbre pour une balade amusante.<\/p>\n","protected":false},"featured_media":58554,"comment_status":"open","ping_status":"closed","template":"","meta":[],"product_brand":[],"product_cat":[1263,1447,1443,1440],"product_tag":[],"class_list":{"0":"post-58561","1":"product","2":"type-product","3":"status-publish","4":"has-post-thumbnail","6":"product_cat-cepages-et-blends","7":"product_cat-nouveautes","8":"product_cat-occasions-festives","9":"product_cat-vins-frais","10":"pa_accord-aperitif","11":"pa_accord-cuisine-mediterraneenne","12":"pa_accord-plats-modernes","15":"first","16":"instock","17":"taxable","18":"shipping-taxable","19":"purchasable","20":"product-type-simple"},"yoast_head":"<!-- This site is optimized with the Yoast SEO plugin v25.9 - https:\/\/yoast.com\/wordpress\/plugins\/seo\/ -->\n<title>VOITURETTE - Vin de France Grenache ros\u00e9 2024 - Vignobles &amp; Compagnie<\/title>\n<meta name=\"description\" content=\"L\u00e9ger, Fruit\u00e9, Frais  Voiturette festive !  Voiturette vous guidera en toute l\u00e9g\u00e8ret\u00e9 en simplicit\u00e9 \u00e0 la d\u00e9couverte du Grenache ros\u00e9, un vin d\u00e9compl\u00e9x\u00e9.  Une voiturette s\u00fbre pour une balade amusante. C\u00e9pages et Blends, Nouveaut\u00e9s, Occasions festives, Vins frais VOITURETTE - Vin de France Grenache ros\u00e9 2024 Engag\u00e9s depuis 1963 , Vignobles &amp; Compagnie\" \/>\n<meta name=\"robots\" content=\"index, follow, max-snippet:-1, max-image-preview:large, max-video-preview:-1\" \/>\n<link rel=\"canonical\" href=\"https:\/\/boutique.vignoblescompagnie.com\/home\/produit\/voiturette-vin-de-france-grenache-rose-2024\/\" \/>\n<meta property=\"og:locale\" content=\"fr_FR\" \/>\n<meta property=\"og:type\" content=\"article\" \/>\n<meta property=\"og:title\" content=\"VOITURETTE - Vin de France Grenache ros\u00e9 2024 - Vignobles &amp; Compagnie\" \/>\n<meta property=\"og:description\" content=\"L\u00e9ger, Fruit\u00e9, Frais  Voiturette festive !  Voiturette vous guidera en toute l\u00e9g\u00e8ret\u00e9 en simplicit\u00e9 \u00e0 la d\u00e9couverte du Grenache ros\u00e9, un vin d\u00e9compl\u00e9x\u00e9.  Une voiturette s\u00fbre pour une balade amusante. C\u00e9pages et Blends, Nouveaut\u00e9s, Occasions festives, Vins frais VOITURETTE - Vin de France Grenache ros\u00e9 2024 Engag\u00e9s depuis 1963 , Vignobles &amp; Compagnie\" \/>\n<meta property=\"og:url\" content=\"https:\/\/boutique.vignoblescompagnie.com\/home\/produit\/voiturette-vin-de-france-grenache-rose-2024\/\" \/>\n<meta property=\"og:site_name\" content=\"Vignobles &amp; Compagnie\" \/>\n<meta property=\"article:publisher\" content=\"https:\/\/www.facebook.com\/Vignobles-Compagnie-1936655449884246\/\" \/>\n<meta property=\"article:modified_time\" content=\"2025-08-21T10:19:11+00:00\" \/>\n<meta property=\"og:image\" content=\"https:\/\/boutique.vignoblescompagnie.com\/wp-content\/uploads\/2025\/03\/BT-VOITURETTE-VIN-DE-FRANCE-GRENACHE.webp\" \/>\n\t<meta property=\"og:image:width\" content=\"1200\" \/>\n\t<meta property=\"og:image:height\" content=\"1300\" \/>\n\t<meta property=\"og:image:type\" content=\"image\/webp\" \/>\n<meta name=\"twitter:card\" content=\"summary_large_image\" \/>\n<meta name=\"twitter:label1\" content=\"Dur\u00e9e de lecture estim\u00e9e\" \/>\n\t<meta name=\"twitter:data1\" content=\"1 minute\" \/>\n<script type=\"application\/ld+json\" class=\"yoast-schema-graph\">{\"@context\":\"https:\/\/schema.org\",\"@graph\":[{\"@type\":\"WebPage\",\"@id\":\"https:\/\/boutique.vignoblescompagnie.com\/home\/produit\/voiturette-vin-de-france-grenache-rose-2024\/\",\"url\":\"https:\/\/boutique.vignoblescompagnie.com\/home\/produit\/voiturette-vin-de-france-grenache-rose-2024\/\",\"name\":\"VOITURETTE - Vin de France Grenache ros\u00e9 2024 - Vignobles &amp; Compagnie\",\"isPartOf\":{\"@id\":\"https:\/\/boutique.vignoblescompagnie.com\/home\/#website\"},\"primaryImageOfPage\":{\"@id\":\"https:\/\/boutique.vignoblescompagnie.com\/home\/produit\/voiturette-vin-de-france-grenache-rose-2024\/#primaryimage\"},\"image\":{\"@id\":\"https:\/\/boutique.vignoblescompagnie.com\/home\/produit\/voiturette-vin-de-france-grenache-rose-2024\/#primaryimage\"},\"thumbnailUrl\":\"https:\/\/boutique.vignoblescompagnie.com\/wp-content\/uploads\/2025\/03\/BT-VOITURETTE-VIN-DE-FRANCE-GRENACHE.webp\",\"datePublished\":\"2025-03-27T09:56:07+00:00\",\"dateModified\":\"2025-08-21T10:19:11+00:00\",\"description\":\"L\u00e9ger, Fruit\u00e9, Frais Voiturette festive ! Voiturette vous guidera en toute l\u00e9g\u00e8ret\u00e9 en simplicit\u00e9 \u00e0 la d\u00e9couverte du Grenache ros\u00e9, un vin d\u00e9compl\u00e9x\u00e9. Une voiturette s\u00fbre pour une balade amusante. C\u00e9pages et Blends, Nouveaut\u00e9s, Occasions festives, Vins frais VOITURETTE - Vin de France Grenache ros\u00e9 2024 Engag\u00e9s depuis 1963 , Vignobles &amp; Compagnie\",\"breadcrumb\":{\"@id\":\"https:\/\/boutique.vignoblescompagnie.com\/home\/produit\/voiturette-vin-de-france-grenache-rose-2024\/#breadcrumb\"},\"inLanguage\":\"fr-FR\",\"potentialAction\":[{\"@type\":\"ReadAction\",\"target\":[\"https:\/\/boutique.vignoblescompagnie.com\/home\/produit\/voiturette-vin-de-france-grenache-rose-2024\/\"]}]},{\"@type\":\"ImageObject\",\"inLanguage\":\"fr-FR\",\"@id\":\"https:\/\/boutique.vignoblescompagnie.com\/home\/produit\/voiturette-vin-de-france-grenache-rose-2024\/#primaryimage\",\"url\":\"https:\/\/boutique.vignoblescompagnie.com\/wp-content\/uploads\/2025\/03\/BT-VOITURETTE-VIN-DE-FRANCE-GRENACHE.webp\",\"contentUrl\":\"https:\/\/boutique.vignoblescompagnie.com\/wp-content\/uploads\/2025\/03\/BT-VOITURETTE-VIN-DE-FRANCE-GRENACHE.webp\",\"width\":1200,\"height\":1300,\"caption\":\"VOITURETTE - Vin de France Grenache ros\u00e9 2024\"},{\"@type\":\"BreadcrumbList\",\"@id\":\"https:\/\/boutique.vignoblescompagnie.com\/home\/produit\/voiturette-vin-de-france-grenache-rose-2024\/#breadcrumb\",\"itemListElement\":[{\"@type\":\"ListItem\",\"position\":1,\"name\":\"Home\",\"item\":\"https:\/\/boutique.vignoblescompagnie.com\/home\/\"},{\"@type\":\"ListItem\",\"position\":2,\"name\":\"Boutique\",\"item\":\"https:\/\/boutique.vignoblescompagnie.com\/home\/shop\/\"},{\"@type\":\"ListItem\",\"position\":3,\"name\":\"VOITURETTE &#8211; Vin de France Grenache ros\u00e9 2024\"}]},{\"@type\":\"WebSite\",\"@id\":\"https:\/\/boutique.vignoblescompagnie.com\/home\/#website\",\"url\":\"https:\/\/boutique.vignoblescompagnie.com\/home\/\",\"name\":\"Vignobles &amp; Compagnie\",\"description\":\"Engag\u00e9s depuis 1963\",\"publisher\":{\"@id\":\"https:\/\/boutique.vignoblescompagnie.com\/home\/#organization\"},\"potentialAction\":[{\"@type\":\"SearchAction\",\"target\":{\"@type\":\"EntryPoint\",\"urlTemplate\":\"https:\/\/boutique.vignoblescompagnie.com\/home\/?s={search_term_string}\"},\"query-input\":{\"@type\":\"PropertyValueSpecification\",\"valueRequired\":true,\"valueName\":\"search_term_string\"}}],\"inLanguage\":\"fr-FR\"},{\"@type\":\"Organization\",\"@id\":\"https:\/\/boutique.vignoblescompagnie.com\/home\/#organization\",\"name\":\"Vignobles&Compagnie\",\"url\":\"https:\/\/boutique.vignoblescompagnie.com\/home\/\",\"logo\":{\"@type\":\"ImageObject\",\"inLanguage\":\"fr-FR\",\"@id\":\"https:\/\/boutique.vignoblescompagnie.com\/home\/#\/schema\/logo\/image\/\",\"url\":\"\",\"contentUrl\":\"\",\"caption\":\"Vignobles&Compagnie\"},\"image\":{\"@id\":\"https:\/\/boutique.vignoblescompagnie.com\/home\/#\/schema\/logo\/image\/\"},\"sameAs\":[\"https:\/\/www.facebook.com\/Vignobles-Compagnie-1936655449884246\/\",\"https:\/\/www.instagram.com\/vignoblescompagnie_rhone\/?hl=fr\",\"https:\/\/www.linkedin.com\/company-beta\/16238931\/\",\"https:\/\/www.youtube.com\/channel\/UCG_Dbr-g9ZLVmr2sX-tTO9g\"]}]}<\/script>\n<!-- \/ Yoast SEO plugin. -->","yoast_head_json":{"title":"VOITURETTE - Vin de France Grenache ros\u00e9 2024 - Vignobles &amp; Compagnie","description":"L\u00e9ger, Fruit\u00e9, Frais  Voiturette festive !  Voiturette vous guidera en toute l\u00e9g\u00e8ret\u00e9 en simplicit\u00e9 \u00e0 la d\u00e9couverte du Grenache ros\u00e9, un vin d\u00e9compl\u00e9x\u00e9.  Une voiturette s\u00fbre pour une balade amusante. C\u00e9pages et Blends, Nouveaut\u00e9s, Occasions festives, Vins frais VOITURETTE - Vin de France Grenache ros\u00e9 2024 Engag\u00e9s depuis 1963 , Vignobles &amp; Compagnie","robots":{"index":"index","follow":"follow","max-snippet":"max-snippet:-1","max-image-preview":"max-image-preview:large","max-video-preview":"max-video-preview:-1"},"canonical":"https:\/\/boutique.vignoblescompagnie.com\/home\/produit\/voiturette-vin-de-france-grenache-rose-2024\/","og_locale":"fr_FR","og_type":"article","og_title":"VOITURETTE - Vin de France Grenache ros\u00e9 2024 - Vignobles &amp; Compagnie","og_description":"L\u00e9ger, Fruit\u00e9, Frais  Voiturette festive !  Voiturette vous guidera en toute l\u00e9g\u00e8ret\u00e9 en simplicit\u00e9 \u00e0 la d\u00e9couverte du Grenache ros\u00e9, un vin d\u00e9compl\u00e9x\u00e9.  Une voiturette s\u00fbre pour une balade amusante. C\u00e9pages et Blends, Nouveaut\u00e9s, Occasions festives, Vins frais VOITURETTE - Vin de France Grenache ros\u00e9 2024 Engag\u00e9s depuis 1963 , Vignobles &amp; Compagnie","og_url":"https:\/\/boutique.vignoblescompagnie.com\/home\/produit\/voiturette-vin-de-france-grenache-rose-2024\/","og_site_name":"Vignobles &amp; Compagnie","article_publisher":"https:\/\/www.facebook.com\/Vignobles-Compagnie-1936655449884246\/","article_modified_time":"2025-08-21T10:19:11+00:00","og_image":[{"width":1200,"height":1300,"url":"https:\/\/boutique.vignoblescompagnie.com\/wp-content\/uploads\/2025\/03\/BT-VOITURETTE-VIN-DE-FRANCE-GRENACHE.webp","type":"image\/webp"}],"twitter_card":"summary_large_image","twitter_misc":{"Dur\u00e9e de lecture estim\u00e9e":"1 minute"},"schema":{"@context":"https:\/\/schema.org","@graph":[{"@type":"WebPage","@id":"https:\/\/boutique.vignoblescompagnie.com\/home\/produit\/voiturette-vin-de-france-grenache-rose-2024\/","url":"https:\/\/boutique.vignoblescompagnie.com\/home\/produit\/voiturette-vin-de-france-grenache-rose-2024\/","name":"VOITURETTE - Vin de France Grenache ros\u00e9 2024 - Vignobles &amp; Compagnie","isPartOf":{"@id":"https:\/\/boutique.vignoblescompagnie.com\/home\/#website"},"primaryImageOfPage":{"@id":"https:\/\/boutique.vignoblescompagnie.com\/home\/produit\/voiturette-vin-de-france-grenache-rose-2024\/#primaryimage"},"image":{"@id":"https:\/\/boutique.vignoblescompagnie.com\/home\/produit\/voiturette-vin-de-france-grenache-rose-2024\/#primaryimage"},"thumbnailUrl":"https:\/\/boutique.vignoblescompagnie.com\/wp-content\/uploads\/2025\/03\/BT-VOITURETTE-VIN-DE-FRANCE-GRENACHE.webp","datePublished":"2025-03-27T09:56:07+00:00","dateModified":"2025-08-21T10:19:11+00:00","description":"L\u00e9ger, Fruit\u00e9, Frais Voiturette festive ! Voiturette vous guidera en toute l\u00e9g\u00e8ret\u00e9 en simplicit\u00e9 \u00e0 la d\u00e9couverte du Grenache ros\u00e9, un vin d\u00e9compl\u00e9x\u00e9. Une voiturette s\u00fbre pour une balade amusante. C\u00e9pages et Blends, Nouveaut\u00e9s, Occasions festives, Vins frais VOITURETTE - Vin de France Grenache ros\u00e9 2024 Engag\u00e9s depuis 1963 , Vignobles &amp; Compagnie","breadcrumb":{"@id":"https:\/\/boutique.vignoblescompagnie.com\/home\/produit\/voiturette-vin-de-france-grenache-rose-2024\/#breadcrumb"},"inLanguage":"fr-FR","potentialAction":[{"@type":"ReadAction","target":["https:\/\/boutique.vignoblescompagnie.com\/home\/produit\/voiturette-vin-de-france-grenache-rose-2024\/"]}]},{"@type":"ImageObject","inLanguage":"fr-FR","@id":"https:\/\/boutique.vignoblescompagnie.com\/home\/produit\/voiturette-vin-de-france-grenache-rose-2024\/#primaryimage","url":"https:\/\/boutique.vignoblescompagnie.com\/wp-content\/uploads\/2025\/03\/BT-VOITURETTE-VIN-DE-FRANCE-GRENACHE.webp","contentUrl":"https:\/\/boutique.vignoblescompagnie.com\/wp-content\/uploads\/2025\/03\/BT-VOITURETTE-VIN-DE-FRANCE-GRENACHE.webp","width":1200,"height":1300,"caption":"VOITURETTE - Vin de France Grenache ros\u00e9 2024"},{"@type":"BreadcrumbList","@id":"https:\/\/boutique.vignoblescompagnie.com\/home\/produit\/voiturette-vin-de-france-grenache-rose-2024\/#breadcrumb","itemListElement":[{"@type":"ListItem","position":1,"name":"Home","item":"https:\/\/boutique.vignoblescompagnie.com\/home\/"},{"@type":"ListItem","position":2,"name":"Boutique","item":"https:\/\/boutique.vignoblescompagnie.com\/home\/shop\/"},{"@type":"ListItem","position":3,"name":"VOITURETTE &#8211; Vin de France Grenache ros\u00e9 2024"}]},{"@type":"WebSite","@id":"https:\/\/boutique.vignoblescompagnie.com\/home\/#website","url":"https:\/\/boutique.vignoblescompagnie.com\/home\/","name":"Vignobles &amp; Compagnie","description":"Engag\u00e9s depuis 1963","publisher":{"@id":"https:\/\/boutique.vignoblescompagnie.com\/home\/#organization"},"potentialAction":[{"@type":"SearchAction","target":{"@type":"EntryPoint","urlTemplate":"https:\/\/boutique.vignoblescompagnie.com\/home\/?s={search_term_string}"},"query-input":{"@type":"PropertyValueSpecification","valueRequired":true,"valueName":"search_term_string"}}],"inLanguage":"fr-FR"},{"@type":"Organization","@id":"https:\/\/boutique.vignoblescompagnie.com\/home\/#organization","name":"Vignobles&Compagnie","url":"https:\/\/boutique.vignoblescompagnie.com\/home\/","logo":{"@type":"ImageObject","inLanguage":"fr-FR","@id":"https:\/\/boutique.vignoblescompagnie.com\/home\/#\/schema\/logo\/image\/","url":"","contentUrl":"","caption":"Vignobles&Compagnie"},"image":{"@id":"https:\/\/boutique.vignoblescompagnie.com\/home\/#\/schema\/logo\/image\/"},"sameAs":["https:\/\/www.facebook.com\/Vignobles-Compagnie-1936655449884246\/","https:\/\/www.instagram.com\/vignoblescompagnie_rhone\/?hl=fr","https:\/\/www.linkedin.com\/company-beta\/16238931\/","https:\/\/www.youtube.com\/channel\/UCG_Dbr-g9ZLVmr2sX-tTO9g"]}]}},"_links":{"self":[{"href":"https:\/\/boutique.vignoblescompagnie.com\/home\/wp-json\/wp\/v2\/product\/58561","targetHints":{"allow":["GET"]}}],"collection":[{"href":"https:\/\/boutique.vignoblescompagnie.com\/home\/wp-json\/wp\/v2\/product"}],"about":[{"href":"https:\/\/boutique.vignoblescompagnie.com\/home\/wp-json\/wp\/v2\/types\/product"}],"replies":[{"embeddable":true,"href":"https:\/\/boutique.vignoblescompagnie.com\/home\/wp-json\/wp\/v2\/comments?post=58561"}],"wp:featuredmedia":[{"embeddable":true,"href":"https:\/\/boutique.vignoblescompagnie.com\/home\/wp-json\/wp\/v2\/media\/58554"}],"wp:attachment":[{"href":"https:\/\/boutique.vignoblescompagnie.com\/home\/wp-json\/wp\/v2\/media?parent=58561"}],"wp:term":[{"taxonomy":"product_brand","embeddable":true,"href":"https:\/\/boutique.vignoblescompagnie.com\/home\/wp-json\/wp\/v2\/product_brand?post=58561"},{"taxonomy":"product_cat","embeddable":true,"href":"https:\/\/boutique.vignoblescompagnie.com\/home\/wp-json\/wp\/v2\/product_cat?post=58561"},{"taxonomy":"product_tag","embeddable":true,"href":"https:\/\/boutique.vignoblescompagnie.com\/home\/wp-json\/wp\/v2\/product_tag?post=58561"}],"curies":[{"name":"wp","href":"https:\/\/api.w.org\/{rel}","templated":true}]}}