{"id":58534,"date":"2025-03-26T19:37:32","date_gmt":"2025-03-26T17:37:32","guid":{"rendered":"https:\/\/boutique.vignoblescompagnie.com\/?post_type=product&#038;p=58534"},"modified":"2025-08-21T16:31:58","modified_gmt":"2025-08-21T14:31:58","slug":"polar-walk-vin-de-france-rouge-2024","status":"publish","type":"product","link":"https:\/\/boutique.vignoblescompagnie.com\/home\/produit\/polar-walk-vin-de-france-rouge-2024\/","title":{"rendered":"POLAR WALK &#8211; Vin de France rouge 2024"},"content":{"rendered":"<p><strong>CEPAGES<\/strong><\/p>\n<p>Grenache, Syrah, Marselan<\/p>\n<p><strong>TERROIR<\/strong><\/p>\n<p>Terroirs tardifs<\/p>\n<p><strong>VINIFICATION<\/strong><\/p>\n<p>Vinification traditionnelle. Cuvaison courte sur une partie de l&#8217;assemblage.<\/p>\n<p><strong>DEGUSTATION<\/strong><\/p>\n<p>Couleur rouge violac\u00e9 peu prononc\u00e9. Ar\u00f4mes de fruits rouges (fraise, framboise). Tanins fins, ar\u00f4mes de fruits rouges frais, gourmand, \u00e9pices.<\/p>\n<p><strong>ACCORDS METS ET VIN<\/strong><\/p>\n<p>\u2022 Ap\u00e9ritif<br \/>\n\u2022 Poisson<br \/>\n\u2022 Volaille<\/p>\n<p><span style=\"color: #e58625;\"><strong>INFORMEZ-VOUS<\/strong><\/span><\/p>\n<p><a href=\"https:\/\/vincod.com\/n\/67974a14072db\/qredn\">INGREDIENTS &amp; DECLARATION NUTRITIONNELLE<\/a><\/p>\n<p>&nbsp;<\/p>\n<p>&nbsp;<\/p>\n<p><strong>En recherche d&#8217;une cuv\u00e9e FRAIS &amp; FRUITE ?\u00a0<\/strong><\/p>\n<p><a href=\"\/?p=58561\">VOITURETTE &#8211; Vin de France Grenache ros\u00e9 2024 &#8211; Vignobles &amp; Compagnie<\/a><\/p>\n<p><em><strong>D\u00e9couvrez notre collection\u00a0<\/strong><\/em><\/p>\n<p><a href=\"https:\/\/www.vignoblescompagnie.com\/collections\/tendances\/\">Tendances &#8211; Vignobles &amp; Compagnie<\/a><\/p>\n<p>&nbsp;<\/p>\n","protected":false},"excerpt":{"rendered":"<p><strong>Fin, Polaire, Gourmet<\/strong><\/p>\n<p>Une marche dans le froid polaire.<\/p>\n<p>Imaginez une marche dans un paysage glac\u00e9, o\u00f9 chaque pas \u00e9veille les sens.<\/p>\n<p>Polar Walk capture cette sensation, il sublime chaque instant partag\u00e9, qu\u2019il soit estival ou hivernal.<\/p>\n<p>Un vin rouge, \u00e0 savourer frais.<\/p>\n","protected":false},"featured_media":58545,"comment_status":"open","ping_status":"closed","template":"","meta":[],"product_brand":[],"product_cat":[1263,1443,1440],"product_tag":[],"class_list":{"0":"post-58534","1":"product","2":"type-product","3":"status-publish","4":"has-post-thumbnail","6":"product_cat-cepages-et-blends","7":"product_cat-occasions-festives","8":"product_cat-vins-frais","9":"pa_accord-aperitif","10":"pa_accord-plats-exotiques","11":"pa_accord-poissons","12":"pa_accord-volailles","15":"first","16":"instock","17":"taxable","18":"shipping-taxable","19":"purchasable","20":"product-type-simple"},"yoast_head":"<!-- This site is optimized with the Yoast SEO plugin v25.9 - https:\/\/yoast.com\/wordpress\/plugins\/seo\/ -->\n<title>POLAR WALK - Vin de France rouge 2024 - Vignobles &amp; Compagnie<\/title>\n<meta name=\"description\" content=\"Fin, Polaire, Gourmet  Une marche dans le froid polaire.  Imaginez une marche dans un paysage glac\u00e9, o\u00f9 chaque pas \u00e9veille les sens.  Polar Walk capture cette sensation, il sublime chaque instant partag\u00e9, qu\u2019il soit estival ou hivernal.  Un vin rouge, \u00e0 savourer frais. C\u00e9pages et Blends, Occasions festives, Vins frais POLAR WALK - Vin de France rouge 2024 Engag\u00e9s depuis 1963 , Vignobles &amp; Compagnie\" \/>\n<meta name=\"robots\" content=\"index, follow, max-snippet:-1, max-image-preview:large, max-video-preview:-1\" \/>\n<link rel=\"canonical\" href=\"https:\/\/boutique.vignoblescompagnie.com\/home\/produit\/polar-walk-vin-de-france-rouge-2024\/\" \/>\n<meta property=\"og:locale\" content=\"fr_FR\" \/>\n<meta property=\"og:type\" content=\"article\" \/>\n<meta property=\"og:title\" content=\"POLAR WALK - Vin de France rouge 2024 - Vignobles &amp; Compagnie\" \/>\n<meta property=\"og:description\" content=\"Fin, Polaire, Gourmet  Une marche dans le froid polaire.  Imaginez une marche dans un paysage glac\u00e9, o\u00f9 chaque pas \u00e9veille les sens.  Polar Walk capture cette sensation, il sublime chaque instant partag\u00e9, qu\u2019il soit estival ou hivernal.  Un vin rouge, \u00e0 savourer frais. C\u00e9pages et Blends, Occasions festives, Vins frais POLAR WALK - Vin de France rouge 2024 Engag\u00e9s depuis 1963 , Vignobles &amp; Compagnie\" \/>\n<meta property=\"og:url\" content=\"https:\/\/boutique.vignoblescompagnie.com\/home\/produit\/polar-walk-vin-de-france-rouge-2024\/\" \/>\n<meta property=\"og:site_name\" content=\"Vignobles &amp; Compagnie\" \/>\n<meta property=\"article:publisher\" content=\"https:\/\/www.facebook.com\/Vignobles-Compagnie-1936655449884246\/\" \/>\n<meta property=\"article:modified_time\" content=\"2025-08-21T14:31:58+00:00\" \/>\n<meta property=\"og:image\" content=\"https:\/\/boutique.vignoblescompagnie.com\/wp-content\/uploads\/2025\/03\/BT-POLAR-WALK-VIN-DE-FRANCE-A-BOIRE-FRAIS-1.webp\" \/>\n\t<meta property=\"og:image:width\" content=\"1200\" \/>\n\t<meta property=\"og:image:height\" content=\"1300\" \/>\n\t<meta property=\"og:image:type\" content=\"image\/webp\" \/>\n<meta name=\"twitter:card\" content=\"summary_large_image\" \/>\n<meta name=\"twitter:label1\" content=\"Dur\u00e9e de lecture estim\u00e9e\" \/>\n\t<meta name=\"twitter:data1\" content=\"1 minute\" \/>\n<script type=\"application\/ld+json\" class=\"yoast-schema-graph\">{\"@context\":\"https:\/\/schema.org\",\"@graph\":[{\"@type\":\"WebPage\",\"@id\":\"https:\/\/boutique.vignoblescompagnie.com\/home\/produit\/polar-walk-vin-de-france-rouge-2024\/\",\"url\":\"https:\/\/boutique.vignoblescompagnie.com\/home\/produit\/polar-walk-vin-de-france-rouge-2024\/\",\"name\":\"POLAR WALK - Vin de France rouge 2024 - Vignobles &amp; Compagnie\",\"isPartOf\":{\"@id\":\"https:\/\/boutique.vignoblescompagnie.com\/home\/#website\"},\"primaryImageOfPage\":{\"@id\":\"https:\/\/boutique.vignoblescompagnie.com\/home\/produit\/polar-walk-vin-de-france-rouge-2024\/#primaryimage\"},\"image\":{\"@id\":\"https:\/\/boutique.vignoblescompagnie.com\/home\/produit\/polar-walk-vin-de-france-rouge-2024\/#primaryimage\"},\"thumbnailUrl\":\"https:\/\/boutique.vignoblescompagnie.com\/wp-content\/uploads\/2025\/03\/BT-POLAR-WALK-VIN-DE-FRANCE-A-BOIRE-FRAIS-1.webp\",\"datePublished\":\"2025-03-26T17:37:32+00:00\",\"dateModified\":\"2025-08-21T14:31:58+00:00\",\"description\":\"Fin, Polaire, Gourmet Une marche dans le froid polaire. Imaginez une marche dans un paysage glac\u00e9, o\u00f9 chaque pas \u00e9veille les sens. Polar Walk capture cette sensation, il sublime chaque instant partag\u00e9, qu\u2019il soit estival ou hivernal. Un vin rouge, \u00e0 savourer frais. C\u00e9pages et Blends, Occasions festives, Vins frais POLAR WALK - Vin de France rouge 2024 Engag\u00e9s depuis 1963 , Vignobles &amp; Compagnie\",\"breadcrumb\":{\"@id\":\"https:\/\/boutique.vignoblescompagnie.com\/home\/produit\/polar-walk-vin-de-france-rouge-2024\/#breadcrumb\"},\"inLanguage\":\"fr-FR\",\"potentialAction\":[{\"@type\":\"ReadAction\",\"target\":[\"https:\/\/boutique.vignoblescompagnie.com\/home\/produit\/polar-walk-vin-de-france-rouge-2024\/\"]}]},{\"@type\":\"ImageObject\",\"inLanguage\":\"fr-FR\",\"@id\":\"https:\/\/boutique.vignoblescompagnie.com\/home\/produit\/polar-walk-vin-de-france-rouge-2024\/#primaryimage\",\"url\":\"https:\/\/boutique.vignoblescompagnie.com\/wp-content\/uploads\/2025\/03\/BT-POLAR-WALK-VIN-DE-FRANCE-A-BOIRE-FRAIS-1.webp\",\"contentUrl\":\"https:\/\/boutique.vignoblescompagnie.com\/wp-content\/uploads\/2025\/03\/BT-POLAR-WALK-VIN-DE-FRANCE-A-BOIRE-FRAIS-1.webp\",\"width\":1200,\"height\":1300,\"caption\":\"POLAR WALK - Vin de France rouge 2024\"},{\"@type\":\"BreadcrumbList\",\"@id\":\"https:\/\/boutique.vignoblescompagnie.com\/home\/produit\/polar-walk-vin-de-france-rouge-2024\/#breadcrumb\",\"itemListElement\":[{\"@type\":\"ListItem\",\"position\":1,\"name\":\"Home\",\"item\":\"https:\/\/boutique.vignoblescompagnie.com\/home\/\"},{\"@type\":\"ListItem\",\"position\":2,\"name\":\"Boutique\",\"item\":\"https:\/\/boutique.vignoblescompagnie.com\/home\/shop\/\"},{\"@type\":\"ListItem\",\"position\":3,\"name\":\"POLAR WALK &#8211; Vin de France rouge 2024\"}]},{\"@type\":\"WebSite\",\"@id\":\"https:\/\/boutique.vignoblescompagnie.com\/home\/#website\",\"url\":\"https:\/\/boutique.vignoblescompagnie.com\/home\/\",\"name\":\"Vignobles &amp; Compagnie\",\"description\":\"Engag\u00e9s depuis 1963\",\"publisher\":{\"@id\":\"https:\/\/boutique.vignoblescompagnie.com\/home\/#organization\"},\"potentialAction\":[{\"@type\":\"SearchAction\",\"target\":{\"@type\":\"EntryPoint\",\"urlTemplate\":\"https:\/\/boutique.vignoblescompagnie.com\/home\/?s={search_term_string}\"},\"query-input\":{\"@type\":\"PropertyValueSpecification\",\"valueRequired\":true,\"valueName\":\"search_term_string\"}}],\"inLanguage\":\"fr-FR\"},{\"@type\":\"Organization\",\"@id\":\"https:\/\/boutique.vignoblescompagnie.com\/home\/#organization\",\"name\":\"Vignobles&Compagnie\",\"url\":\"https:\/\/boutique.vignoblescompagnie.com\/home\/\",\"logo\":{\"@type\":\"ImageObject\",\"inLanguage\":\"fr-FR\",\"@id\":\"https:\/\/boutique.vignoblescompagnie.com\/home\/#\/schema\/logo\/image\/\",\"url\":\"\",\"contentUrl\":\"\",\"caption\":\"Vignobles&Compagnie\"},\"image\":{\"@id\":\"https:\/\/boutique.vignoblescompagnie.com\/home\/#\/schema\/logo\/image\/\"},\"sameAs\":[\"https:\/\/www.facebook.com\/Vignobles-Compagnie-1936655449884246\/\",\"https:\/\/www.instagram.com\/vignoblescompagnie_rhone\/?hl=fr\",\"https:\/\/www.linkedin.com\/company-beta\/16238931\/\",\"https:\/\/www.youtube.com\/channel\/UCG_Dbr-g9ZLVmr2sX-tTO9g\"]}]}<\/script>\n<!-- \/ Yoast SEO plugin. -->","yoast_head_json":{"title":"POLAR WALK - Vin de France rouge 2024 - Vignobles &amp; Compagnie","description":"Fin, Polaire, Gourmet  Une marche dans le froid polaire.  Imaginez une marche dans un paysage glac\u00e9, o\u00f9 chaque pas \u00e9veille les sens.  Polar Walk capture cette sensation, il sublime chaque instant partag\u00e9, qu\u2019il soit estival ou hivernal.  Un vin rouge, \u00e0 savourer frais. C\u00e9pages et Blends, Occasions festives, Vins frais POLAR WALK - Vin de France rouge 2024 Engag\u00e9s depuis 1963 , Vignobles &amp; Compagnie","robots":{"index":"index","follow":"follow","max-snippet":"max-snippet:-1","max-image-preview":"max-image-preview:large","max-video-preview":"max-video-preview:-1"},"canonical":"https:\/\/boutique.vignoblescompagnie.com\/home\/produit\/polar-walk-vin-de-france-rouge-2024\/","og_locale":"fr_FR","og_type":"article","og_title":"POLAR WALK - Vin de France rouge 2024 - Vignobles &amp; Compagnie","og_description":"Fin, Polaire, Gourmet  Une marche dans le froid polaire.  Imaginez une marche dans un paysage glac\u00e9, o\u00f9 chaque pas \u00e9veille les sens.  Polar Walk capture cette sensation, il sublime chaque instant partag\u00e9, qu\u2019il soit estival ou hivernal.  Un vin rouge, \u00e0 savourer frais. C\u00e9pages et Blends, Occasions festives, Vins frais POLAR WALK - Vin de France rouge 2024 Engag\u00e9s depuis 1963 , Vignobles &amp; Compagnie","og_url":"https:\/\/boutique.vignoblescompagnie.com\/home\/produit\/polar-walk-vin-de-france-rouge-2024\/","og_site_name":"Vignobles &amp; Compagnie","article_publisher":"https:\/\/www.facebook.com\/Vignobles-Compagnie-1936655449884246\/","article_modified_time":"2025-08-21T14:31:58+00:00","og_image":[{"width":1200,"height":1300,"url":"https:\/\/boutique.vignoblescompagnie.com\/wp-content\/uploads\/2025\/03\/BT-POLAR-WALK-VIN-DE-FRANCE-A-BOIRE-FRAIS-1.webp","type":"image\/webp"}],"twitter_card":"summary_large_image","twitter_misc":{"Dur\u00e9e de lecture estim\u00e9e":"1 minute"},"schema":{"@context":"https:\/\/schema.org","@graph":[{"@type":"WebPage","@id":"https:\/\/boutique.vignoblescompagnie.com\/home\/produit\/polar-walk-vin-de-france-rouge-2024\/","url":"https:\/\/boutique.vignoblescompagnie.com\/home\/produit\/polar-walk-vin-de-france-rouge-2024\/","name":"POLAR WALK - Vin de France rouge 2024 - Vignobles &amp; Compagnie","isPartOf":{"@id":"https:\/\/boutique.vignoblescompagnie.com\/home\/#website"},"primaryImageOfPage":{"@id":"https:\/\/boutique.vignoblescompagnie.com\/home\/produit\/polar-walk-vin-de-france-rouge-2024\/#primaryimage"},"image":{"@id":"https:\/\/boutique.vignoblescompagnie.com\/home\/produit\/polar-walk-vin-de-france-rouge-2024\/#primaryimage"},"thumbnailUrl":"https:\/\/boutique.vignoblescompagnie.com\/wp-content\/uploads\/2025\/03\/BT-POLAR-WALK-VIN-DE-FRANCE-A-BOIRE-FRAIS-1.webp","datePublished":"2025-03-26T17:37:32+00:00","dateModified":"2025-08-21T14:31:58+00:00","description":"Fin, Polaire, Gourmet Une marche dans le froid polaire. Imaginez une marche dans un paysage glac\u00e9, o\u00f9 chaque pas \u00e9veille les sens. Polar Walk capture cette sensation, il sublime chaque instant partag\u00e9, qu\u2019il soit estival ou hivernal. Un vin rouge, \u00e0 savourer frais. C\u00e9pages et Blends, Occasions festives, Vins frais POLAR WALK - Vin de France rouge 2024 Engag\u00e9s depuis 1963 , Vignobles &amp; Compagnie","breadcrumb":{"@id":"https:\/\/boutique.vignoblescompagnie.com\/home\/produit\/polar-walk-vin-de-france-rouge-2024\/#breadcrumb"},"inLanguage":"fr-FR","potentialAction":[{"@type":"ReadAction","target":["https:\/\/boutique.vignoblescompagnie.com\/home\/produit\/polar-walk-vin-de-france-rouge-2024\/"]}]},{"@type":"ImageObject","inLanguage":"fr-FR","@id":"https:\/\/boutique.vignoblescompagnie.com\/home\/produit\/polar-walk-vin-de-france-rouge-2024\/#primaryimage","url":"https:\/\/boutique.vignoblescompagnie.com\/wp-content\/uploads\/2025\/03\/BT-POLAR-WALK-VIN-DE-FRANCE-A-BOIRE-FRAIS-1.webp","contentUrl":"https:\/\/boutique.vignoblescompagnie.com\/wp-content\/uploads\/2025\/03\/BT-POLAR-WALK-VIN-DE-FRANCE-A-BOIRE-FRAIS-1.webp","width":1200,"height":1300,"caption":"POLAR WALK - Vin de France rouge 2024"},{"@type":"BreadcrumbList","@id":"https:\/\/boutique.vignoblescompagnie.com\/home\/produit\/polar-walk-vin-de-france-rouge-2024\/#breadcrumb","itemListElement":[{"@type":"ListItem","position":1,"name":"Home","item":"https:\/\/boutique.vignoblescompagnie.com\/home\/"},{"@type":"ListItem","position":2,"name":"Boutique","item":"https:\/\/boutique.vignoblescompagnie.com\/home\/shop\/"},{"@type":"ListItem","position":3,"name":"POLAR WALK &#8211; Vin de France rouge 2024"}]},{"@type":"WebSite","@id":"https:\/\/boutique.vignoblescompagnie.com\/home\/#website","url":"https:\/\/boutique.vignoblescompagnie.com\/home\/","name":"Vignobles &amp; Compagnie","description":"Engag\u00e9s depuis 1963","publisher":{"@id":"https:\/\/boutique.vignoblescompagnie.com\/home\/#organization"},"potentialAction":[{"@type":"SearchAction","target":{"@type":"EntryPoint","urlTemplate":"https:\/\/boutique.vignoblescompagnie.com\/home\/?s={search_term_string}"},"query-input":{"@type":"PropertyValueSpecification","valueRequired":true,"valueName":"search_term_string"}}],"inLanguage":"fr-FR"},{"@type":"Organization","@id":"https:\/\/boutique.vignoblescompagnie.com\/home\/#organization","name":"Vignobles&Compagnie","url":"https:\/\/boutique.vignoblescompagnie.com\/home\/","logo":{"@type":"ImageObject","inLanguage":"fr-FR","@id":"https:\/\/boutique.vignoblescompagnie.com\/home\/#\/schema\/logo\/image\/","url":"","contentUrl":"","caption":"Vignobles&Compagnie"},"image":{"@id":"https:\/\/boutique.vignoblescompagnie.com\/home\/#\/schema\/logo\/image\/"},"sameAs":["https:\/\/www.facebook.com\/Vignobles-Compagnie-1936655449884246\/","https:\/\/www.instagram.com\/vignoblescompagnie_rhone\/?hl=fr","https:\/\/www.linkedin.com\/company-beta\/16238931\/","https:\/\/www.youtube.com\/channel\/UCG_Dbr-g9ZLVmr2sX-tTO9g"]}]}},"_links":{"self":[{"href":"https:\/\/boutique.vignoblescompagnie.com\/home\/wp-json\/wp\/v2\/product\/58534","targetHints":{"allow":["GET"]}}],"collection":[{"href":"https:\/\/boutique.vignoblescompagnie.com\/home\/wp-json\/wp\/v2\/product"}],"about":[{"href":"https:\/\/boutique.vignoblescompagnie.com\/home\/wp-json\/wp\/v2\/types\/product"}],"replies":[{"embeddable":true,"href":"https:\/\/boutique.vignoblescompagnie.com\/home\/wp-json\/wp\/v2\/comments?post=58534"}],"wp:featuredmedia":[{"embeddable":true,"href":"https:\/\/boutique.vignoblescompagnie.com\/home\/wp-json\/wp\/v2\/media\/58545"}],"wp:attachment":[{"href":"https:\/\/boutique.vignoblescompagnie.com\/home\/wp-json\/wp\/v2\/media?parent=58534"}],"wp:term":[{"taxonomy":"product_brand","embeddable":true,"href":"https:\/\/boutique.vignoblescompagnie.com\/home\/wp-json\/wp\/v2\/product_brand?post=58534"},{"taxonomy":"product_cat","embeddable":true,"href":"https:\/\/boutique.vignoblescompagnie.com\/home\/wp-json\/wp\/v2\/product_cat?post=58534"},{"taxonomy":"product_tag","embeddable":true,"href":"https:\/\/boutique.vignoblescompagnie.com\/home\/wp-json\/wp\/v2\/product_tag?post=58534"}],"curies":[{"name":"wp","href":"https:\/\/api.w.org\/{rel}","templated":true}]}}