{"id":58529,"date":"2025-03-26T19:26:35","date_gmt":"2025-03-26T17:26:35","guid":{"rendered":"https:\/\/boutique.vignoblescompagnie.com\/?post_type=product&#038;p=58529"},"modified":"2025-08-21T16:35:39","modified_gmt":"2025-08-21T14:35:39","slug":"capitaine-marinette-aop-sable-de-camargue-gris-rose-2024","status":"publish","type":"product","link":"https:\/\/boutique.vignoblescompagnie.com\/home\/produit\/capitaine-marinette-aop-sable-de-camargue-gris-rose-2024\/","title":{"rendered":"CAPITAINE MARINETTE &#8211; AOP Sable de Camargue Gris ros\u00e9 2024"},"content":{"rendered":"<p><strong>CEPAGES<\/strong><\/p>\n<p>Grenache Gris, Grenache Noir et Merlot<\/p>\n<p><strong>TERROIR<\/strong><\/p>\n<p>Sablonneux<\/p>\n<p><strong>VINIFICATION<\/strong><\/p>\n<p>Vendanges de nuit, refroidissement des baies dans un \u00e9changeur tubulaire, pressurage avec s\u00e9paration des jus de presse et de gouttes. D\u00e9bourbage 24h plus tard. Stabulation \u00e0 froid pendant 10j. Fermentation thermor\u00e9gul\u00e9e avec des levures s\u00e9lectionn\u00e9s. Elevage sur lies avec batonnages r\u00e9guliers, pour apporter de la rondeur et du gras.<\/p>\n<p><strong>DEGUSTATION<\/strong><\/p>\n<p>Robe p\u00e2le aux dominantes saumon, abricot. Nez expressif avec des ar\u00f4mes de fruits blancs, fruits exotiques et agrumes. Bouche avec une belle fra\u00eecheur, de la rondeur et une bonne vivacit\u00e9.<\/p>\n<p><strong>ACCORDS METS ET VIN<\/strong><\/p>\n<p>\u2022 Pizza pesto courgette p\u00eache<br \/>\n\u2022 Cake au chorizo<br \/>\n\u2022 Wrap saumon avocat<\/p>\n<p><span style=\"color: #e58625;\"><strong>INFORMEZ-VOUS<\/strong><\/span><\/p>\n<p><a href=\"https:\/\/vincod.com\/n\/67a3761ef32a4\/qredn\">INGREDIENTS &amp; DECLARATION NUTRITIONNELLE<\/a><\/p>\n<p>&nbsp;<\/p>\n<p>&nbsp;<\/p>\n<p><strong>En recherche d&#8217;une cuv\u00e9e FRAIS &amp; FRUITE ?\u00a0<\/strong><\/p>\n<p><a href=\"\/?p=58445\">A CEUX QUI REVENT &#8211; AOP C\u00f4tes de Provence Sainte Victoire ros\u00e9 2024 &#8211; Vin Biologique &#8211; Vignobles &amp; Compagnie<\/a><\/p>\n<p><em><strong>D\u00e9couvrez notre collection\u00a0<\/strong><\/em><\/p>\n<p><a href=\"https:\/\/www.vignoblescompagnie.com\/collections\/tendances\/\">Tendances &#8211; Vignobles &amp; Compagnie<\/a><\/p>\n<p>&nbsp;<\/p>\n","protected":false},"excerpt":{"rendered":"<p><strong>Vif, Acidul\u00e9, Aromatique<\/strong><\/p>\n<p>La force et l\u2019\u00e9l\u00e9gance de la Camargue<\/p>\n<p>\u00c0 l\u2019image du flamant rose, symbole de cette terre sauvage et oiseau voyageur, Marinette est l\u2019embl\u00e8me de notre vin ros\u00e9.<\/p>\n<p>Son nom, port\u00e9 par les femmes marins, \u00e9voque \u00e0 la fois la d\u00e9termination et la douceur de ce ros\u00e9 unique.<\/p>\n","protected":false},"featured_media":58530,"comment_status":"open","ping_status":"closed","template":"","meta":[],"product_brand":[],"product_cat":[1444,1262,1443,1440],"product_tag":[],"class_list":{"0":"post-58529","1":"product","2":"type-product","3":"status-publish","4":"has-post-thumbnail","6":"product_cat-aoc","7":"product_cat-appellations-regionales","8":"product_cat-occasions-festives","9":"product_cat-vins-frais","10":"pa_accord-poissons","11":"pa_accord-volailles","14":"first","15":"instock","16":"taxable","17":"shipping-taxable","18":"purchasable","19":"product-type-simple"},"yoast_head":"<!-- This site is optimized with the Yoast SEO plugin v25.9 - https:\/\/yoast.com\/wordpress\/plugins\/seo\/ -->\n<title>CAPITAINE MARINETTE - AOP Sable de Camargue Gris ros\u00e9 2024 - Vignobles &amp; Compagnie<\/title>\n<meta name=\"description\" content=\"Vif, Acidul\u00e9, Aromatique  La force et l\u2019\u00e9l\u00e9gance de la Camargue  \u00c0 l\u2019image du flamant rose, symbole de cette terre sauvage et oiseau voyageur, Marinette est l\u2019embl\u00e8me de notre vin ros\u00e9.  Son nom, port\u00e9 par les femmes marins, \u00e9voque \u00e0 la fois la d\u00e9termination et la douceur de ce ros\u00e9 unique. AOC, Appellations r\u00e9gionales, Occasions festives, Vins frais CAPITAINE MARINETTE - AOP Sable de Camargue Gris ros\u00e9 2024 Engag\u00e9s depuis 1963 , Vignobles &amp; Compagnie\" \/>\n<meta name=\"robots\" content=\"index, follow, max-snippet:-1, max-image-preview:large, max-video-preview:-1\" \/>\n<link rel=\"canonical\" href=\"https:\/\/boutique.vignoblescompagnie.com\/home\/produit\/capitaine-marinette-aop-sable-de-camargue-gris-rose-2024\/\" \/>\n<meta property=\"og:locale\" content=\"fr_FR\" \/>\n<meta property=\"og:type\" content=\"article\" \/>\n<meta property=\"og:title\" content=\"CAPITAINE MARINETTE - AOP Sable de Camargue Gris ros\u00e9 2024 - Vignobles &amp; Compagnie\" \/>\n<meta property=\"og:description\" content=\"Vif, Acidul\u00e9, Aromatique  La force et l\u2019\u00e9l\u00e9gance de la Camargue  \u00c0 l\u2019image du flamant rose, symbole de cette terre sauvage et oiseau voyageur, Marinette est l\u2019embl\u00e8me de notre vin ros\u00e9.  Son nom, port\u00e9 par les femmes marins, \u00e9voque \u00e0 la fois la d\u00e9termination et la douceur de ce ros\u00e9 unique. AOC, Appellations r\u00e9gionales, Occasions festives, Vins frais CAPITAINE MARINETTE - AOP Sable de Camargue Gris ros\u00e9 2024 Engag\u00e9s depuis 1963 , Vignobles &amp; Compagnie\" \/>\n<meta property=\"og:url\" content=\"https:\/\/boutique.vignoblescompagnie.com\/home\/produit\/capitaine-marinette-aop-sable-de-camargue-gris-rose-2024\/\" \/>\n<meta property=\"og:site_name\" content=\"Vignobles &amp; Compagnie\" \/>\n<meta property=\"article:publisher\" content=\"https:\/\/www.facebook.com\/Vignobles-Compagnie-1936655449884246\/\" \/>\n<meta property=\"article:modified_time\" content=\"2025-08-21T14:35:39+00:00\" \/>\n<meta property=\"og:image\" content=\"https:\/\/boutique.vignoblescompagnie.com\/wp-content\/uploads\/2025\/03\/BT-CAPITAINE-MARINETTE-SABLE-DE-CAMARGE-GRIS.webp\" \/>\n\t<meta property=\"og:image:width\" content=\"1200\" \/>\n\t<meta property=\"og:image:height\" content=\"1300\" \/>\n\t<meta property=\"og:image:type\" content=\"image\/webp\" \/>\n<meta name=\"twitter:card\" content=\"summary_large_image\" \/>\n<meta name=\"twitter:label1\" content=\"Dur\u00e9e de lecture estim\u00e9e\" \/>\n\t<meta name=\"twitter:data1\" content=\"1 minute\" \/>\n<script type=\"application\/ld+json\" class=\"yoast-schema-graph\">{\"@context\":\"https:\/\/schema.org\",\"@graph\":[{\"@type\":\"WebPage\",\"@id\":\"https:\/\/boutique.vignoblescompagnie.com\/home\/produit\/capitaine-marinette-aop-sable-de-camargue-gris-rose-2024\/\",\"url\":\"https:\/\/boutique.vignoblescompagnie.com\/home\/produit\/capitaine-marinette-aop-sable-de-camargue-gris-rose-2024\/\",\"name\":\"CAPITAINE MARINETTE - AOP Sable de Camargue Gris ros\u00e9 2024 - Vignobles &amp; Compagnie\",\"isPartOf\":{\"@id\":\"https:\/\/boutique.vignoblescompagnie.com\/home\/#website\"},\"primaryImageOfPage\":{\"@id\":\"https:\/\/boutique.vignoblescompagnie.com\/home\/produit\/capitaine-marinette-aop-sable-de-camargue-gris-rose-2024\/#primaryimage\"},\"image\":{\"@id\":\"https:\/\/boutique.vignoblescompagnie.com\/home\/produit\/capitaine-marinette-aop-sable-de-camargue-gris-rose-2024\/#primaryimage\"},\"thumbnailUrl\":\"https:\/\/boutique.vignoblescompagnie.com\/wp-content\/uploads\/2025\/03\/BT-CAPITAINE-MARINETTE-SABLE-DE-CAMARGE-GRIS.webp\",\"datePublished\":\"2025-03-26T17:26:35+00:00\",\"dateModified\":\"2025-08-21T14:35:39+00:00\",\"description\":\"Vif, Acidul\u00e9, Aromatique La force et l\u2019\u00e9l\u00e9gance de la Camargue \u00c0 l\u2019image du flamant rose, symbole de cette terre sauvage et oiseau voyageur, Marinette est l\u2019embl\u00e8me de notre vin ros\u00e9. Son nom, port\u00e9 par les femmes marins, \u00e9voque \u00e0 la fois la d\u00e9termination et la douceur de ce ros\u00e9 unique. AOC, Appellations r\u00e9gionales, Occasions festives, Vins frais CAPITAINE MARINETTE - AOP Sable de Camargue Gris ros\u00e9 2024 Engag\u00e9s depuis 1963 , Vignobles &amp; Compagnie\",\"breadcrumb\":{\"@id\":\"https:\/\/boutique.vignoblescompagnie.com\/home\/produit\/capitaine-marinette-aop-sable-de-camargue-gris-rose-2024\/#breadcrumb\"},\"inLanguage\":\"fr-FR\",\"potentialAction\":[{\"@type\":\"ReadAction\",\"target\":[\"https:\/\/boutique.vignoblescompagnie.com\/home\/produit\/capitaine-marinette-aop-sable-de-camargue-gris-rose-2024\/\"]}]},{\"@type\":\"ImageObject\",\"inLanguage\":\"fr-FR\",\"@id\":\"https:\/\/boutique.vignoblescompagnie.com\/home\/produit\/capitaine-marinette-aop-sable-de-camargue-gris-rose-2024\/#primaryimage\",\"url\":\"https:\/\/boutique.vignoblescompagnie.com\/wp-content\/uploads\/2025\/03\/BT-CAPITAINE-MARINETTE-SABLE-DE-CAMARGE-GRIS.webp\",\"contentUrl\":\"https:\/\/boutique.vignoblescompagnie.com\/wp-content\/uploads\/2025\/03\/BT-CAPITAINE-MARINETTE-SABLE-DE-CAMARGE-GRIS.webp\",\"width\":1200,\"height\":1300,\"caption\":\"CAPITAINE MARINETTE - Sable de Camargue Gris 2024\"},{\"@type\":\"BreadcrumbList\",\"@id\":\"https:\/\/boutique.vignoblescompagnie.com\/home\/produit\/capitaine-marinette-aop-sable-de-camargue-gris-rose-2024\/#breadcrumb\",\"itemListElement\":[{\"@type\":\"ListItem\",\"position\":1,\"name\":\"Home\",\"item\":\"https:\/\/boutique.vignoblescompagnie.com\/home\/\"},{\"@type\":\"ListItem\",\"position\":2,\"name\":\"Boutique\",\"item\":\"https:\/\/boutique.vignoblescompagnie.com\/home\/shop\/\"},{\"@type\":\"ListItem\",\"position\":3,\"name\":\"CAPITAINE MARINETTE &#8211; AOP Sable de Camargue Gris ros\u00e9 2024\"}]},{\"@type\":\"WebSite\",\"@id\":\"https:\/\/boutique.vignoblescompagnie.com\/home\/#website\",\"url\":\"https:\/\/boutique.vignoblescompagnie.com\/home\/\",\"name\":\"Vignobles &amp; Compagnie\",\"description\":\"Engag\u00e9s depuis 1963\",\"publisher\":{\"@id\":\"https:\/\/boutique.vignoblescompagnie.com\/home\/#organization\"},\"potentialAction\":[{\"@type\":\"SearchAction\",\"target\":{\"@type\":\"EntryPoint\",\"urlTemplate\":\"https:\/\/boutique.vignoblescompagnie.com\/home\/?s={search_term_string}\"},\"query-input\":{\"@type\":\"PropertyValueSpecification\",\"valueRequired\":true,\"valueName\":\"search_term_string\"}}],\"inLanguage\":\"fr-FR\"},{\"@type\":\"Organization\",\"@id\":\"https:\/\/boutique.vignoblescompagnie.com\/home\/#organization\",\"name\":\"Vignobles&Compagnie\",\"url\":\"https:\/\/boutique.vignoblescompagnie.com\/home\/\",\"logo\":{\"@type\":\"ImageObject\",\"inLanguage\":\"fr-FR\",\"@id\":\"https:\/\/boutique.vignoblescompagnie.com\/home\/#\/schema\/logo\/image\/\",\"url\":\"\",\"contentUrl\":\"\",\"caption\":\"Vignobles&Compagnie\"},\"image\":{\"@id\":\"https:\/\/boutique.vignoblescompagnie.com\/home\/#\/schema\/logo\/image\/\"},\"sameAs\":[\"https:\/\/www.facebook.com\/Vignobles-Compagnie-1936655449884246\/\",\"https:\/\/www.instagram.com\/vignoblescompagnie_rhone\/?hl=fr\",\"https:\/\/www.linkedin.com\/company-beta\/16238931\/\",\"https:\/\/www.youtube.com\/channel\/UCG_Dbr-g9ZLVmr2sX-tTO9g\"]}]}<\/script>\n<!-- \/ Yoast SEO plugin. -->","yoast_head_json":{"title":"CAPITAINE MARINETTE - AOP Sable de Camargue Gris ros\u00e9 2024 - Vignobles &amp; Compagnie","description":"Vif, Acidul\u00e9, Aromatique  La force et l\u2019\u00e9l\u00e9gance de la Camargue  \u00c0 l\u2019image du flamant rose, symbole de cette terre sauvage et oiseau voyageur, Marinette est l\u2019embl\u00e8me de notre vin ros\u00e9.  Son nom, port\u00e9 par les femmes marins, \u00e9voque \u00e0 la fois la d\u00e9termination et la douceur de ce ros\u00e9 unique. AOC, Appellations r\u00e9gionales, Occasions festives, Vins frais CAPITAINE MARINETTE - AOP Sable de Camargue Gris ros\u00e9 2024 Engag\u00e9s depuis 1963 , Vignobles &amp; Compagnie","robots":{"index":"index","follow":"follow","max-snippet":"max-snippet:-1","max-image-preview":"max-image-preview:large","max-video-preview":"max-video-preview:-1"},"canonical":"https:\/\/boutique.vignoblescompagnie.com\/home\/produit\/capitaine-marinette-aop-sable-de-camargue-gris-rose-2024\/","og_locale":"fr_FR","og_type":"article","og_title":"CAPITAINE MARINETTE - AOP Sable de Camargue Gris ros\u00e9 2024 - Vignobles &amp; Compagnie","og_description":"Vif, Acidul\u00e9, Aromatique  La force et l\u2019\u00e9l\u00e9gance de la Camargue  \u00c0 l\u2019image du flamant rose, symbole de cette terre sauvage et oiseau voyageur, Marinette est l\u2019embl\u00e8me de notre vin ros\u00e9.  Son nom, port\u00e9 par les femmes marins, \u00e9voque \u00e0 la fois la d\u00e9termination et la douceur de ce ros\u00e9 unique. AOC, Appellations r\u00e9gionales, Occasions festives, Vins frais CAPITAINE MARINETTE - AOP Sable de Camargue Gris ros\u00e9 2024 Engag\u00e9s depuis 1963 , Vignobles &amp; Compagnie","og_url":"https:\/\/boutique.vignoblescompagnie.com\/home\/produit\/capitaine-marinette-aop-sable-de-camargue-gris-rose-2024\/","og_site_name":"Vignobles &amp; Compagnie","article_publisher":"https:\/\/www.facebook.com\/Vignobles-Compagnie-1936655449884246\/","article_modified_time":"2025-08-21T14:35:39+00:00","og_image":[{"width":1200,"height":1300,"url":"https:\/\/boutique.vignoblescompagnie.com\/wp-content\/uploads\/2025\/03\/BT-CAPITAINE-MARINETTE-SABLE-DE-CAMARGE-GRIS.webp","type":"image\/webp"}],"twitter_card":"summary_large_image","twitter_misc":{"Dur\u00e9e de lecture estim\u00e9e":"1 minute"},"schema":{"@context":"https:\/\/schema.org","@graph":[{"@type":"WebPage","@id":"https:\/\/boutique.vignoblescompagnie.com\/home\/produit\/capitaine-marinette-aop-sable-de-camargue-gris-rose-2024\/","url":"https:\/\/boutique.vignoblescompagnie.com\/home\/produit\/capitaine-marinette-aop-sable-de-camargue-gris-rose-2024\/","name":"CAPITAINE MARINETTE - AOP Sable de Camargue Gris ros\u00e9 2024 - Vignobles &amp; Compagnie","isPartOf":{"@id":"https:\/\/boutique.vignoblescompagnie.com\/home\/#website"},"primaryImageOfPage":{"@id":"https:\/\/boutique.vignoblescompagnie.com\/home\/produit\/capitaine-marinette-aop-sable-de-camargue-gris-rose-2024\/#primaryimage"},"image":{"@id":"https:\/\/boutique.vignoblescompagnie.com\/home\/produit\/capitaine-marinette-aop-sable-de-camargue-gris-rose-2024\/#primaryimage"},"thumbnailUrl":"https:\/\/boutique.vignoblescompagnie.com\/wp-content\/uploads\/2025\/03\/BT-CAPITAINE-MARINETTE-SABLE-DE-CAMARGE-GRIS.webp","datePublished":"2025-03-26T17:26:35+00:00","dateModified":"2025-08-21T14:35:39+00:00","description":"Vif, Acidul\u00e9, Aromatique La force et l\u2019\u00e9l\u00e9gance de la Camargue \u00c0 l\u2019image du flamant rose, symbole de cette terre sauvage et oiseau voyageur, Marinette est l\u2019embl\u00e8me de notre vin ros\u00e9. Son nom, port\u00e9 par les femmes marins, \u00e9voque \u00e0 la fois la d\u00e9termination et la douceur de ce ros\u00e9 unique. AOC, Appellations r\u00e9gionales, Occasions festives, Vins frais CAPITAINE MARINETTE - AOP Sable de Camargue Gris ros\u00e9 2024 Engag\u00e9s depuis 1963 , Vignobles &amp; Compagnie","breadcrumb":{"@id":"https:\/\/boutique.vignoblescompagnie.com\/home\/produit\/capitaine-marinette-aop-sable-de-camargue-gris-rose-2024\/#breadcrumb"},"inLanguage":"fr-FR","potentialAction":[{"@type":"ReadAction","target":["https:\/\/boutique.vignoblescompagnie.com\/home\/produit\/capitaine-marinette-aop-sable-de-camargue-gris-rose-2024\/"]}]},{"@type":"ImageObject","inLanguage":"fr-FR","@id":"https:\/\/boutique.vignoblescompagnie.com\/home\/produit\/capitaine-marinette-aop-sable-de-camargue-gris-rose-2024\/#primaryimage","url":"https:\/\/boutique.vignoblescompagnie.com\/wp-content\/uploads\/2025\/03\/BT-CAPITAINE-MARINETTE-SABLE-DE-CAMARGE-GRIS.webp","contentUrl":"https:\/\/boutique.vignoblescompagnie.com\/wp-content\/uploads\/2025\/03\/BT-CAPITAINE-MARINETTE-SABLE-DE-CAMARGE-GRIS.webp","width":1200,"height":1300,"caption":"CAPITAINE MARINETTE - Sable de Camargue Gris 2024"},{"@type":"BreadcrumbList","@id":"https:\/\/boutique.vignoblescompagnie.com\/home\/produit\/capitaine-marinette-aop-sable-de-camargue-gris-rose-2024\/#breadcrumb","itemListElement":[{"@type":"ListItem","position":1,"name":"Home","item":"https:\/\/boutique.vignoblescompagnie.com\/home\/"},{"@type":"ListItem","position":2,"name":"Boutique","item":"https:\/\/boutique.vignoblescompagnie.com\/home\/shop\/"},{"@type":"ListItem","position":3,"name":"CAPITAINE MARINETTE &#8211; AOP Sable de Camargue Gris ros\u00e9 2024"}]},{"@type":"WebSite","@id":"https:\/\/boutique.vignoblescompagnie.com\/home\/#website","url":"https:\/\/boutique.vignoblescompagnie.com\/home\/","name":"Vignobles &amp; Compagnie","description":"Engag\u00e9s depuis 1963","publisher":{"@id":"https:\/\/boutique.vignoblescompagnie.com\/home\/#organization"},"potentialAction":[{"@type":"SearchAction","target":{"@type":"EntryPoint","urlTemplate":"https:\/\/boutique.vignoblescompagnie.com\/home\/?s={search_term_string}"},"query-input":{"@type":"PropertyValueSpecification","valueRequired":true,"valueName":"search_term_string"}}],"inLanguage":"fr-FR"},{"@type":"Organization","@id":"https:\/\/boutique.vignoblescompagnie.com\/home\/#organization","name":"Vignobles&Compagnie","url":"https:\/\/boutique.vignoblescompagnie.com\/home\/","logo":{"@type":"ImageObject","inLanguage":"fr-FR","@id":"https:\/\/boutique.vignoblescompagnie.com\/home\/#\/schema\/logo\/image\/","url":"","contentUrl":"","caption":"Vignobles&Compagnie"},"image":{"@id":"https:\/\/boutique.vignoblescompagnie.com\/home\/#\/schema\/logo\/image\/"},"sameAs":["https:\/\/www.facebook.com\/Vignobles-Compagnie-1936655449884246\/","https:\/\/www.instagram.com\/vignoblescompagnie_rhone\/?hl=fr","https:\/\/www.linkedin.com\/company-beta\/16238931\/","https:\/\/www.youtube.com\/channel\/UCG_Dbr-g9ZLVmr2sX-tTO9g"]}]}},"_links":{"self":[{"href":"https:\/\/boutique.vignoblescompagnie.com\/home\/wp-json\/wp\/v2\/product\/58529","targetHints":{"allow":["GET"]}}],"collection":[{"href":"https:\/\/boutique.vignoblescompagnie.com\/home\/wp-json\/wp\/v2\/product"}],"about":[{"href":"https:\/\/boutique.vignoblescompagnie.com\/home\/wp-json\/wp\/v2\/types\/product"}],"replies":[{"embeddable":true,"href":"https:\/\/boutique.vignoblescompagnie.com\/home\/wp-json\/wp\/v2\/comments?post=58529"}],"wp:featuredmedia":[{"embeddable":true,"href":"https:\/\/boutique.vignoblescompagnie.com\/home\/wp-json\/wp\/v2\/media\/58530"}],"wp:attachment":[{"href":"https:\/\/boutique.vignoblescompagnie.com\/home\/wp-json\/wp\/v2\/media?parent=58529"}],"wp:term":[{"taxonomy":"product_brand","embeddable":true,"href":"https:\/\/boutique.vignoblescompagnie.com\/home\/wp-json\/wp\/v2\/product_brand?post=58529"},{"taxonomy":"product_cat","embeddable":true,"href":"https:\/\/boutique.vignoblescompagnie.com\/home\/wp-json\/wp\/v2\/product_cat?post=58529"},{"taxonomy":"product_tag","embeddable":true,"href":"https:\/\/boutique.vignoblescompagnie.com\/home\/wp-json\/wp\/v2\/product_tag?post=58529"}],"curies":[{"name":"wp","href":"https:\/\/api.w.org\/{rel}","templated":true}]}}