{"id":58516,"date":"2025-03-26T18:31:57","date_gmt":"2025-03-26T16:31:57","guid":{"rendered":"https:\/\/boutique.vignoblescompagnie.com\/?post_type=product&#038;p=58516"},"modified":"2025-08-21T15:30:30","modified_gmt":"2025-08-21T13:30:30","slug":"chateau-des-sources-cuvee-s-aop-costieres-de-nimes-rouge-2020","status":"publish","type":"product","link":"https:\/\/boutique.vignoblescompagnie.com\/home\/produit\/chateau-des-sources-cuvee-s-aop-costieres-de-nimes-rouge-2020\/","title":{"rendered":"CH\u00c2TEAU DES SOURCES CUVEE S &#8211; AOP Costi\u00e8res de N\u00eemes rouge 2020"},"content":{"rendered":"<p><strong>CEPAGES<\/strong><\/p>\n<p>Syrah, Grenache, Mourv\u00e8dre<\/p>\n<p><strong>TERROIR<\/strong><\/p>\n<p>Gr\u00e8s et sol calcaire<\/p>\n<p><strong>VINIFICATION<\/strong><\/p>\n<p>Vinification traditionnelle avec un \u00e9levage sur bois.<\/p>\n<p><strong>DEGUSTATION<\/strong><\/p>\n<p>Couleur rouge rubis. Nez puissant et tr\u00e8s expressif de fruits m\u00fbrs et de r\u00e9glisse. Des notes de poivre et de vanille. En bouche, parfums d\u2019\u00e9pices, de baies et de thym. Bouche onctueuse et fruit\u00e9e avec de jolis tannins fondus.<\/p>\n<p><strong>ACCORDS METS ET VIN<\/strong><\/p>\n<p>\u2022 Tian d\u2019aubergines<br \/>\n\u2022 Gigot d\u2019agneau<br \/>\n\u2022 Magret de canard<\/p>\n<p><strong>En recherche d&#8217;une cuv\u00e9e PUISSANTE &amp; RONDE ? <em>D\u00e9couvrez \u00e9galement&#8230;<\/em><\/strong><\/p>\n<p><a href=\"\/?p=58511\">ESPRIT DES VESTIGES &#8211; AOP C\u00f4tes du Rh\u00f4ne Villages rouge 2024 &#8211; Vignobles &amp; Compagnie<\/a><\/p>\n<p><a href=\"\/?p=58513\">ESPRIT DES VESTIGES &#8211; AOP C\u00f4tes du Rh\u00f4ne rouge 2024 &#8211; Vignobles &amp; Compagnie<\/a><\/p>\n<p><em><strong>D\u00e9couvrez notre collection LES TENDANCES<\/strong><\/em><\/p>\n<p><a href=\"https:\/\/www.vignoblescompagnie.com\/collections\/tendances\/\">Tendances &#8211; Vignobles &amp; Compagnie<\/a><\/p>\n","protected":false},"excerpt":{"rendered":"<p><strong>Riche, Complexe, Bois\u00e9<\/strong><\/p>\n<p>La cuv\u00e9e \u00ab S \u00bb est un hommage aux \u00ab Sources \u00bb qui font l\u2019\u00e2me et la force des vins du Ch\u00e2teau. \u00ab S \u00bb comme \u00ab S\u00e9lection \u00bb, pour ces deux cuv\u00e9es issues d\u2019un assemblage des plus belles parcelles du domaine.<\/p>\n","protected":false},"featured_media":58517,"comment_status":"open","ping_status":"closed","template":"","meta":[],"product_brand":[],"product_cat":[1444,1262,1442],"product_tag":[],"class_list":{"0":"post-58516","1":"product","2":"type-product","3":"status-publish","4":"has-post-thumbnail","6":"product_cat-aoc","7":"product_cat-appellations-regionales","8":"product_cat-occasions-casual","9":"pa_accord-viandes-blanches","10":"pa_accord-viandes-douces","13":"first","14":"instock","15":"taxable","16":"shipping-taxable","17":"purchasable","18":"product-type-simple"},"yoast_head":"<!-- This site is optimized with the Yoast SEO plugin v25.9 - https:\/\/yoast.com\/wordpress\/plugins\/seo\/ -->\n<title>CH\u00c2TEAU DES SOURCES CUVEE S - AOP Costi\u00e8res de N\u00eemes rouge 2020 - Vignobles &amp; Compagnie<\/title>\n<meta name=\"description\" content=\"Riche, Complexe, Bois\u00e9  La cuv\u00e9e \u00ab S \u00bb est un hommage aux \u00ab Sources \u00bb qui font l\u2019\u00e2me et la force des vins du Ch\u00e2teau. \u00ab S \u00bb comme \u00ab S\u00e9lection \u00bb, pour ces deux cuv\u00e9es issues d\u2019un assemblage des plus belles parcelles du domaine. AOC, Appellations r\u00e9gionales, Occasions casual CH\u00c2TEAU DES SOURCES CUVEE S - AOP Costi\u00e8res de N\u00eemes rouge 2020 Engag\u00e9s depuis 1963 , Vignobles &amp; Compagnie\" \/>\n<meta name=\"robots\" content=\"index, follow, max-snippet:-1, max-image-preview:large, max-video-preview:-1\" \/>\n<link rel=\"canonical\" href=\"https:\/\/boutique.vignoblescompagnie.com\/home\/produit\/chateau-des-sources-cuvee-s-aop-costieres-de-nimes-rouge-2020\/\" \/>\n<meta property=\"og:locale\" content=\"fr_FR\" \/>\n<meta property=\"og:type\" content=\"article\" \/>\n<meta property=\"og:title\" content=\"CH\u00c2TEAU DES SOURCES CUVEE S - AOP Costi\u00e8res de N\u00eemes rouge 2020 - Vignobles &amp; Compagnie\" \/>\n<meta property=\"og:description\" content=\"Riche, Complexe, Bois\u00e9  La cuv\u00e9e \u00ab S \u00bb est un hommage aux \u00ab Sources \u00bb qui font l\u2019\u00e2me et la force des vins du Ch\u00e2teau. \u00ab S \u00bb comme \u00ab S\u00e9lection \u00bb, pour ces deux cuv\u00e9es issues d\u2019un assemblage des plus belles parcelles du domaine. AOC, Appellations r\u00e9gionales, Occasions casual CH\u00c2TEAU DES SOURCES CUVEE S - AOP Costi\u00e8res de N\u00eemes rouge 2020 Engag\u00e9s depuis 1963 , Vignobles &amp; Compagnie\" \/>\n<meta property=\"og:url\" content=\"https:\/\/boutique.vignoblescompagnie.com\/home\/produit\/chateau-des-sources-cuvee-s-aop-costieres-de-nimes-rouge-2020\/\" \/>\n<meta property=\"og:site_name\" content=\"Vignobles &amp; Compagnie\" \/>\n<meta property=\"article:publisher\" content=\"https:\/\/www.facebook.com\/Vignobles-Compagnie-1936655449884246\/\" \/>\n<meta property=\"article:modified_time\" content=\"2025-08-21T13:30:30+00:00\" \/>\n<meta property=\"og:image\" content=\"https:\/\/boutique.vignoblescompagnie.com\/wp-content\/uploads\/2025\/03\/BT-CUVEE-S-COSTIERES-DE-NIMES-ROUGE.webp\" \/>\n\t<meta property=\"og:image:width\" content=\"1200\" \/>\n\t<meta property=\"og:image:height\" content=\"1300\" \/>\n\t<meta property=\"og:image:type\" content=\"image\/webp\" \/>\n<meta name=\"twitter:card\" content=\"summary_large_image\" \/>\n<meta name=\"twitter:label1\" content=\"Dur\u00e9e de lecture estim\u00e9e\" \/>\n\t<meta name=\"twitter:data1\" content=\"1 minute\" \/>\n<script type=\"application\/ld+json\" class=\"yoast-schema-graph\">{\"@context\":\"https:\/\/schema.org\",\"@graph\":[{\"@type\":\"WebPage\",\"@id\":\"https:\/\/boutique.vignoblescompagnie.com\/home\/produit\/chateau-des-sources-cuvee-s-aop-costieres-de-nimes-rouge-2020\/\",\"url\":\"https:\/\/boutique.vignoblescompagnie.com\/home\/produit\/chateau-des-sources-cuvee-s-aop-costieres-de-nimes-rouge-2020\/\",\"name\":\"CH\u00c2TEAU DES SOURCES CUVEE S - AOP Costi\u00e8res de N\u00eemes rouge 2020 - Vignobles &amp; Compagnie\",\"isPartOf\":{\"@id\":\"https:\/\/boutique.vignoblescompagnie.com\/home\/#website\"},\"primaryImageOfPage\":{\"@id\":\"https:\/\/boutique.vignoblescompagnie.com\/home\/produit\/chateau-des-sources-cuvee-s-aop-costieres-de-nimes-rouge-2020\/#primaryimage\"},\"image\":{\"@id\":\"https:\/\/boutique.vignoblescompagnie.com\/home\/produit\/chateau-des-sources-cuvee-s-aop-costieres-de-nimes-rouge-2020\/#primaryimage\"},\"thumbnailUrl\":\"https:\/\/boutique.vignoblescompagnie.com\/wp-content\/uploads\/2025\/03\/BT-CUVEE-S-COSTIERES-DE-NIMES-ROUGE.webp\",\"datePublished\":\"2025-03-26T16:31:57+00:00\",\"dateModified\":\"2025-08-21T13:30:30+00:00\",\"description\":\"Riche, Complexe, Bois\u00e9 La cuv\u00e9e \u00ab S \u00bb est un hommage aux \u00ab Sources \u00bb qui font l\u2019\u00e2me et la force des vins du Ch\u00e2teau. \u00ab S \u00bb comme \u00ab S\u00e9lection \u00bb, pour ces deux cuv\u00e9es issues d\u2019un assemblage des plus belles parcelles du domaine. AOC, Appellations r\u00e9gionales, Occasions casual CH\u00c2TEAU DES SOURCES CUVEE S - AOP Costi\u00e8res de N\u00eemes rouge 2020 Engag\u00e9s depuis 1963 , Vignobles &amp; Compagnie\",\"breadcrumb\":{\"@id\":\"https:\/\/boutique.vignoblescompagnie.com\/home\/produit\/chateau-des-sources-cuvee-s-aop-costieres-de-nimes-rouge-2020\/#breadcrumb\"},\"inLanguage\":\"fr-FR\",\"potentialAction\":[{\"@type\":\"ReadAction\",\"target\":[\"https:\/\/boutique.vignoblescompagnie.com\/home\/produit\/chateau-des-sources-cuvee-s-aop-costieres-de-nimes-rouge-2020\/\"]}]},{\"@type\":\"ImageObject\",\"inLanguage\":\"fr-FR\",\"@id\":\"https:\/\/boutique.vignoblescompagnie.com\/home\/produit\/chateau-des-sources-cuvee-s-aop-costieres-de-nimes-rouge-2020\/#primaryimage\",\"url\":\"https:\/\/boutique.vignoblescompagnie.com\/wp-content\/uploads\/2025\/03\/BT-CUVEE-S-COSTIERES-DE-NIMES-ROUGE.webp\",\"contentUrl\":\"https:\/\/boutique.vignoblescompagnie.com\/wp-content\/uploads\/2025\/03\/BT-CUVEE-S-COSTIERES-DE-NIMES-ROUGE.webp\",\"width\":1200,\"height\":1300,\"caption\":\"CHATEAU DES SOURCES CUVEE S - Costi\u00e8res de N\u00eemes rouge 2020\"},{\"@type\":\"BreadcrumbList\",\"@id\":\"https:\/\/boutique.vignoblescompagnie.com\/home\/produit\/chateau-des-sources-cuvee-s-aop-costieres-de-nimes-rouge-2020\/#breadcrumb\",\"itemListElement\":[{\"@type\":\"ListItem\",\"position\":1,\"name\":\"Home\",\"item\":\"https:\/\/boutique.vignoblescompagnie.com\/home\/\"},{\"@type\":\"ListItem\",\"position\":2,\"name\":\"Boutique\",\"item\":\"https:\/\/boutique.vignoblescompagnie.com\/home\/shop\/\"},{\"@type\":\"ListItem\",\"position\":3,\"name\":\"CH\u00c2TEAU DES SOURCES CUVEE S &#8211; AOP Costi\u00e8res de N\u00eemes rouge 2020\"}]},{\"@type\":\"WebSite\",\"@id\":\"https:\/\/boutique.vignoblescompagnie.com\/home\/#website\",\"url\":\"https:\/\/boutique.vignoblescompagnie.com\/home\/\",\"name\":\"Vignobles &amp; Compagnie\",\"description\":\"Engag\u00e9s depuis 1963\",\"publisher\":{\"@id\":\"https:\/\/boutique.vignoblescompagnie.com\/home\/#organization\"},\"potentialAction\":[{\"@type\":\"SearchAction\",\"target\":{\"@type\":\"EntryPoint\",\"urlTemplate\":\"https:\/\/boutique.vignoblescompagnie.com\/home\/?s={search_term_string}\"},\"query-input\":{\"@type\":\"PropertyValueSpecification\",\"valueRequired\":true,\"valueName\":\"search_term_string\"}}],\"inLanguage\":\"fr-FR\"},{\"@type\":\"Organization\",\"@id\":\"https:\/\/boutique.vignoblescompagnie.com\/home\/#organization\",\"name\":\"Vignobles&Compagnie\",\"url\":\"https:\/\/boutique.vignoblescompagnie.com\/home\/\",\"logo\":{\"@type\":\"ImageObject\",\"inLanguage\":\"fr-FR\",\"@id\":\"https:\/\/boutique.vignoblescompagnie.com\/home\/#\/schema\/logo\/image\/\",\"url\":\"\",\"contentUrl\":\"\",\"caption\":\"Vignobles&Compagnie\"},\"image\":{\"@id\":\"https:\/\/boutique.vignoblescompagnie.com\/home\/#\/schema\/logo\/image\/\"},\"sameAs\":[\"https:\/\/www.facebook.com\/Vignobles-Compagnie-1936655449884246\/\",\"https:\/\/www.instagram.com\/vignoblescompagnie_rhone\/?hl=fr\",\"https:\/\/www.linkedin.com\/company-beta\/16238931\/\",\"https:\/\/www.youtube.com\/channel\/UCG_Dbr-g9ZLVmr2sX-tTO9g\"]}]}<\/script>\n<!-- \/ Yoast SEO plugin. -->","yoast_head_json":{"title":"CH\u00c2TEAU DES SOURCES CUVEE S - AOP Costi\u00e8res de N\u00eemes rouge 2020 - Vignobles &amp; Compagnie","description":"Riche, Complexe, Bois\u00e9  La cuv\u00e9e \u00ab S \u00bb est un hommage aux \u00ab Sources \u00bb qui font l\u2019\u00e2me et la force des vins du Ch\u00e2teau. \u00ab S \u00bb comme \u00ab S\u00e9lection \u00bb, pour ces deux cuv\u00e9es issues d\u2019un assemblage des plus belles parcelles du domaine. AOC, Appellations r\u00e9gionales, Occasions casual CH\u00c2TEAU DES SOURCES CUVEE S - AOP Costi\u00e8res de N\u00eemes rouge 2020 Engag\u00e9s depuis 1963 , Vignobles &amp; Compagnie","robots":{"index":"index","follow":"follow","max-snippet":"max-snippet:-1","max-image-preview":"max-image-preview:large","max-video-preview":"max-video-preview:-1"},"canonical":"https:\/\/boutique.vignoblescompagnie.com\/home\/produit\/chateau-des-sources-cuvee-s-aop-costieres-de-nimes-rouge-2020\/","og_locale":"fr_FR","og_type":"article","og_title":"CH\u00c2TEAU DES SOURCES CUVEE S - AOP Costi\u00e8res de N\u00eemes rouge 2020 - Vignobles &amp; Compagnie","og_description":"Riche, Complexe, Bois\u00e9  La cuv\u00e9e \u00ab S \u00bb est un hommage aux \u00ab Sources \u00bb qui font l\u2019\u00e2me et la force des vins du Ch\u00e2teau. \u00ab S \u00bb comme \u00ab S\u00e9lection \u00bb, pour ces deux cuv\u00e9es issues d\u2019un assemblage des plus belles parcelles du domaine. AOC, Appellations r\u00e9gionales, Occasions casual CH\u00c2TEAU DES SOURCES CUVEE S - AOP Costi\u00e8res de N\u00eemes rouge 2020 Engag\u00e9s depuis 1963 , Vignobles &amp; Compagnie","og_url":"https:\/\/boutique.vignoblescompagnie.com\/home\/produit\/chateau-des-sources-cuvee-s-aop-costieres-de-nimes-rouge-2020\/","og_site_name":"Vignobles &amp; Compagnie","article_publisher":"https:\/\/www.facebook.com\/Vignobles-Compagnie-1936655449884246\/","article_modified_time":"2025-08-21T13:30:30+00:00","og_image":[{"width":1200,"height":1300,"url":"https:\/\/boutique.vignoblescompagnie.com\/wp-content\/uploads\/2025\/03\/BT-CUVEE-S-COSTIERES-DE-NIMES-ROUGE.webp","type":"image\/webp"}],"twitter_card":"summary_large_image","twitter_misc":{"Dur\u00e9e de lecture estim\u00e9e":"1 minute"},"schema":{"@context":"https:\/\/schema.org","@graph":[{"@type":"WebPage","@id":"https:\/\/boutique.vignoblescompagnie.com\/home\/produit\/chateau-des-sources-cuvee-s-aop-costieres-de-nimes-rouge-2020\/","url":"https:\/\/boutique.vignoblescompagnie.com\/home\/produit\/chateau-des-sources-cuvee-s-aop-costieres-de-nimes-rouge-2020\/","name":"CH\u00c2TEAU DES SOURCES CUVEE S - AOP Costi\u00e8res de N\u00eemes rouge 2020 - Vignobles &amp; Compagnie","isPartOf":{"@id":"https:\/\/boutique.vignoblescompagnie.com\/home\/#website"},"primaryImageOfPage":{"@id":"https:\/\/boutique.vignoblescompagnie.com\/home\/produit\/chateau-des-sources-cuvee-s-aop-costieres-de-nimes-rouge-2020\/#primaryimage"},"image":{"@id":"https:\/\/boutique.vignoblescompagnie.com\/home\/produit\/chateau-des-sources-cuvee-s-aop-costieres-de-nimes-rouge-2020\/#primaryimage"},"thumbnailUrl":"https:\/\/boutique.vignoblescompagnie.com\/wp-content\/uploads\/2025\/03\/BT-CUVEE-S-COSTIERES-DE-NIMES-ROUGE.webp","datePublished":"2025-03-26T16:31:57+00:00","dateModified":"2025-08-21T13:30:30+00:00","description":"Riche, Complexe, Bois\u00e9 La cuv\u00e9e \u00ab S \u00bb est un hommage aux \u00ab Sources \u00bb qui font l\u2019\u00e2me et la force des vins du Ch\u00e2teau. \u00ab S \u00bb comme \u00ab S\u00e9lection \u00bb, pour ces deux cuv\u00e9es issues d\u2019un assemblage des plus belles parcelles du domaine. AOC, Appellations r\u00e9gionales, Occasions casual CH\u00c2TEAU DES SOURCES CUVEE S - AOP Costi\u00e8res de N\u00eemes rouge 2020 Engag\u00e9s depuis 1963 , Vignobles &amp; Compagnie","breadcrumb":{"@id":"https:\/\/boutique.vignoblescompagnie.com\/home\/produit\/chateau-des-sources-cuvee-s-aop-costieres-de-nimes-rouge-2020\/#breadcrumb"},"inLanguage":"fr-FR","potentialAction":[{"@type":"ReadAction","target":["https:\/\/boutique.vignoblescompagnie.com\/home\/produit\/chateau-des-sources-cuvee-s-aop-costieres-de-nimes-rouge-2020\/"]}]},{"@type":"ImageObject","inLanguage":"fr-FR","@id":"https:\/\/boutique.vignoblescompagnie.com\/home\/produit\/chateau-des-sources-cuvee-s-aop-costieres-de-nimes-rouge-2020\/#primaryimage","url":"https:\/\/boutique.vignoblescompagnie.com\/wp-content\/uploads\/2025\/03\/BT-CUVEE-S-COSTIERES-DE-NIMES-ROUGE.webp","contentUrl":"https:\/\/boutique.vignoblescompagnie.com\/wp-content\/uploads\/2025\/03\/BT-CUVEE-S-COSTIERES-DE-NIMES-ROUGE.webp","width":1200,"height":1300,"caption":"CHATEAU DES SOURCES CUVEE S - Costi\u00e8res de N\u00eemes rouge 2020"},{"@type":"BreadcrumbList","@id":"https:\/\/boutique.vignoblescompagnie.com\/home\/produit\/chateau-des-sources-cuvee-s-aop-costieres-de-nimes-rouge-2020\/#breadcrumb","itemListElement":[{"@type":"ListItem","position":1,"name":"Home","item":"https:\/\/boutique.vignoblescompagnie.com\/home\/"},{"@type":"ListItem","position":2,"name":"Boutique","item":"https:\/\/boutique.vignoblescompagnie.com\/home\/shop\/"},{"@type":"ListItem","position":3,"name":"CH\u00c2TEAU DES SOURCES CUVEE S &#8211; AOP Costi\u00e8res de N\u00eemes rouge 2020"}]},{"@type":"WebSite","@id":"https:\/\/boutique.vignoblescompagnie.com\/home\/#website","url":"https:\/\/boutique.vignoblescompagnie.com\/home\/","name":"Vignobles &amp; Compagnie","description":"Engag\u00e9s depuis 1963","publisher":{"@id":"https:\/\/boutique.vignoblescompagnie.com\/home\/#organization"},"potentialAction":[{"@type":"SearchAction","target":{"@type":"EntryPoint","urlTemplate":"https:\/\/boutique.vignoblescompagnie.com\/home\/?s={search_term_string}"},"query-input":{"@type":"PropertyValueSpecification","valueRequired":true,"valueName":"search_term_string"}}],"inLanguage":"fr-FR"},{"@type":"Organization","@id":"https:\/\/boutique.vignoblescompagnie.com\/home\/#organization","name":"Vignobles&Compagnie","url":"https:\/\/boutique.vignoblescompagnie.com\/home\/","logo":{"@type":"ImageObject","inLanguage":"fr-FR","@id":"https:\/\/boutique.vignoblescompagnie.com\/home\/#\/schema\/logo\/image\/","url":"","contentUrl":"","caption":"Vignobles&Compagnie"},"image":{"@id":"https:\/\/boutique.vignoblescompagnie.com\/home\/#\/schema\/logo\/image\/"},"sameAs":["https:\/\/www.facebook.com\/Vignobles-Compagnie-1936655449884246\/","https:\/\/www.instagram.com\/vignoblescompagnie_rhone\/?hl=fr","https:\/\/www.linkedin.com\/company-beta\/16238931\/","https:\/\/www.youtube.com\/channel\/UCG_Dbr-g9ZLVmr2sX-tTO9g"]}]}},"_links":{"self":[{"href":"https:\/\/boutique.vignoblescompagnie.com\/home\/wp-json\/wp\/v2\/product\/58516","targetHints":{"allow":["GET"]}}],"collection":[{"href":"https:\/\/boutique.vignoblescompagnie.com\/home\/wp-json\/wp\/v2\/product"}],"about":[{"href":"https:\/\/boutique.vignoblescompagnie.com\/home\/wp-json\/wp\/v2\/types\/product"}],"replies":[{"embeddable":true,"href":"https:\/\/boutique.vignoblescompagnie.com\/home\/wp-json\/wp\/v2\/comments?post=58516"}],"wp:featuredmedia":[{"embeddable":true,"href":"https:\/\/boutique.vignoblescompagnie.com\/home\/wp-json\/wp\/v2\/media\/58517"}],"wp:attachment":[{"href":"https:\/\/boutique.vignoblescompagnie.com\/home\/wp-json\/wp\/v2\/media?parent=58516"}],"wp:term":[{"taxonomy":"product_brand","embeddable":true,"href":"https:\/\/boutique.vignoblescompagnie.com\/home\/wp-json\/wp\/v2\/product_brand?post=58516"},{"taxonomy":"product_cat","embeddable":true,"href":"https:\/\/boutique.vignoblescompagnie.com\/home\/wp-json\/wp\/v2\/product_cat?post=58516"},{"taxonomy":"product_tag","embeddable":true,"href":"https:\/\/boutique.vignoblescompagnie.com\/home\/wp-json\/wp\/v2\/product_tag?post=58516"}],"curies":[{"name":"wp","href":"https:\/\/api.w.org\/{rel}","templated":true}]}}