{"id":58504,"date":"2025-03-26T16:52:30","date_gmt":"2025-03-26T14:52:30","guid":{"rendered":"https:\/\/boutique.vignoblescompagnie.com\/?post_type=product&#038;p=58504"},"modified":"2025-08-21T15:03:57","modified_gmt":"2025-08-21T13:03:57","slug":"esprit-des-vestiges-aop-gigondas-rouge-2023","status":"publish","type":"product","link":"https:\/\/boutique.vignoblescompagnie.com\/home\/produit\/esprit-des-vestiges-aop-gigondas-rouge-2023\/","title":{"rendered":"ESPRIT DES VESTIGES &#8211; AOP Gigondas rouge 2023"},"content":{"rendered":"<p><strong>CEPAGES<\/strong><\/p>\n<p>Grenache, Syrah, Mourv\u00e8dre<\/p>\n<p><strong>TERROIR<\/strong><\/p>\n<p>Alluvions anciennes. Sol argilo-calcaire.<\/p>\n<p><strong>VINIFICATION<\/strong><\/p>\n<p>Vendange \u00e0 pleine maturit\u00e9, foul\u00e9e et \u00e9grapp\u00e9e. Fermentation control\u00e9e \u00e0 25\u00b0C, remontage et d\u00e9lestage. Vinification traditionnelle. Longue mac\u00e9ration (4 \u00e0 5 semaines).<\/p>\n<p><strong>DEGUSTATION<\/strong><\/p>\n<p>Robe rubis fonc\u00e9, limpide et brillante. Ce vin poss\u00e8de des tanins souples, doux et velout\u00e9s. Nez intense de sous bois, de violette, de clou de girofle et de tabac. Charnu en bouche, il r\u00e9v\u00e8le une finale \u00e9pic\u00e9e et harmonieuse.<\/p>\n<p><strong>ACCORDS METS ET VIN<\/strong><\/p>\n<p>\u2022 R\u00f4ti de b\u0153uf<br \/>\n\u2022 Osso bucco<br \/>\n\u2022 Travers de porc \u00e0 la moutarde<\/p>\n<p><span style=\"color: #e58625;\"> <strong>INFORMEZ-VOUS<\/strong><\/span><\/p>\n<p><a href=\"https:\/\/vincod.com\/n\/679c7d4f82536\/qredn\">INGREDIENTS &amp; DECLARATION NUTRITIONNELLE<\/a><\/p>\n<p>&nbsp;<\/p>\n<p>&nbsp;<\/p>\n<p><strong>En recherche d&#8217;une cuv\u00e9e PUISSANTE &amp; FRUITE ?\u00a0<\/strong><\/p>\n<p><a href=\"\/?p=58447\">ESPRIT DES VESTIGES &#8211; AOP Ch\u00e2teauneuf du Pape rouge 2023 &#8211; Vignobles &amp; Compagnie<\/a><\/p>\n<p><a href=\"\/?p=58506\">ESPRIT DES VESTIGES &#8211; AOP Beaumes de Venise rouge 2023 &#8211; Vignobles &amp; Compagnie<\/a><\/p>\n<p><a href=\"\/?p=58443\">A CEUX QUI REVENT &#8211; AOP Ch\u00e2teauneuf du Pape rouge 2023 &#8211; Vignobles &amp; Compagnie<\/a><\/p>\n<p><em><strong>D\u00e9couvrez notre collection<\/strong><\/em><\/p>\n<p><a href=\"https:\/\/www.vignoblescompagnie.com\/collections\/esprit-des-vestiges\/\">Esprit des Vestiges &#8211; Vignobles &amp; Compagnie<\/a><\/p>\n<p>&nbsp;<\/p>\n","protected":false},"excerpt":{"rendered":"<p><strong>Riche, Cors\u00e9, Complexe<\/strong><\/p>\n<p>Une ode \u00e0 l\u2019h\u00e9ritage romain, une passerelle entre pass\u00e9 et pr\u00e9sent.<\/p>\n<p>Sculpt\u00e9 par les Dentelles de Montmirail, ce vin exprime toute la force d\u2019un terroir rude et ensoleill\u00e9. Entre richesse, intensit\u00e9 et complexit\u00e9, il d\u00e9voile des ar\u00f4mes profonds de fruits noirs, d\u2019\u00e9pices et de sous-bois. Un grand vin de caract\u00e8re, taill\u00e9 pour les gibiers, les viandes grill\u00e9es et les fromages affin\u00e9s.<\/p>\n","protected":false},"featured_media":58480,"comment_status":"open","ping_status":"closed","template":"","meta":[],"product_brand":[],"product_cat":[1372,1261,1441,1438],"product_tag":[1373],"class_list":{"0":"post-58504","1":"product","2":"type-product","3":"status-publish","4":"has-post-thumbnail","6":"product_cat-aop-vallee-du-rhone","7":"product_cat-crus","8":"product_cat-occasions-uniques","9":"product_cat-vins-puissants","10":"product_tag-cru-meridional","11":"pa_accord-gibiers","12":"pa_accord-viandes-corsees","15":"first","16":"instock","17":"taxable","18":"shipping-taxable","19":"purchasable","20":"product-type-simple"},"yoast_head":"<!-- This site is optimized with the Yoast SEO plugin v25.9 - https:\/\/yoast.com\/wordpress\/plugins\/seo\/ -->\n<title>ESPRIT DES VESTIGES - AOP Gigondas rouge 2023 - Vignobles &amp; Compagnie<\/title>\n<meta name=\"description\" content=\"Riche, Cors\u00e9, Complexe  Une ode \u00e0 l\u2019h\u00e9ritage romain, une passerelle entre pass\u00e9 et pr\u00e9sent.  Sculpt\u00e9 par les Dentelles de Montmirail, ce vin exprime toute la force d\u2019un terroir rude et ensoleill\u00e9. Entre richesse, intensit\u00e9 et complexit\u00e9, il d\u00e9voile des ar\u00f4mes profonds de fruits noirs, d\u2019\u00e9pices et de sous-bois. Un grand vin de caract\u00e8re, taill\u00e9 pour les gibiers, les viandes grill\u00e9es et les fromages affin\u00e9s. AOP Vall\u00e9e du Rh\u00f4ne, Crus, Occasions uniques, Vins puissants ESPRIT DES VESTIGES - AOP Gigondas rouge 2023 Engag\u00e9s depuis 1963 , Vignobles &amp; Compagnie\" \/>\n<meta name=\"robots\" content=\"index, follow, max-snippet:-1, max-image-preview:large, max-video-preview:-1\" \/>\n<link rel=\"canonical\" href=\"https:\/\/boutique.vignoblescompagnie.com\/home\/produit\/esprit-des-vestiges-aop-gigondas-rouge-2023\/\" \/>\n<meta property=\"og:locale\" content=\"fr_FR\" \/>\n<meta property=\"og:type\" content=\"article\" \/>\n<meta property=\"og:title\" content=\"ESPRIT DES VESTIGES - AOP Gigondas rouge 2023 - Vignobles &amp; Compagnie\" \/>\n<meta property=\"og:description\" content=\"Riche, Cors\u00e9, Complexe  Une ode \u00e0 l\u2019h\u00e9ritage romain, une passerelle entre pass\u00e9 et pr\u00e9sent.  Sculpt\u00e9 par les Dentelles de Montmirail, ce vin exprime toute la force d\u2019un terroir rude et ensoleill\u00e9. Entre richesse, intensit\u00e9 et complexit\u00e9, il d\u00e9voile des ar\u00f4mes profonds de fruits noirs, d\u2019\u00e9pices et de sous-bois. Un grand vin de caract\u00e8re, taill\u00e9 pour les gibiers, les viandes grill\u00e9es et les fromages affin\u00e9s. AOP Vall\u00e9e du Rh\u00f4ne, Crus, Occasions uniques, Vins puissants ESPRIT DES VESTIGES - AOP Gigondas rouge 2023 Engag\u00e9s depuis 1963 , Vignobles &amp; Compagnie\" \/>\n<meta property=\"og:url\" content=\"https:\/\/boutique.vignoblescompagnie.com\/home\/produit\/esprit-des-vestiges-aop-gigondas-rouge-2023\/\" \/>\n<meta property=\"og:site_name\" content=\"Vignobles &amp; Compagnie\" \/>\n<meta property=\"article:publisher\" content=\"https:\/\/www.facebook.com\/Vignobles-Compagnie-1936655449884246\/\" \/>\n<meta property=\"article:modified_time\" content=\"2025-08-21T13:03:57+00:00\" \/>\n<meta property=\"og:image\" content=\"https:\/\/boutique.vignoblescompagnie.com\/wp-content\/uploads\/2025\/03\/BTE-ESPRIT-DES-VESTIGES-GIGONDAS-ROUGE.webp\" \/>\n\t<meta property=\"og:image:width\" content=\"1200\" \/>\n\t<meta property=\"og:image:height\" content=\"1300\" \/>\n\t<meta property=\"og:image:type\" content=\"image\/webp\" \/>\n<meta name=\"twitter:card\" content=\"summary_large_image\" \/>\n<meta name=\"twitter:label1\" content=\"Dur\u00e9e de lecture estim\u00e9e\" \/>\n\t<meta name=\"twitter:data1\" content=\"1 minute\" \/>\n<script type=\"application\/ld+json\" class=\"yoast-schema-graph\">{\"@context\":\"https:\/\/schema.org\",\"@graph\":[{\"@type\":\"WebPage\",\"@id\":\"https:\/\/boutique.vignoblescompagnie.com\/home\/produit\/esprit-des-vestiges-aop-gigondas-rouge-2023\/\",\"url\":\"https:\/\/boutique.vignoblescompagnie.com\/home\/produit\/esprit-des-vestiges-aop-gigondas-rouge-2023\/\",\"name\":\"ESPRIT DES VESTIGES - AOP Gigondas rouge 2023 - Vignobles &amp; Compagnie\",\"isPartOf\":{\"@id\":\"https:\/\/boutique.vignoblescompagnie.com\/home\/#website\"},\"primaryImageOfPage\":{\"@id\":\"https:\/\/boutique.vignoblescompagnie.com\/home\/produit\/esprit-des-vestiges-aop-gigondas-rouge-2023\/#primaryimage\"},\"image\":{\"@id\":\"https:\/\/boutique.vignoblescompagnie.com\/home\/produit\/esprit-des-vestiges-aop-gigondas-rouge-2023\/#primaryimage\"},\"thumbnailUrl\":\"https:\/\/boutique.vignoblescompagnie.com\/wp-content\/uploads\/2025\/03\/BTE-ESPRIT-DES-VESTIGES-GIGONDAS-ROUGE.webp\",\"datePublished\":\"2025-03-26T14:52:30+00:00\",\"dateModified\":\"2025-08-21T13:03:57+00:00\",\"description\":\"Riche, Cors\u00e9, Complexe Une ode \u00e0 l\u2019h\u00e9ritage romain, une passerelle entre pass\u00e9 et pr\u00e9sent. Sculpt\u00e9 par les Dentelles de Montmirail, ce vin exprime toute la force d\u2019un terroir rude et ensoleill\u00e9. Entre richesse, intensit\u00e9 et complexit\u00e9, il d\u00e9voile des ar\u00f4mes profonds de fruits noirs, d\u2019\u00e9pices et de sous-bois. Un grand vin de caract\u00e8re, taill\u00e9 pour les gibiers, les viandes grill\u00e9es et les fromages affin\u00e9s. AOP Vall\u00e9e du Rh\u00f4ne, Crus, Occasions uniques, Vins puissants ESPRIT DES VESTIGES - AOP Gigondas rouge 2023 Engag\u00e9s depuis 1963 , Vignobles &amp; Compagnie\",\"breadcrumb\":{\"@id\":\"https:\/\/boutique.vignoblescompagnie.com\/home\/produit\/esprit-des-vestiges-aop-gigondas-rouge-2023\/#breadcrumb\"},\"inLanguage\":\"fr-FR\",\"potentialAction\":[{\"@type\":\"ReadAction\",\"target\":[\"https:\/\/boutique.vignoblescompagnie.com\/home\/produit\/esprit-des-vestiges-aop-gigondas-rouge-2023\/\"]}]},{\"@type\":\"ImageObject\",\"inLanguage\":\"fr-FR\",\"@id\":\"https:\/\/boutique.vignoblescompagnie.com\/home\/produit\/esprit-des-vestiges-aop-gigondas-rouge-2023\/#primaryimage\",\"url\":\"https:\/\/boutique.vignoblescompagnie.com\/wp-content\/uploads\/2025\/03\/BTE-ESPRIT-DES-VESTIGES-GIGONDAS-ROUGE.webp\",\"contentUrl\":\"https:\/\/boutique.vignoblescompagnie.com\/wp-content\/uploads\/2025\/03\/BTE-ESPRIT-DES-VESTIGES-GIGONDAS-ROUGE.webp\",\"width\":1200,\"height\":1300,\"caption\":\"ESPRIT DES VESTIGES - Gigondas rouge 2023\"},{\"@type\":\"BreadcrumbList\",\"@id\":\"https:\/\/boutique.vignoblescompagnie.com\/home\/produit\/esprit-des-vestiges-aop-gigondas-rouge-2023\/#breadcrumb\",\"itemListElement\":[{\"@type\":\"ListItem\",\"position\":1,\"name\":\"Home\",\"item\":\"https:\/\/boutique.vignoblescompagnie.com\/home\/\"},{\"@type\":\"ListItem\",\"position\":2,\"name\":\"Boutique\",\"item\":\"https:\/\/boutique.vignoblescompagnie.com\/home\/shop\/\"},{\"@type\":\"ListItem\",\"position\":3,\"name\":\"ESPRIT DES VESTIGES &#8211; AOP Gigondas rouge 2023\"}]},{\"@type\":\"WebSite\",\"@id\":\"https:\/\/boutique.vignoblescompagnie.com\/home\/#website\",\"url\":\"https:\/\/boutique.vignoblescompagnie.com\/home\/\",\"name\":\"Vignobles &amp; Compagnie\",\"description\":\"Engag\u00e9s depuis 1963\",\"publisher\":{\"@id\":\"https:\/\/boutique.vignoblescompagnie.com\/home\/#organization\"},\"potentialAction\":[{\"@type\":\"SearchAction\",\"target\":{\"@type\":\"EntryPoint\",\"urlTemplate\":\"https:\/\/boutique.vignoblescompagnie.com\/home\/?s={search_term_string}\"},\"query-input\":{\"@type\":\"PropertyValueSpecification\",\"valueRequired\":true,\"valueName\":\"search_term_string\"}}],\"inLanguage\":\"fr-FR\"},{\"@type\":\"Organization\",\"@id\":\"https:\/\/boutique.vignoblescompagnie.com\/home\/#organization\",\"name\":\"Vignobles&Compagnie\",\"url\":\"https:\/\/boutique.vignoblescompagnie.com\/home\/\",\"logo\":{\"@type\":\"ImageObject\",\"inLanguage\":\"fr-FR\",\"@id\":\"https:\/\/boutique.vignoblescompagnie.com\/home\/#\/schema\/logo\/image\/\",\"url\":\"\",\"contentUrl\":\"\",\"caption\":\"Vignobles&Compagnie\"},\"image\":{\"@id\":\"https:\/\/boutique.vignoblescompagnie.com\/home\/#\/schema\/logo\/image\/\"},\"sameAs\":[\"https:\/\/www.facebook.com\/Vignobles-Compagnie-1936655449884246\/\",\"https:\/\/www.instagram.com\/vignoblescompagnie_rhone\/?hl=fr\",\"https:\/\/www.linkedin.com\/company-beta\/16238931\/\",\"https:\/\/www.youtube.com\/channel\/UCG_Dbr-g9ZLVmr2sX-tTO9g\"]}]}<\/script>\n<!-- \/ Yoast SEO plugin. -->","yoast_head_json":{"title":"ESPRIT DES VESTIGES - AOP Gigondas rouge 2023 - Vignobles &amp; Compagnie","description":"Riche, Cors\u00e9, Complexe  Une ode \u00e0 l\u2019h\u00e9ritage romain, une passerelle entre pass\u00e9 et pr\u00e9sent.  Sculpt\u00e9 par les Dentelles de Montmirail, ce vin exprime toute la force d\u2019un terroir rude et ensoleill\u00e9. Entre richesse, intensit\u00e9 et complexit\u00e9, il d\u00e9voile des ar\u00f4mes profonds de fruits noirs, d\u2019\u00e9pices et de sous-bois. Un grand vin de caract\u00e8re, taill\u00e9 pour les gibiers, les viandes grill\u00e9es et les fromages affin\u00e9s. AOP Vall\u00e9e du Rh\u00f4ne, Crus, Occasions uniques, Vins puissants ESPRIT DES VESTIGES - AOP Gigondas rouge 2023 Engag\u00e9s depuis 1963 , Vignobles &amp; Compagnie","robots":{"index":"index","follow":"follow","max-snippet":"max-snippet:-1","max-image-preview":"max-image-preview:large","max-video-preview":"max-video-preview:-1"},"canonical":"https:\/\/boutique.vignoblescompagnie.com\/home\/produit\/esprit-des-vestiges-aop-gigondas-rouge-2023\/","og_locale":"fr_FR","og_type":"article","og_title":"ESPRIT DES VESTIGES - AOP Gigondas rouge 2023 - Vignobles &amp; Compagnie","og_description":"Riche, Cors\u00e9, Complexe  Une ode \u00e0 l\u2019h\u00e9ritage romain, une passerelle entre pass\u00e9 et pr\u00e9sent.  Sculpt\u00e9 par les Dentelles de Montmirail, ce vin exprime toute la force d\u2019un terroir rude et ensoleill\u00e9. Entre richesse, intensit\u00e9 et complexit\u00e9, il d\u00e9voile des ar\u00f4mes profonds de fruits noirs, d\u2019\u00e9pices et de sous-bois. Un grand vin de caract\u00e8re, taill\u00e9 pour les gibiers, les viandes grill\u00e9es et les fromages affin\u00e9s. AOP Vall\u00e9e du Rh\u00f4ne, Crus, Occasions uniques, Vins puissants ESPRIT DES VESTIGES - AOP Gigondas rouge 2023 Engag\u00e9s depuis 1963 , Vignobles &amp; Compagnie","og_url":"https:\/\/boutique.vignoblescompagnie.com\/home\/produit\/esprit-des-vestiges-aop-gigondas-rouge-2023\/","og_site_name":"Vignobles &amp; Compagnie","article_publisher":"https:\/\/www.facebook.com\/Vignobles-Compagnie-1936655449884246\/","article_modified_time":"2025-08-21T13:03:57+00:00","og_image":[{"width":1200,"height":1300,"url":"https:\/\/boutique.vignoblescompagnie.com\/wp-content\/uploads\/2025\/03\/BTE-ESPRIT-DES-VESTIGES-GIGONDAS-ROUGE.webp","type":"image\/webp"}],"twitter_card":"summary_large_image","twitter_misc":{"Dur\u00e9e de lecture estim\u00e9e":"1 minute"},"schema":{"@context":"https:\/\/schema.org","@graph":[{"@type":"WebPage","@id":"https:\/\/boutique.vignoblescompagnie.com\/home\/produit\/esprit-des-vestiges-aop-gigondas-rouge-2023\/","url":"https:\/\/boutique.vignoblescompagnie.com\/home\/produit\/esprit-des-vestiges-aop-gigondas-rouge-2023\/","name":"ESPRIT DES VESTIGES - AOP Gigondas rouge 2023 - Vignobles &amp; Compagnie","isPartOf":{"@id":"https:\/\/boutique.vignoblescompagnie.com\/home\/#website"},"primaryImageOfPage":{"@id":"https:\/\/boutique.vignoblescompagnie.com\/home\/produit\/esprit-des-vestiges-aop-gigondas-rouge-2023\/#primaryimage"},"image":{"@id":"https:\/\/boutique.vignoblescompagnie.com\/home\/produit\/esprit-des-vestiges-aop-gigondas-rouge-2023\/#primaryimage"},"thumbnailUrl":"https:\/\/boutique.vignoblescompagnie.com\/wp-content\/uploads\/2025\/03\/BTE-ESPRIT-DES-VESTIGES-GIGONDAS-ROUGE.webp","datePublished":"2025-03-26T14:52:30+00:00","dateModified":"2025-08-21T13:03:57+00:00","description":"Riche, Cors\u00e9, Complexe Une ode \u00e0 l\u2019h\u00e9ritage romain, une passerelle entre pass\u00e9 et pr\u00e9sent. Sculpt\u00e9 par les Dentelles de Montmirail, ce vin exprime toute la force d\u2019un terroir rude et ensoleill\u00e9. Entre richesse, intensit\u00e9 et complexit\u00e9, il d\u00e9voile des ar\u00f4mes profonds de fruits noirs, d\u2019\u00e9pices et de sous-bois. Un grand vin de caract\u00e8re, taill\u00e9 pour les gibiers, les viandes grill\u00e9es et les fromages affin\u00e9s. AOP Vall\u00e9e du Rh\u00f4ne, Crus, Occasions uniques, Vins puissants ESPRIT DES VESTIGES - AOP Gigondas rouge 2023 Engag\u00e9s depuis 1963 , Vignobles &amp; Compagnie","breadcrumb":{"@id":"https:\/\/boutique.vignoblescompagnie.com\/home\/produit\/esprit-des-vestiges-aop-gigondas-rouge-2023\/#breadcrumb"},"inLanguage":"fr-FR","potentialAction":[{"@type":"ReadAction","target":["https:\/\/boutique.vignoblescompagnie.com\/home\/produit\/esprit-des-vestiges-aop-gigondas-rouge-2023\/"]}]},{"@type":"ImageObject","inLanguage":"fr-FR","@id":"https:\/\/boutique.vignoblescompagnie.com\/home\/produit\/esprit-des-vestiges-aop-gigondas-rouge-2023\/#primaryimage","url":"https:\/\/boutique.vignoblescompagnie.com\/wp-content\/uploads\/2025\/03\/BTE-ESPRIT-DES-VESTIGES-GIGONDAS-ROUGE.webp","contentUrl":"https:\/\/boutique.vignoblescompagnie.com\/wp-content\/uploads\/2025\/03\/BTE-ESPRIT-DES-VESTIGES-GIGONDAS-ROUGE.webp","width":1200,"height":1300,"caption":"ESPRIT DES VESTIGES - Gigondas rouge 2023"},{"@type":"BreadcrumbList","@id":"https:\/\/boutique.vignoblescompagnie.com\/home\/produit\/esprit-des-vestiges-aop-gigondas-rouge-2023\/#breadcrumb","itemListElement":[{"@type":"ListItem","position":1,"name":"Home","item":"https:\/\/boutique.vignoblescompagnie.com\/home\/"},{"@type":"ListItem","position":2,"name":"Boutique","item":"https:\/\/boutique.vignoblescompagnie.com\/home\/shop\/"},{"@type":"ListItem","position":3,"name":"ESPRIT DES VESTIGES &#8211; AOP Gigondas rouge 2023"}]},{"@type":"WebSite","@id":"https:\/\/boutique.vignoblescompagnie.com\/home\/#website","url":"https:\/\/boutique.vignoblescompagnie.com\/home\/","name":"Vignobles &amp; Compagnie","description":"Engag\u00e9s depuis 1963","publisher":{"@id":"https:\/\/boutique.vignoblescompagnie.com\/home\/#organization"},"potentialAction":[{"@type":"SearchAction","target":{"@type":"EntryPoint","urlTemplate":"https:\/\/boutique.vignoblescompagnie.com\/home\/?s={search_term_string}"},"query-input":{"@type":"PropertyValueSpecification","valueRequired":true,"valueName":"search_term_string"}}],"inLanguage":"fr-FR"},{"@type":"Organization","@id":"https:\/\/boutique.vignoblescompagnie.com\/home\/#organization","name":"Vignobles&Compagnie","url":"https:\/\/boutique.vignoblescompagnie.com\/home\/","logo":{"@type":"ImageObject","inLanguage":"fr-FR","@id":"https:\/\/boutique.vignoblescompagnie.com\/home\/#\/schema\/logo\/image\/","url":"","contentUrl":"","caption":"Vignobles&Compagnie"},"image":{"@id":"https:\/\/boutique.vignoblescompagnie.com\/home\/#\/schema\/logo\/image\/"},"sameAs":["https:\/\/www.facebook.com\/Vignobles-Compagnie-1936655449884246\/","https:\/\/www.instagram.com\/vignoblescompagnie_rhone\/?hl=fr","https:\/\/www.linkedin.com\/company-beta\/16238931\/","https:\/\/www.youtube.com\/channel\/UCG_Dbr-g9ZLVmr2sX-tTO9g"]}]}},"_links":{"self":[{"href":"https:\/\/boutique.vignoblescompagnie.com\/home\/wp-json\/wp\/v2\/product\/58504","targetHints":{"allow":["GET"]}}],"collection":[{"href":"https:\/\/boutique.vignoblescompagnie.com\/home\/wp-json\/wp\/v2\/product"}],"about":[{"href":"https:\/\/boutique.vignoblescompagnie.com\/home\/wp-json\/wp\/v2\/types\/product"}],"replies":[{"embeddable":true,"href":"https:\/\/boutique.vignoblescompagnie.com\/home\/wp-json\/wp\/v2\/comments?post=58504"}],"wp:featuredmedia":[{"embeddable":true,"href":"https:\/\/boutique.vignoblescompagnie.com\/home\/wp-json\/wp\/v2\/media\/58480"}],"wp:attachment":[{"href":"https:\/\/boutique.vignoblescompagnie.com\/home\/wp-json\/wp\/v2\/media?parent=58504"}],"wp:term":[{"taxonomy":"product_brand","embeddable":true,"href":"https:\/\/boutique.vignoblescompagnie.com\/home\/wp-json\/wp\/v2\/product_brand?post=58504"},{"taxonomy":"product_cat","embeddable":true,"href":"https:\/\/boutique.vignoblescompagnie.com\/home\/wp-json\/wp\/v2\/product_cat?post=58504"},{"taxonomy":"product_tag","embeddable":true,"href":"https:\/\/boutique.vignoblescompagnie.com\/home\/wp-json\/wp\/v2\/product_tag?post=58504"}],"curies":[{"name":"wp","href":"https:\/\/api.w.org\/{rel}","templated":true}]}}