{"id":58500,"date":"2025-03-26T16:29:30","date_gmt":"2025-03-26T14:29:30","guid":{"rendered":"https:\/\/boutique.vignoblescompagnie.com\/?post_type=product&#038;p=58500"},"modified":"2025-08-21T15:03:23","modified_gmt":"2025-08-21T13:03:23","slug":"esprit-des-vestiges-aop-chateauneuf-du-pape-blanc-2024","status":"publish","type":"product","link":"https:\/\/boutique.vignoblescompagnie.com\/home\/produit\/esprit-des-vestiges-aop-chateauneuf-du-pape-blanc-2024\/","title":{"rendered":"ESPRIT DES VESTIGES &#8211; AOP Ch\u00e2teauneuf du Pape blanc 2024"},"content":{"rendered":"<p><strong>CEPAGES<\/strong><\/p>\n<p>Clairette, Marsanne, Viognier<\/p>\n<p><strong>TERROIR<\/strong><\/p>\n<p>Galets roul\u00e9s<\/p>\n<p><strong>VINIFICATION<\/strong><\/p>\n<p>Pressurage direct. D\u00e9bourbage naturel par le froid. Vinification \u00e0 basse temp\u00e9rature constante entre 14\u00b0 et 16\u00b0. Fermentation de 4 semaines. Elevage sur lies pendant 4 \u00e0 5 mois.<\/p>\n<p><strong>DEGUSTATION<\/strong><\/p>\n<p>Robe claire et \u00e9tincelante. Nez puissant sur notes de fruits \u00e0 fleurs blanches (p\u00eaches de vigne), fleurs d\u2019\u00e9glantier et noisettes. Bouche complexe, alliant min\u00e9ralit\u00e9 et notes de p\u00eaches jaunes, sur une tr\u00e8s belle maturit\u00e9 de raisins.<\/p>\n<p><strong>ACCORDS METS ET VIN<\/strong><\/p>\n<p>\u2022 Risotto de noix de Saint Jacques<br \/>\n\u2022 Langoustines \u00e0 l\u2019armoricaine<br \/>\n\u2022 Lapin aux pommes<\/p>\n<p><span style=\"color: #e58625;\"> <strong>INFORMEZ-VOUS<\/strong><\/span><\/p>\n<p><a href=\"https:\/\/vincod.com\/n\/679c7d0e96456\/qredn\">INGREDIENTS &amp; DECLARATION NUTRITIONNELLE<\/a><\/p>\n<p>&nbsp;<\/p>\n<p>&nbsp;<\/p>\n<p><strong>En recherche d&#8217;une cuv\u00e9e PUISSANTE &amp; RONDE ?\u00a0<\/strong><\/p>\n<p><a href=\"\/?p=58442\">A CEUX QUI REVENT &#8211; AOP Hermitage blanc 2023 &#8211; Vignobles &amp; Compagnie<\/a><\/p>\n<p><em><strong>D\u00e9couvrez notre collection\u00a0<\/strong><\/em><\/p>\n<p><a href=\"https:\/\/www.vignoblescompagnie.com\/collections\/esprit-des-vestiges\/\">Esprit des Vestiges &#8211; Vignobles &amp; Compagnie<\/a><\/p>\n<p>&nbsp;<\/p>\n","protected":false},"excerpt":{"rendered":"<p><strong>El\u00e9gant, fin, raffin\u00e9<\/strong><\/p>\n<p>Une ode \u00e0 l\u2019h\u00e9ritage romain, une passerelle entre pass\u00e9 et pr\u00e9sent.<\/p>\n<p>Rare et pr\u00e9cieux, ce blanc est l\u2019incarnation du raffinement. Il capture la fra\u00eecheur du mistral et la min\u00e9ralit\u00e9 du sol pour donner un vin d\u2019une grande \u00e9l\u00e9gance, o\u00f9 les notes florales et de fruits blancs s\u2019entrelacent harmonieusement. Id\u00e9al sur des poissons fins, une volaille cr\u00e9m\u00e9e ou en d\u00e9gustation seul, comme un grand vin de m\u00e9ditation.<\/p>\n","protected":false},"featured_media":58502,"comment_status":"open","ping_status":"closed","template":"","meta":[],"product_brand":[],"product_cat":[1372,1261,1441,1439],"product_tag":[1373],"class_list":{"0":"post-58500","1":"product","2":"type-product","3":"status-publish","4":"has-post-thumbnail","6":"product_cat-aop-vallee-du-rhone","7":"product_cat-crus","8":"product_cat-occasions-uniques","9":"product_cat-vins-gourmands","10":"product_tag-cru-meridional","11":"pa_accord-viandes-en-sauce","14":"first","15":"instock","16":"taxable","17":"shipping-taxable","18":"purchasable","19":"product-type-simple"},"yoast_head":"<!-- This site is optimized with the Yoast SEO plugin v25.9 - https:\/\/yoast.com\/wordpress\/plugins\/seo\/ -->\n<title>ESPRIT DES VESTIGES - AOP Ch\u00e2teauneuf du Pape blanc 2024 - Vignobles &amp; Compagnie<\/title>\n<meta name=\"description\" content=\"El\u00e9gant, fin, raffin\u00e9  Une ode \u00e0 l\u2019h\u00e9ritage romain, une passerelle entre pass\u00e9 et pr\u00e9sent.  Rare et pr\u00e9cieux, ce blanc est l\u2019incarnation du raffinement. Il capture la fra\u00eecheur du mistral et la min\u00e9ralit\u00e9 du sol pour donner un vin d\u2019une grande \u00e9l\u00e9gance, o\u00f9 les notes florales et de fruits blancs s\u2019entrelacent harmonieusement. Id\u00e9al sur des poissons fins, une volaille cr\u00e9m\u00e9e ou en d\u00e9gustation seul, comme un grand vin de m\u00e9ditation. AOP Vall\u00e9e du Rh\u00f4ne, Crus, Occasions uniques, Vins gourmands ESPRIT DES VESTIGES - AOP Ch\u00e2teauneuf du Pape blanc 2024 Engag\u00e9s depuis 1963 , Vignobles &amp; Compagnie\" \/>\n<meta name=\"robots\" content=\"index, follow, max-snippet:-1, max-image-preview:large, max-video-preview:-1\" \/>\n<link rel=\"canonical\" href=\"https:\/\/boutique.vignoblescompagnie.com\/home\/produit\/esprit-des-vestiges-aop-chateauneuf-du-pape-blanc-2024\/\" \/>\n<meta property=\"og:locale\" content=\"fr_FR\" \/>\n<meta property=\"og:type\" content=\"article\" \/>\n<meta property=\"og:title\" content=\"ESPRIT DES VESTIGES - AOP Ch\u00e2teauneuf du Pape blanc 2024 - Vignobles &amp; Compagnie\" \/>\n<meta property=\"og:description\" content=\"El\u00e9gant, fin, raffin\u00e9  Une ode \u00e0 l\u2019h\u00e9ritage romain, une passerelle entre pass\u00e9 et pr\u00e9sent.  Rare et pr\u00e9cieux, ce blanc est l\u2019incarnation du raffinement. Il capture la fra\u00eecheur du mistral et la min\u00e9ralit\u00e9 du sol pour donner un vin d\u2019une grande \u00e9l\u00e9gance, o\u00f9 les notes florales et de fruits blancs s\u2019entrelacent harmonieusement. Id\u00e9al sur des poissons fins, une volaille cr\u00e9m\u00e9e ou en d\u00e9gustation seul, comme un grand vin de m\u00e9ditation. AOP Vall\u00e9e du Rh\u00f4ne, Crus, Occasions uniques, Vins gourmands ESPRIT DES VESTIGES - AOP Ch\u00e2teauneuf du Pape blanc 2024 Engag\u00e9s depuis 1963 , Vignobles &amp; Compagnie\" \/>\n<meta property=\"og:url\" content=\"https:\/\/boutique.vignoblescompagnie.com\/home\/produit\/esprit-des-vestiges-aop-chateauneuf-du-pape-blanc-2024\/\" \/>\n<meta property=\"og:site_name\" content=\"Vignobles &amp; Compagnie\" \/>\n<meta property=\"article:publisher\" content=\"https:\/\/www.facebook.com\/Vignobles-Compagnie-1936655449884246\/\" \/>\n<meta property=\"article:modified_time\" content=\"2025-08-21T13:03:23+00:00\" \/>\n<meta property=\"og:image\" content=\"https:\/\/boutique.vignoblescompagnie.com\/wp-content\/uploads\/2025\/03\/BTE-ESPRIT-DES-VESTIGES-CNP-BLANC-1.webp\" \/>\n\t<meta property=\"og:image:width\" content=\"1200\" \/>\n\t<meta property=\"og:image:height\" content=\"1300\" \/>\n\t<meta property=\"og:image:type\" content=\"image\/webp\" \/>\n<meta name=\"twitter:card\" content=\"summary_large_image\" \/>\n<meta name=\"twitter:label1\" content=\"Dur\u00e9e de lecture estim\u00e9e\" \/>\n\t<meta name=\"twitter:data1\" content=\"1 minute\" \/>\n<script type=\"application\/ld+json\" class=\"yoast-schema-graph\">{\"@context\":\"https:\/\/schema.org\",\"@graph\":[{\"@type\":\"WebPage\",\"@id\":\"https:\/\/boutique.vignoblescompagnie.com\/home\/produit\/esprit-des-vestiges-aop-chateauneuf-du-pape-blanc-2024\/\",\"url\":\"https:\/\/boutique.vignoblescompagnie.com\/home\/produit\/esprit-des-vestiges-aop-chateauneuf-du-pape-blanc-2024\/\",\"name\":\"ESPRIT DES VESTIGES - AOP Ch\u00e2teauneuf du Pape blanc 2024 - Vignobles &amp; Compagnie\",\"isPartOf\":{\"@id\":\"https:\/\/boutique.vignoblescompagnie.com\/home\/#website\"},\"primaryImageOfPage\":{\"@id\":\"https:\/\/boutique.vignoblescompagnie.com\/home\/produit\/esprit-des-vestiges-aop-chateauneuf-du-pape-blanc-2024\/#primaryimage\"},\"image\":{\"@id\":\"https:\/\/boutique.vignoblescompagnie.com\/home\/produit\/esprit-des-vestiges-aop-chateauneuf-du-pape-blanc-2024\/#primaryimage\"},\"thumbnailUrl\":\"https:\/\/boutique.vignoblescompagnie.com\/wp-content\/uploads\/2025\/03\/BTE-ESPRIT-DES-VESTIGES-CNP-BLANC-1.webp\",\"datePublished\":\"2025-03-26T14:29:30+00:00\",\"dateModified\":\"2025-08-21T13:03:23+00:00\",\"description\":\"El\u00e9gant, fin, raffin\u00e9 Une ode \u00e0 l\u2019h\u00e9ritage romain, une passerelle entre pass\u00e9 et pr\u00e9sent. Rare et pr\u00e9cieux, ce blanc est l\u2019incarnation du raffinement. Il capture la fra\u00eecheur du mistral et la min\u00e9ralit\u00e9 du sol pour donner un vin d\u2019une grande \u00e9l\u00e9gance, o\u00f9 les notes florales et de fruits blancs s\u2019entrelacent harmonieusement. Id\u00e9al sur des poissons fins, une volaille cr\u00e9m\u00e9e ou en d\u00e9gustation seul, comme un grand vin de m\u00e9ditation. AOP Vall\u00e9e du Rh\u00f4ne, Crus, Occasions uniques, Vins gourmands ESPRIT DES VESTIGES - AOP Ch\u00e2teauneuf du Pape blanc 2024 Engag\u00e9s depuis 1963 , Vignobles &amp; Compagnie\",\"breadcrumb\":{\"@id\":\"https:\/\/boutique.vignoblescompagnie.com\/home\/produit\/esprit-des-vestiges-aop-chateauneuf-du-pape-blanc-2024\/#breadcrumb\"},\"inLanguage\":\"fr-FR\",\"potentialAction\":[{\"@type\":\"ReadAction\",\"target\":[\"https:\/\/boutique.vignoblescompagnie.com\/home\/produit\/esprit-des-vestiges-aop-chateauneuf-du-pape-blanc-2024\/\"]}]},{\"@type\":\"ImageObject\",\"inLanguage\":\"fr-FR\",\"@id\":\"https:\/\/boutique.vignoblescompagnie.com\/home\/produit\/esprit-des-vestiges-aop-chateauneuf-du-pape-blanc-2024\/#primaryimage\",\"url\":\"https:\/\/boutique.vignoblescompagnie.com\/wp-content\/uploads\/2025\/03\/BTE-ESPRIT-DES-VESTIGES-CNP-BLANC-1.webp\",\"contentUrl\":\"https:\/\/boutique.vignoblescompagnie.com\/wp-content\/uploads\/2025\/03\/BTE-ESPRIT-DES-VESTIGES-CNP-BLANC-1.webp\",\"width\":1200,\"height\":1300,\"caption\":\"ESPRIT DES VESTIGES - Ch\u00e2teauneuf du Pape blanc 2024\"},{\"@type\":\"BreadcrumbList\",\"@id\":\"https:\/\/boutique.vignoblescompagnie.com\/home\/produit\/esprit-des-vestiges-aop-chateauneuf-du-pape-blanc-2024\/#breadcrumb\",\"itemListElement\":[{\"@type\":\"ListItem\",\"position\":1,\"name\":\"Home\",\"item\":\"https:\/\/boutique.vignoblescompagnie.com\/home\/\"},{\"@type\":\"ListItem\",\"position\":2,\"name\":\"Boutique\",\"item\":\"https:\/\/boutique.vignoblescompagnie.com\/home\/shop\/\"},{\"@type\":\"ListItem\",\"position\":3,\"name\":\"ESPRIT DES VESTIGES &#8211; AOP Ch\u00e2teauneuf du Pape blanc 2024\"}]},{\"@type\":\"WebSite\",\"@id\":\"https:\/\/boutique.vignoblescompagnie.com\/home\/#website\",\"url\":\"https:\/\/boutique.vignoblescompagnie.com\/home\/\",\"name\":\"Vignobles &amp; Compagnie\",\"description\":\"Engag\u00e9s depuis 1963\",\"publisher\":{\"@id\":\"https:\/\/boutique.vignoblescompagnie.com\/home\/#organization\"},\"potentialAction\":[{\"@type\":\"SearchAction\",\"target\":{\"@type\":\"EntryPoint\",\"urlTemplate\":\"https:\/\/boutique.vignoblescompagnie.com\/home\/?s={search_term_string}\"},\"query-input\":{\"@type\":\"PropertyValueSpecification\",\"valueRequired\":true,\"valueName\":\"search_term_string\"}}],\"inLanguage\":\"fr-FR\"},{\"@type\":\"Organization\",\"@id\":\"https:\/\/boutique.vignoblescompagnie.com\/home\/#organization\",\"name\":\"Vignobles&Compagnie\",\"url\":\"https:\/\/boutique.vignoblescompagnie.com\/home\/\",\"logo\":{\"@type\":\"ImageObject\",\"inLanguage\":\"fr-FR\",\"@id\":\"https:\/\/boutique.vignoblescompagnie.com\/home\/#\/schema\/logo\/image\/\",\"url\":\"\",\"contentUrl\":\"\",\"caption\":\"Vignobles&Compagnie\"},\"image\":{\"@id\":\"https:\/\/boutique.vignoblescompagnie.com\/home\/#\/schema\/logo\/image\/\"},\"sameAs\":[\"https:\/\/www.facebook.com\/Vignobles-Compagnie-1936655449884246\/\",\"https:\/\/www.instagram.com\/vignoblescompagnie_rhone\/?hl=fr\",\"https:\/\/www.linkedin.com\/company-beta\/16238931\/\",\"https:\/\/www.youtube.com\/channel\/UCG_Dbr-g9ZLVmr2sX-tTO9g\"]}]}<\/script>\n<!-- \/ Yoast SEO plugin. -->","yoast_head_json":{"title":"ESPRIT DES VESTIGES - AOP Ch\u00e2teauneuf du Pape blanc 2024 - Vignobles &amp; Compagnie","description":"El\u00e9gant, fin, raffin\u00e9  Une ode \u00e0 l\u2019h\u00e9ritage romain, une passerelle entre pass\u00e9 et pr\u00e9sent.  Rare et pr\u00e9cieux, ce blanc est l\u2019incarnation du raffinement. Il capture la fra\u00eecheur du mistral et la min\u00e9ralit\u00e9 du sol pour donner un vin d\u2019une grande \u00e9l\u00e9gance, o\u00f9 les notes florales et de fruits blancs s\u2019entrelacent harmonieusement. Id\u00e9al sur des poissons fins, une volaille cr\u00e9m\u00e9e ou en d\u00e9gustation seul, comme un grand vin de m\u00e9ditation. AOP Vall\u00e9e du Rh\u00f4ne, Crus, Occasions uniques, Vins gourmands ESPRIT DES VESTIGES - AOP Ch\u00e2teauneuf du Pape blanc 2024 Engag\u00e9s depuis 1963 , Vignobles &amp; Compagnie","robots":{"index":"index","follow":"follow","max-snippet":"max-snippet:-1","max-image-preview":"max-image-preview:large","max-video-preview":"max-video-preview:-1"},"canonical":"https:\/\/boutique.vignoblescompagnie.com\/home\/produit\/esprit-des-vestiges-aop-chateauneuf-du-pape-blanc-2024\/","og_locale":"fr_FR","og_type":"article","og_title":"ESPRIT DES VESTIGES - AOP Ch\u00e2teauneuf du Pape blanc 2024 - Vignobles &amp; Compagnie","og_description":"El\u00e9gant, fin, raffin\u00e9  Une ode \u00e0 l\u2019h\u00e9ritage romain, une passerelle entre pass\u00e9 et pr\u00e9sent.  Rare et pr\u00e9cieux, ce blanc est l\u2019incarnation du raffinement. Il capture la fra\u00eecheur du mistral et la min\u00e9ralit\u00e9 du sol pour donner un vin d\u2019une grande \u00e9l\u00e9gance, o\u00f9 les notes florales et de fruits blancs s\u2019entrelacent harmonieusement. Id\u00e9al sur des poissons fins, une volaille cr\u00e9m\u00e9e ou en d\u00e9gustation seul, comme un grand vin de m\u00e9ditation. AOP Vall\u00e9e du Rh\u00f4ne, Crus, Occasions uniques, Vins gourmands ESPRIT DES VESTIGES - AOP Ch\u00e2teauneuf du Pape blanc 2024 Engag\u00e9s depuis 1963 , Vignobles &amp; Compagnie","og_url":"https:\/\/boutique.vignoblescompagnie.com\/home\/produit\/esprit-des-vestiges-aop-chateauneuf-du-pape-blanc-2024\/","og_site_name":"Vignobles &amp; Compagnie","article_publisher":"https:\/\/www.facebook.com\/Vignobles-Compagnie-1936655449884246\/","article_modified_time":"2025-08-21T13:03:23+00:00","og_image":[{"width":1200,"height":1300,"url":"https:\/\/boutique.vignoblescompagnie.com\/wp-content\/uploads\/2025\/03\/BTE-ESPRIT-DES-VESTIGES-CNP-BLANC-1.webp","type":"image\/webp"}],"twitter_card":"summary_large_image","twitter_misc":{"Dur\u00e9e de lecture estim\u00e9e":"1 minute"},"schema":{"@context":"https:\/\/schema.org","@graph":[{"@type":"WebPage","@id":"https:\/\/boutique.vignoblescompagnie.com\/home\/produit\/esprit-des-vestiges-aop-chateauneuf-du-pape-blanc-2024\/","url":"https:\/\/boutique.vignoblescompagnie.com\/home\/produit\/esprit-des-vestiges-aop-chateauneuf-du-pape-blanc-2024\/","name":"ESPRIT DES VESTIGES - AOP Ch\u00e2teauneuf du Pape blanc 2024 - Vignobles &amp; Compagnie","isPartOf":{"@id":"https:\/\/boutique.vignoblescompagnie.com\/home\/#website"},"primaryImageOfPage":{"@id":"https:\/\/boutique.vignoblescompagnie.com\/home\/produit\/esprit-des-vestiges-aop-chateauneuf-du-pape-blanc-2024\/#primaryimage"},"image":{"@id":"https:\/\/boutique.vignoblescompagnie.com\/home\/produit\/esprit-des-vestiges-aop-chateauneuf-du-pape-blanc-2024\/#primaryimage"},"thumbnailUrl":"https:\/\/boutique.vignoblescompagnie.com\/wp-content\/uploads\/2025\/03\/BTE-ESPRIT-DES-VESTIGES-CNP-BLANC-1.webp","datePublished":"2025-03-26T14:29:30+00:00","dateModified":"2025-08-21T13:03:23+00:00","description":"El\u00e9gant, fin, raffin\u00e9 Une ode \u00e0 l\u2019h\u00e9ritage romain, une passerelle entre pass\u00e9 et pr\u00e9sent. Rare et pr\u00e9cieux, ce blanc est l\u2019incarnation du raffinement. Il capture la fra\u00eecheur du mistral et la min\u00e9ralit\u00e9 du sol pour donner un vin d\u2019une grande \u00e9l\u00e9gance, o\u00f9 les notes florales et de fruits blancs s\u2019entrelacent harmonieusement. Id\u00e9al sur des poissons fins, une volaille cr\u00e9m\u00e9e ou en d\u00e9gustation seul, comme un grand vin de m\u00e9ditation. AOP Vall\u00e9e du Rh\u00f4ne, Crus, Occasions uniques, Vins gourmands ESPRIT DES VESTIGES - AOP Ch\u00e2teauneuf du Pape blanc 2024 Engag\u00e9s depuis 1963 , Vignobles &amp; Compagnie","breadcrumb":{"@id":"https:\/\/boutique.vignoblescompagnie.com\/home\/produit\/esprit-des-vestiges-aop-chateauneuf-du-pape-blanc-2024\/#breadcrumb"},"inLanguage":"fr-FR","potentialAction":[{"@type":"ReadAction","target":["https:\/\/boutique.vignoblescompagnie.com\/home\/produit\/esprit-des-vestiges-aop-chateauneuf-du-pape-blanc-2024\/"]}]},{"@type":"ImageObject","inLanguage":"fr-FR","@id":"https:\/\/boutique.vignoblescompagnie.com\/home\/produit\/esprit-des-vestiges-aop-chateauneuf-du-pape-blanc-2024\/#primaryimage","url":"https:\/\/boutique.vignoblescompagnie.com\/wp-content\/uploads\/2025\/03\/BTE-ESPRIT-DES-VESTIGES-CNP-BLANC-1.webp","contentUrl":"https:\/\/boutique.vignoblescompagnie.com\/wp-content\/uploads\/2025\/03\/BTE-ESPRIT-DES-VESTIGES-CNP-BLANC-1.webp","width":1200,"height":1300,"caption":"ESPRIT DES VESTIGES - Ch\u00e2teauneuf du Pape blanc 2024"},{"@type":"BreadcrumbList","@id":"https:\/\/boutique.vignoblescompagnie.com\/home\/produit\/esprit-des-vestiges-aop-chateauneuf-du-pape-blanc-2024\/#breadcrumb","itemListElement":[{"@type":"ListItem","position":1,"name":"Home","item":"https:\/\/boutique.vignoblescompagnie.com\/home\/"},{"@type":"ListItem","position":2,"name":"Boutique","item":"https:\/\/boutique.vignoblescompagnie.com\/home\/shop\/"},{"@type":"ListItem","position":3,"name":"ESPRIT DES VESTIGES &#8211; AOP Ch\u00e2teauneuf du Pape blanc 2024"}]},{"@type":"WebSite","@id":"https:\/\/boutique.vignoblescompagnie.com\/home\/#website","url":"https:\/\/boutique.vignoblescompagnie.com\/home\/","name":"Vignobles &amp; Compagnie","description":"Engag\u00e9s depuis 1963","publisher":{"@id":"https:\/\/boutique.vignoblescompagnie.com\/home\/#organization"},"potentialAction":[{"@type":"SearchAction","target":{"@type":"EntryPoint","urlTemplate":"https:\/\/boutique.vignoblescompagnie.com\/home\/?s={search_term_string}"},"query-input":{"@type":"PropertyValueSpecification","valueRequired":true,"valueName":"search_term_string"}}],"inLanguage":"fr-FR"},{"@type":"Organization","@id":"https:\/\/boutique.vignoblescompagnie.com\/home\/#organization","name":"Vignobles&Compagnie","url":"https:\/\/boutique.vignoblescompagnie.com\/home\/","logo":{"@type":"ImageObject","inLanguage":"fr-FR","@id":"https:\/\/boutique.vignoblescompagnie.com\/home\/#\/schema\/logo\/image\/","url":"","contentUrl":"","caption":"Vignobles&Compagnie"},"image":{"@id":"https:\/\/boutique.vignoblescompagnie.com\/home\/#\/schema\/logo\/image\/"},"sameAs":["https:\/\/www.facebook.com\/Vignobles-Compagnie-1936655449884246\/","https:\/\/www.instagram.com\/vignoblescompagnie_rhone\/?hl=fr","https:\/\/www.linkedin.com\/company-beta\/16238931\/","https:\/\/www.youtube.com\/channel\/UCG_Dbr-g9ZLVmr2sX-tTO9g"]}]}},"_links":{"self":[{"href":"https:\/\/boutique.vignoblescompagnie.com\/home\/wp-json\/wp\/v2\/product\/58500","targetHints":{"allow":["GET"]}}],"collection":[{"href":"https:\/\/boutique.vignoblescompagnie.com\/home\/wp-json\/wp\/v2\/product"}],"about":[{"href":"https:\/\/boutique.vignoblescompagnie.com\/home\/wp-json\/wp\/v2\/types\/product"}],"replies":[{"embeddable":true,"href":"https:\/\/boutique.vignoblescompagnie.com\/home\/wp-json\/wp\/v2\/comments?post=58500"}],"wp:featuredmedia":[{"embeddable":true,"href":"https:\/\/boutique.vignoblescompagnie.com\/home\/wp-json\/wp\/v2\/media\/58502"}],"wp:attachment":[{"href":"https:\/\/boutique.vignoblescompagnie.com\/home\/wp-json\/wp\/v2\/media?parent=58500"}],"wp:term":[{"taxonomy":"product_brand","embeddable":true,"href":"https:\/\/boutique.vignoblescompagnie.com\/home\/wp-json\/wp\/v2\/product_brand?post=58500"},{"taxonomy":"product_cat","embeddable":true,"href":"https:\/\/boutique.vignoblescompagnie.com\/home\/wp-json\/wp\/v2\/product_cat?post=58500"},{"taxonomy":"product_tag","embeddable":true,"href":"https:\/\/boutique.vignoblescompagnie.com\/home\/wp-json\/wp\/v2\/product_tag?post=58500"}],"curies":[{"name":"wp","href":"https:\/\/api.w.org\/{rel}","templated":true}]}}