{"id":58447,"date":"2025-03-25T19:15:28","date_gmt":"2025-03-25T17:15:28","guid":{"rendered":"https:\/\/boutique.vignoblescompagnie.com\/?post_type=product&#038;p=58447"},"modified":"2025-08-21T15:02:55","modified_gmt":"2025-08-21T13:02:55","slug":"esprit-des-vestiges-aop-chateauneuf-du-pape-rouge-2023","status":"publish","type":"product","link":"https:\/\/boutique.vignoblescompagnie.com\/home\/produit\/esprit-des-vestiges-aop-chateauneuf-du-pape-rouge-2023\/","title":{"rendered":"ESPRIT DES VESTIGES &#8211; AOP Ch\u00e2teauneuf du Pape rouge 2023"},"content":{"rendered":"<p><strong>CEPAGES<\/strong><\/p>\n<p>Grenache, Syrah<\/p>\n<p><strong>TERROIR<\/strong><\/p>\n<p>Galets roul\u00e9s<\/p>\n<p><strong>VINIFICATION<\/strong><\/p>\n<p>Vendange \u00e0 pleine maturit\u00e9, \u00e9rafl\u00e9e et foul\u00e9e. Fermentation contr\u00f4l\u00e9e \u00e0 25\u00b0C remontage et d\u00e9lestage. Vinification traditionnelle. Longue mac\u00e9ration (4 \u00e0 5 semaines).<\/p>\n<p><strong>DEGUSTATION<\/strong><\/p>\n<p>Robe rouge rubis profond, marqu\u00e9e par des ar\u00f4mes de fruits rouges (framboise, m\u00fbre et cassis), de truffe et d\u2019\u00e9pices. Vin puissant et capiteux, \u00e0 la finale longue, souple et soyeuse.<\/p>\n<p><strong>ACCORDS METS ET VIN<\/strong><\/p>\n<p>\u2022 Pigeon r\u00f4ti aux c\u00e8pes<br \/>\n\u2022 C\u00f4te de b\u0153uf<br \/>\n\u2022 Aubergines grill\u00e9es<\/p>\n<p><span style=\"color: #e58625;\"> <strong>INFORMEZ-VOUS<\/strong><\/span><\/p>\n<p><a href=\"https:\/\/vincod.com\/n\/6792441c5bedb\/qredn\">INGREDIENTS &amp; DECLARATION NUTRITIONNELLE<\/a><\/p>\n<p>&nbsp;<\/p>\n<p>&nbsp;<\/p>\n<p><strong>En recherche d&#8217;une cuv\u00e9e PUISSANTE &amp; FRUITE ?\u00a0<\/strong><\/p>\n<p><a href=\"\/?p=58443\">A CEUX QUI REVENT &#8211; AOP Ch\u00e2teauneuf du Pape rouge 2023 &#8211; Vignobles &amp; Compagnie<\/a><\/p>\n<p><a href=\"\/?p=58504\">ESPRIT DES VESTIGES &#8211; AOP Gigondas rouge 2023 &#8211; Vignobles &amp; Compagnie<\/a><\/p>\n<p><a href=\"\/?p=58506\">ESPRIT DES VESTIGES &#8211; AOP Beaumes de Venise rouge 2023 &#8211; Vignobles &amp; Compagnie<\/a><\/p>\n<p><em><strong>D\u00e9couvrez notre collection\u00a0<\/strong><\/em><\/p>\n<p><a href=\"https:\/\/www.vignoblescompagnie.com\/collections\/esprit-des-vestiges\/\">Esprit des Vestiges &#8211; Vignobles &amp; Compagnie<\/a><\/p>\n<p>&nbsp;<\/p>\n","protected":false},"excerpt":{"rendered":"<p><strong>Dense, Expressif, Complexe<\/strong><\/p>\n<p>Une ode \u00e0 l\u2019h\u00e9ritage romain, une passerelle entre pass\u00e9 et pr\u00e9sent.<\/p>\n<p>Sur ces terres l\u00e9gendaires o\u00f9 les Papes \u00e9tablirent leur r\u00e9sidence d\u2019\u00e9t\u00e9, les galets roul\u00e9s emmagasinent la chaleur du jour pour la restituer \u00e0 la vigne la nuit, offrant un vin puissant et structur\u00e9. Densit\u00e9, richesse et complexit\u00e9 se d\u00e9voilent dans une palette d\u2019ar\u00f4mes de fruits noirs, d\u2019\u00e9pices et de garrigue, parfait pour accompagner une cuisine gastronomique et des viandes r\u00f4ties.<\/p>\n","protected":false},"featured_media":58498,"comment_status":"open","ping_status":"closed","template":"","meta":[],"product_brand":[],"product_cat":[1372,1261,1441,1438],"product_tag":[1373],"class_list":{"0":"post-58447","1":"product","2":"type-product","3":"status-publish","4":"has-post-thumbnail","6":"product_cat-aop-vallee-du-rhone","7":"product_cat-crus","8":"product_cat-occasions-uniques","9":"product_cat-vins-puissants","10":"product_tag-cru-meridional","11":"pa_accord-gibiers","12":"pa_accord-viandes-corsees","15":"first","16":"instock","17":"taxable","18":"shipping-taxable","19":"purchasable","20":"product-type-simple"},"yoast_head":"<!-- This site is optimized with the Yoast SEO plugin v25.9 - https:\/\/yoast.com\/wordpress\/plugins\/seo\/ -->\n<title>ESPRIT DES VESTIGES - AOP Ch\u00e2teauneuf du Pape rouge 2023 - Vignobles &amp; Compagnie<\/title>\n<meta name=\"description\" content=\"Dense, Expressif, Complexe  Une ode \u00e0 l\u2019h\u00e9ritage romain, une passerelle entre pass\u00e9 et pr\u00e9sent.  Sur ces terres l\u00e9gendaires o\u00f9 les Papes \u00e9tablirent leur r\u00e9sidence d\u2019\u00e9t\u00e9, les galets roul\u00e9s emmagasinent la chaleur du jour pour la restituer \u00e0 la vigne la nuit, offrant un vin puissant et structur\u00e9. Densit\u00e9, richesse et complexit\u00e9 se d\u00e9voilent dans une palette d\u2019ar\u00f4mes de fruits noirs, d\u2019\u00e9pices et de garrigue, parfait pour accompagner une cuisine gastronomique et des viandes r\u00f4ties. AOP Vall\u00e9e du Rh\u00f4ne, Crus, Occasions uniques, Vins puissants ESPRIT DES VESTIGES - AOP Ch\u00e2teauneuf du Pape rouge 2023 Engag\u00e9s depuis 1963 , Vignobles &amp; Compagnie\" \/>\n<meta name=\"robots\" content=\"index, follow, max-snippet:-1, max-image-preview:large, max-video-preview:-1\" \/>\n<link rel=\"canonical\" href=\"https:\/\/boutique.vignoblescompagnie.com\/home\/produit\/esprit-des-vestiges-aop-chateauneuf-du-pape-rouge-2023\/\" \/>\n<meta property=\"og:locale\" content=\"fr_FR\" \/>\n<meta property=\"og:type\" content=\"article\" \/>\n<meta property=\"og:title\" content=\"ESPRIT DES VESTIGES - AOP Ch\u00e2teauneuf du Pape rouge 2023 - Vignobles &amp; Compagnie\" \/>\n<meta property=\"og:description\" content=\"Dense, Expressif, Complexe  Une ode \u00e0 l\u2019h\u00e9ritage romain, une passerelle entre pass\u00e9 et pr\u00e9sent.  Sur ces terres l\u00e9gendaires o\u00f9 les Papes \u00e9tablirent leur r\u00e9sidence d\u2019\u00e9t\u00e9, les galets roul\u00e9s emmagasinent la chaleur du jour pour la restituer \u00e0 la vigne la nuit, offrant un vin puissant et structur\u00e9. Densit\u00e9, richesse et complexit\u00e9 se d\u00e9voilent dans une palette d\u2019ar\u00f4mes de fruits noirs, d\u2019\u00e9pices et de garrigue, parfait pour accompagner une cuisine gastronomique et des viandes r\u00f4ties. AOP Vall\u00e9e du Rh\u00f4ne, Crus, Occasions uniques, Vins puissants ESPRIT DES VESTIGES - AOP Ch\u00e2teauneuf du Pape rouge 2023 Engag\u00e9s depuis 1963 , Vignobles &amp; Compagnie\" \/>\n<meta property=\"og:url\" content=\"https:\/\/boutique.vignoblescompagnie.com\/home\/produit\/esprit-des-vestiges-aop-chateauneuf-du-pape-rouge-2023\/\" \/>\n<meta property=\"og:site_name\" content=\"Vignobles &amp; Compagnie\" \/>\n<meta property=\"article:publisher\" content=\"https:\/\/www.facebook.com\/Vignobles-Compagnie-1936655449884246\/\" \/>\n<meta property=\"article:modified_time\" content=\"2025-08-21T13:02:55+00:00\" \/>\n<meta property=\"og:image\" content=\"https:\/\/boutique.vignoblescompagnie.com\/wp-content\/uploads\/2025\/03\/BTE-ESPRIT-DES-VESTIGES-CNP-ROUGE-1.webp\" \/>\n\t<meta property=\"og:image:width\" content=\"1200\" \/>\n\t<meta property=\"og:image:height\" content=\"1300\" \/>\n\t<meta property=\"og:image:type\" content=\"image\/webp\" \/>\n<meta name=\"twitter:card\" content=\"summary_large_image\" \/>\n<meta name=\"twitter:label1\" content=\"Dur\u00e9e de lecture estim\u00e9e\" \/>\n\t<meta name=\"twitter:data1\" content=\"1 minute\" \/>\n<script type=\"application\/ld+json\" class=\"yoast-schema-graph\">{\"@context\":\"https:\/\/schema.org\",\"@graph\":[{\"@type\":\"WebPage\",\"@id\":\"https:\/\/boutique.vignoblescompagnie.com\/home\/produit\/esprit-des-vestiges-aop-chateauneuf-du-pape-rouge-2023\/\",\"url\":\"https:\/\/boutique.vignoblescompagnie.com\/home\/produit\/esprit-des-vestiges-aop-chateauneuf-du-pape-rouge-2023\/\",\"name\":\"ESPRIT DES VESTIGES - AOP Ch\u00e2teauneuf du Pape rouge 2023 - Vignobles &amp; Compagnie\",\"isPartOf\":{\"@id\":\"https:\/\/boutique.vignoblescompagnie.com\/home\/#website\"},\"primaryImageOfPage\":{\"@id\":\"https:\/\/boutique.vignoblescompagnie.com\/home\/produit\/esprit-des-vestiges-aop-chateauneuf-du-pape-rouge-2023\/#primaryimage\"},\"image\":{\"@id\":\"https:\/\/boutique.vignoblescompagnie.com\/home\/produit\/esprit-des-vestiges-aop-chateauneuf-du-pape-rouge-2023\/#primaryimage\"},\"thumbnailUrl\":\"https:\/\/boutique.vignoblescompagnie.com\/wp-content\/uploads\/2025\/03\/BTE-ESPRIT-DES-VESTIGES-CNP-ROUGE-1.webp\",\"datePublished\":\"2025-03-25T17:15:28+00:00\",\"dateModified\":\"2025-08-21T13:02:55+00:00\",\"description\":\"Dense, Expressif, Complexe Une ode \u00e0 l\u2019h\u00e9ritage romain, une passerelle entre pass\u00e9 et pr\u00e9sent. Sur ces terres l\u00e9gendaires o\u00f9 les Papes \u00e9tablirent leur r\u00e9sidence d\u2019\u00e9t\u00e9, les galets roul\u00e9s emmagasinent la chaleur du jour pour la restituer \u00e0 la vigne la nuit, offrant un vin puissant et structur\u00e9. Densit\u00e9, richesse et complexit\u00e9 se d\u00e9voilent dans une palette d\u2019ar\u00f4mes de fruits noirs, d\u2019\u00e9pices et de garrigue, parfait pour accompagner une cuisine gastronomique et des viandes r\u00f4ties. AOP Vall\u00e9e du Rh\u00f4ne, Crus, Occasions uniques, Vins puissants ESPRIT DES VESTIGES - AOP Ch\u00e2teauneuf du Pape rouge 2023 Engag\u00e9s depuis 1963 , Vignobles &amp; Compagnie\",\"breadcrumb\":{\"@id\":\"https:\/\/boutique.vignoblescompagnie.com\/home\/produit\/esprit-des-vestiges-aop-chateauneuf-du-pape-rouge-2023\/#breadcrumb\"},\"inLanguage\":\"fr-FR\",\"potentialAction\":[{\"@type\":\"ReadAction\",\"target\":[\"https:\/\/boutique.vignoblescompagnie.com\/home\/produit\/esprit-des-vestiges-aop-chateauneuf-du-pape-rouge-2023\/\"]}]},{\"@type\":\"ImageObject\",\"inLanguage\":\"fr-FR\",\"@id\":\"https:\/\/boutique.vignoblescompagnie.com\/home\/produit\/esprit-des-vestiges-aop-chateauneuf-du-pape-rouge-2023\/#primaryimage\",\"url\":\"https:\/\/boutique.vignoblescompagnie.com\/wp-content\/uploads\/2025\/03\/BTE-ESPRIT-DES-VESTIGES-CNP-ROUGE-1.webp\",\"contentUrl\":\"https:\/\/boutique.vignoblescompagnie.com\/wp-content\/uploads\/2025\/03\/BTE-ESPRIT-DES-VESTIGES-CNP-ROUGE-1.webp\",\"width\":1200,\"height\":1300,\"caption\":\"ESPRIT DES VESTIGES - Ch\u00e2teauneuf du Pape rouge 2023\"},{\"@type\":\"BreadcrumbList\",\"@id\":\"https:\/\/boutique.vignoblescompagnie.com\/home\/produit\/esprit-des-vestiges-aop-chateauneuf-du-pape-rouge-2023\/#breadcrumb\",\"itemListElement\":[{\"@type\":\"ListItem\",\"position\":1,\"name\":\"Home\",\"item\":\"https:\/\/boutique.vignoblescompagnie.com\/home\/\"},{\"@type\":\"ListItem\",\"position\":2,\"name\":\"Boutique\",\"item\":\"https:\/\/boutique.vignoblescompagnie.com\/home\/shop\/\"},{\"@type\":\"ListItem\",\"position\":3,\"name\":\"ESPRIT DES VESTIGES &#8211; AOP Ch\u00e2teauneuf du Pape rouge 2023\"}]},{\"@type\":\"WebSite\",\"@id\":\"https:\/\/boutique.vignoblescompagnie.com\/home\/#website\",\"url\":\"https:\/\/boutique.vignoblescompagnie.com\/home\/\",\"name\":\"Vignobles &amp; Compagnie\",\"description\":\"Engag\u00e9s depuis 1963\",\"publisher\":{\"@id\":\"https:\/\/boutique.vignoblescompagnie.com\/home\/#organization\"},\"potentialAction\":[{\"@type\":\"SearchAction\",\"target\":{\"@type\":\"EntryPoint\",\"urlTemplate\":\"https:\/\/boutique.vignoblescompagnie.com\/home\/?s={search_term_string}\"},\"query-input\":{\"@type\":\"PropertyValueSpecification\",\"valueRequired\":true,\"valueName\":\"search_term_string\"}}],\"inLanguage\":\"fr-FR\"},{\"@type\":\"Organization\",\"@id\":\"https:\/\/boutique.vignoblescompagnie.com\/home\/#organization\",\"name\":\"Vignobles&Compagnie\",\"url\":\"https:\/\/boutique.vignoblescompagnie.com\/home\/\",\"logo\":{\"@type\":\"ImageObject\",\"inLanguage\":\"fr-FR\",\"@id\":\"https:\/\/boutique.vignoblescompagnie.com\/home\/#\/schema\/logo\/image\/\",\"url\":\"\",\"contentUrl\":\"\",\"caption\":\"Vignobles&Compagnie\"},\"image\":{\"@id\":\"https:\/\/boutique.vignoblescompagnie.com\/home\/#\/schema\/logo\/image\/\"},\"sameAs\":[\"https:\/\/www.facebook.com\/Vignobles-Compagnie-1936655449884246\/\",\"https:\/\/www.instagram.com\/vignoblescompagnie_rhone\/?hl=fr\",\"https:\/\/www.linkedin.com\/company-beta\/16238931\/\",\"https:\/\/www.youtube.com\/channel\/UCG_Dbr-g9ZLVmr2sX-tTO9g\"]}]}<\/script>\n<!-- \/ Yoast SEO plugin. -->","yoast_head_json":{"title":"ESPRIT DES VESTIGES - AOP Ch\u00e2teauneuf du Pape rouge 2023 - Vignobles &amp; Compagnie","description":"Dense, Expressif, Complexe  Une ode \u00e0 l\u2019h\u00e9ritage romain, une passerelle entre pass\u00e9 et pr\u00e9sent.  Sur ces terres l\u00e9gendaires o\u00f9 les Papes \u00e9tablirent leur r\u00e9sidence d\u2019\u00e9t\u00e9, les galets roul\u00e9s emmagasinent la chaleur du jour pour la restituer \u00e0 la vigne la nuit, offrant un vin puissant et structur\u00e9. Densit\u00e9, richesse et complexit\u00e9 se d\u00e9voilent dans une palette d\u2019ar\u00f4mes de fruits noirs, d\u2019\u00e9pices et de garrigue, parfait pour accompagner une cuisine gastronomique et des viandes r\u00f4ties. AOP Vall\u00e9e du Rh\u00f4ne, Crus, Occasions uniques, Vins puissants ESPRIT DES VESTIGES - AOP Ch\u00e2teauneuf du Pape rouge 2023 Engag\u00e9s depuis 1963 , Vignobles &amp; Compagnie","robots":{"index":"index","follow":"follow","max-snippet":"max-snippet:-1","max-image-preview":"max-image-preview:large","max-video-preview":"max-video-preview:-1"},"canonical":"https:\/\/boutique.vignoblescompagnie.com\/home\/produit\/esprit-des-vestiges-aop-chateauneuf-du-pape-rouge-2023\/","og_locale":"fr_FR","og_type":"article","og_title":"ESPRIT DES VESTIGES - AOP Ch\u00e2teauneuf du Pape rouge 2023 - Vignobles &amp; Compagnie","og_description":"Dense, Expressif, Complexe  Une ode \u00e0 l\u2019h\u00e9ritage romain, une passerelle entre pass\u00e9 et pr\u00e9sent.  Sur ces terres l\u00e9gendaires o\u00f9 les Papes \u00e9tablirent leur r\u00e9sidence d\u2019\u00e9t\u00e9, les galets roul\u00e9s emmagasinent la chaleur du jour pour la restituer \u00e0 la vigne la nuit, offrant un vin puissant et structur\u00e9. Densit\u00e9, richesse et complexit\u00e9 se d\u00e9voilent dans une palette d\u2019ar\u00f4mes de fruits noirs, d\u2019\u00e9pices et de garrigue, parfait pour accompagner une cuisine gastronomique et des viandes r\u00f4ties. AOP Vall\u00e9e du Rh\u00f4ne, Crus, Occasions uniques, Vins puissants ESPRIT DES VESTIGES - AOP Ch\u00e2teauneuf du Pape rouge 2023 Engag\u00e9s depuis 1963 , Vignobles &amp; Compagnie","og_url":"https:\/\/boutique.vignoblescompagnie.com\/home\/produit\/esprit-des-vestiges-aop-chateauneuf-du-pape-rouge-2023\/","og_site_name":"Vignobles &amp; Compagnie","article_publisher":"https:\/\/www.facebook.com\/Vignobles-Compagnie-1936655449884246\/","article_modified_time":"2025-08-21T13:02:55+00:00","og_image":[{"width":1200,"height":1300,"url":"https:\/\/boutique.vignoblescompagnie.com\/wp-content\/uploads\/2025\/03\/BTE-ESPRIT-DES-VESTIGES-CNP-ROUGE-1.webp","type":"image\/webp"}],"twitter_card":"summary_large_image","twitter_misc":{"Dur\u00e9e de lecture estim\u00e9e":"1 minute"},"schema":{"@context":"https:\/\/schema.org","@graph":[{"@type":"WebPage","@id":"https:\/\/boutique.vignoblescompagnie.com\/home\/produit\/esprit-des-vestiges-aop-chateauneuf-du-pape-rouge-2023\/","url":"https:\/\/boutique.vignoblescompagnie.com\/home\/produit\/esprit-des-vestiges-aop-chateauneuf-du-pape-rouge-2023\/","name":"ESPRIT DES VESTIGES - AOP Ch\u00e2teauneuf du Pape rouge 2023 - Vignobles &amp; Compagnie","isPartOf":{"@id":"https:\/\/boutique.vignoblescompagnie.com\/home\/#website"},"primaryImageOfPage":{"@id":"https:\/\/boutique.vignoblescompagnie.com\/home\/produit\/esprit-des-vestiges-aop-chateauneuf-du-pape-rouge-2023\/#primaryimage"},"image":{"@id":"https:\/\/boutique.vignoblescompagnie.com\/home\/produit\/esprit-des-vestiges-aop-chateauneuf-du-pape-rouge-2023\/#primaryimage"},"thumbnailUrl":"https:\/\/boutique.vignoblescompagnie.com\/wp-content\/uploads\/2025\/03\/BTE-ESPRIT-DES-VESTIGES-CNP-ROUGE-1.webp","datePublished":"2025-03-25T17:15:28+00:00","dateModified":"2025-08-21T13:02:55+00:00","description":"Dense, Expressif, Complexe Une ode \u00e0 l\u2019h\u00e9ritage romain, une passerelle entre pass\u00e9 et pr\u00e9sent. Sur ces terres l\u00e9gendaires o\u00f9 les Papes \u00e9tablirent leur r\u00e9sidence d\u2019\u00e9t\u00e9, les galets roul\u00e9s emmagasinent la chaleur du jour pour la restituer \u00e0 la vigne la nuit, offrant un vin puissant et structur\u00e9. Densit\u00e9, richesse et complexit\u00e9 se d\u00e9voilent dans une palette d\u2019ar\u00f4mes de fruits noirs, d\u2019\u00e9pices et de garrigue, parfait pour accompagner une cuisine gastronomique et des viandes r\u00f4ties. AOP Vall\u00e9e du Rh\u00f4ne, Crus, Occasions uniques, Vins puissants ESPRIT DES VESTIGES - AOP Ch\u00e2teauneuf du Pape rouge 2023 Engag\u00e9s depuis 1963 , Vignobles &amp; Compagnie","breadcrumb":{"@id":"https:\/\/boutique.vignoblescompagnie.com\/home\/produit\/esprit-des-vestiges-aop-chateauneuf-du-pape-rouge-2023\/#breadcrumb"},"inLanguage":"fr-FR","potentialAction":[{"@type":"ReadAction","target":["https:\/\/boutique.vignoblescompagnie.com\/home\/produit\/esprit-des-vestiges-aop-chateauneuf-du-pape-rouge-2023\/"]}]},{"@type":"ImageObject","inLanguage":"fr-FR","@id":"https:\/\/boutique.vignoblescompagnie.com\/home\/produit\/esprit-des-vestiges-aop-chateauneuf-du-pape-rouge-2023\/#primaryimage","url":"https:\/\/boutique.vignoblescompagnie.com\/wp-content\/uploads\/2025\/03\/BTE-ESPRIT-DES-VESTIGES-CNP-ROUGE-1.webp","contentUrl":"https:\/\/boutique.vignoblescompagnie.com\/wp-content\/uploads\/2025\/03\/BTE-ESPRIT-DES-VESTIGES-CNP-ROUGE-1.webp","width":1200,"height":1300,"caption":"ESPRIT DES VESTIGES - Ch\u00e2teauneuf du Pape rouge 2023"},{"@type":"BreadcrumbList","@id":"https:\/\/boutique.vignoblescompagnie.com\/home\/produit\/esprit-des-vestiges-aop-chateauneuf-du-pape-rouge-2023\/#breadcrumb","itemListElement":[{"@type":"ListItem","position":1,"name":"Home","item":"https:\/\/boutique.vignoblescompagnie.com\/home\/"},{"@type":"ListItem","position":2,"name":"Boutique","item":"https:\/\/boutique.vignoblescompagnie.com\/home\/shop\/"},{"@type":"ListItem","position":3,"name":"ESPRIT DES VESTIGES &#8211; AOP Ch\u00e2teauneuf du Pape rouge 2023"}]},{"@type":"WebSite","@id":"https:\/\/boutique.vignoblescompagnie.com\/home\/#website","url":"https:\/\/boutique.vignoblescompagnie.com\/home\/","name":"Vignobles &amp; Compagnie","description":"Engag\u00e9s depuis 1963","publisher":{"@id":"https:\/\/boutique.vignoblescompagnie.com\/home\/#organization"},"potentialAction":[{"@type":"SearchAction","target":{"@type":"EntryPoint","urlTemplate":"https:\/\/boutique.vignoblescompagnie.com\/home\/?s={search_term_string}"},"query-input":{"@type":"PropertyValueSpecification","valueRequired":true,"valueName":"search_term_string"}}],"inLanguage":"fr-FR"},{"@type":"Organization","@id":"https:\/\/boutique.vignoblescompagnie.com\/home\/#organization","name":"Vignobles&Compagnie","url":"https:\/\/boutique.vignoblescompagnie.com\/home\/","logo":{"@type":"ImageObject","inLanguage":"fr-FR","@id":"https:\/\/boutique.vignoblescompagnie.com\/home\/#\/schema\/logo\/image\/","url":"","contentUrl":"","caption":"Vignobles&Compagnie"},"image":{"@id":"https:\/\/boutique.vignoblescompagnie.com\/home\/#\/schema\/logo\/image\/"},"sameAs":["https:\/\/www.facebook.com\/Vignobles-Compagnie-1936655449884246\/","https:\/\/www.instagram.com\/vignoblescompagnie_rhone\/?hl=fr","https:\/\/www.linkedin.com\/company-beta\/16238931\/","https:\/\/www.youtube.com\/channel\/UCG_Dbr-g9ZLVmr2sX-tTO9g"]}]}},"_links":{"self":[{"href":"https:\/\/boutique.vignoblescompagnie.com\/home\/wp-json\/wp\/v2\/product\/58447","targetHints":{"allow":["GET"]}}],"collection":[{"href":"https:\/\/boutique.vignoblescompagnie.com\/home\/wp-json\/wp\/v2\/product"}],"about":[{"href":"https:\/\/boutique.vignoblescompagnie.com\/home\/wp-json\/wp\/v2\/types\/product"}],"replies":[{"embeddable":true,"href":"https:\/\/boutique.vignoblescompagnie.com\/home\/wp-json\/wp\/v2\/comments?post=58447"}],"wp:featuredmedia":[{"embeddable":true,"href":"https:\/\/boutique.vignoblescompagnie.com\/home\/wp-json\/wp\/v2\/media\/58498"}],"wp:attachment":[{"href":"https:\/\/boutique.vignoblescompagnie.com\/home\/wp-json\/wp\/v2\/media?parent=58447"}],"wp:term":[{"taxonomy":"product_brand","embeddable":true,"href":"https:\/\/boutique.vignoblescompagnie.com\/home\/wp-json\/wp\/v2\/product_brand?post=58447"},{"taxonomy":"product_cat","embeddable":true,"href":"https:\/\/boutique.vignoblescompagnie.com\/home\/wp-json\/wp\/v2\/product_cat?post=58447"},{"taxonomy":"product_tag","embeddable":true,"href":"https:\/\/boutique.vignoblescompagnie.com\/home\/wp-json\/wp\/v2\/product_tag?post=58447"}],"curies":[{"name":"wp","href":"https:\/\/api.w.org\/{rel}","templated":true}]}}