{"id":58443,"date":"2025-03-25T18:33:52","date_gmt":"2025-03-25T16:33:52","guid":{"rendered":"https:\/\/boutique.vignoblescompagnie.com\/?post_type=product&#038;p=58443"},"modified":"2026-04-01T09:47:25","modified_gmt":"2026-04-01T07:47:25","slug":"a-ceux-qui-revent-aop-chateauneuf-du-pape-rouge-2023","status":"publish","type":"product","link":"https:\/\/boutique.vignoblescompagnie.com\/home\/produit\/a-ceux-qui-revent-aop-chateauneuf-du-pape-rouge-2023\/","title":{"rendered":"A CEUX QUI REVENT &#8211; AOP Ch\u00e2teauneuf du Pape rouge 2023"},"content":{"rendered":"<p><strong>CEPAGES<\/strong><\/p>\n<p>Syrah, Mourv\u00e8dre<\/p>\n<p><strong>TERROIR<\/strong><\/p>\n<p>Galets roul\u00e9s<\/p>\n<p><strong>VINIFICATION<\/strong><\/p>\n<p>Vinification soign\u00e9e, avec des vendanges manuelles et un tri \u00e0 la parcelle, suivi d&#8217;un \u00e9grappage et d&#8217;un foulage partiel. Une vinification traditionnelle, incluant une mac\u00e9ration de 5 semaines avec remontage quotidien, assure une extraction optimale des ar\u00f4mes.<\/p>\n<p><strong>DEGUSTATION<\/strong><\/p>\n<p>Sa robe pourpre aux reflets rubis annonce un vin riche et prometteur. Au nez, il r\u00e9v\u00e8le une intensit\u00e9 s\u00e9duisante avec des notes de fruits noirs, comme le cassis et la myrtille, compl\u00e9t\u00e9es par des touches de garrigue. En bouche, il se d\u00e9ploie avec une texture suave, \u00e0 la fois puissant et soyeux, offrant finesse et \u00e9l\u00e9gance gr\u00e2ce \u00e0 des tanins bien enrob\u00e9s et une belle persistance en finale.<\/p>\n<p><strong>ACCORDS METS ET VIN<\/strong><\/p>\n<p>\u2022 C\u00f4te de b\u0153uf cuite au four<br \/>\n\u2022 Tian d\u2019aubergine<br \/>\n\u2022 Soupe chinoise aux boulettes de crevettes<\/p>\n<p><span style=\"color: #e58625;\"> <strong>INFORMEZ-VOUS<\/strong><\/span><\/p>\n<p><a href=\"https:\/\/vincod.com\/n\/679747c79450e\/qredn\">INGREDIENTS &amp; DECLARATION NUTRITIONNELLE<\/a><\/p>\n<p>&nbsp;<\/p>\n<p>&nbsp;<\/p>\n<p><strong>En recherche d&#8217;une cuv\u00e9e PUISSANTE &amp; FRUITE ? <\/strong><\/p>\n<p><a href=\"\/?p=58404\">A CEUX QUI REVENT &#8211; AOP Hermitage rouge 2022 &#8211; Vignobles &amp; Compagnie<\/a><\/p>\n<p><a href=\"\/?p=58447\">ESPRIT DES VESTIGES &#8211; AOP Ch\u00e2teauneuf du Pape rouge 2023 &#8211; Vignobles &amp; Compagnie<\/a><\/p>\n<p><a href=\"\/?p=58504\">ESPRIT DES VESTIGES &#8211; AOP Gigondas rouge 2023 &#8211; Vignobles &amp; Compagnie<\/a><\/p>\n<p><em><strong>D\u00e9couvrez notre collection\u00a0<\/strong><\/em><\/p>\n<p><a href=\"https:\/\/www.vignoblescompagnie.com\/collections\/a-ceux-qui-revent\/\">\u00c0 Ceux qui R\u00eavent &#8211; Vignobles &amp; compagnie<\/a><\/p>\n","protected":false},"excerpt":{"rendered":"<p><strong>Soyeux, A\u00e9rien, Suave<\/strong><\/p>\n<p>Sous le mistral de la vall\u00e9e du Rh\u00f4ne, ce Ch\u00e2teauneuf-du-Pape moderne s\u2019\u00e9l\u00e8ve, d\u00e9fiant les traditions du pass\u00e9.<br \/>\nA\u00e9rien et l\u00e9ger, il capture l\u2019essence d\u2019un terroir intemporel, enrichi par une vision d\u2019\u00e9l\u00e9gance.<br \/>\nCe vin vous emm\u00e8ne vers de nouveaux sommets, alliant l\u00e9g\u00e8ret\u00e9 et intensit\u00e9.<\/p>\n","protected":false},"featured_media":58426,"comment_status":"open","ping_status":"closed","template":"","meta":[],"product_brand":[],"product_cat":[1372,1261,1446,1441],"product_tag":[1373],"class_list":{"0":"post-58443","1":"product","2":"type-product","3":"status-publish","4":"has-post-thumbnail","6":"product_cat-aop-vallee-du-rhone","7":"product_cat-crus","8":"product_cat-nos-marques-phares","9":"product_cat-occasions-uniques","10":"product_tag-cru-meridional","11":"pa_accord-viandes-en-sauce","12":"pa_accord-viandes-rouge","15":"first","16":"instock","17":"taxable","18":"shipping-taxable","19":"purchasable","20":"product-type-simple"},"yoast_head":"<!-- This site is optimized with the Yoast SEO plugin v25.9 - https:\/\/yoast.com\/wordpress\/plugins\/seo\/ -->\n<title>A CEUX QUI REVENT - AOP Ch\u00e2teauneuf du Pape rouge 2023 - Vignobles &amp; Compagnie<\/title>\n<meta name=\"description\" content=\"Soyeux, A\u00e9rien, Suave  Sous le mistral de la vall\u00e9e du Rh\u00f4ne, ce Ch\u00e2teauneuf-du-Pape moderne s\u2019\u00e9l\u00e8ve, d\u00e9fiant les traditions du pass\u00e9. A\u00e9rien et l\u00e9ger, il capture l\u2019essence d\u2019un terroir intemporel, enrichi par une vision d\u2019\u00e9l\u00e9gance. Ce vin vous emm\u00e8ne vers de nouveaux sommets, alliant l\u00e9g\u00e8ret\u00e9 et intensit\u00e9. AOP Vall\u00e9e du Rh\u00f4ne, Crus, Nos marques phares, Occasions uniques A CEUX QUI REVENT - AOP Ch\u00e2teauneuf du Pape rouge 2023 Engag\u00e9s depuis 1963 , Vignobles &amp; Compagnie\" \/>\n<meta name=\"robots\" content=\"index, follow, max-snippet:-1, max-image-preview:large, max-video-preview:-1\" \/>\n<link rel=\"canonical\" href=\"https:\/\/boutique.vignoblescompagnie.com\/home\/produit\/a-ceux-qui-revent-aop-chateauneuf-du-pape-rouge-2023\/\" \/>\n<meta property=\"og:locale\" content=\"fr_FR\" \/>\n<meta property=\"og:type\" content=\"article\" \/>\n<meta property=\"og:title\" content=\"A CEUX QUI REVENT - AOP Ch\u00e2teauneuf du Pape rouge 2023 - Vignobles &amp; Compagnie\" \/>\n<meta property=\"og:description\" content=\"Soyeux, A\u00e9rien, Suave  Sous le mistral de la vall\u00e9e du Rh\u00f4ne, ce Ch\u00e2teauneuf-du-Pape moderne s\u2019\u00e9l\u00e8ve, d\u00e9fiant les traditions du pass\u00e9. A\u00e9rien et l\u00e9ger, il capture l\u2019essence d\u2019un terroir intemporel, enrichi par une vision d\u2019\u00e9l\u00e9gance. Ce vin vous emm\u00e8ne vers de nouveaux sommets, alliant l\u00e9g\u00e8ret\u00e9 et intensit\u00e9. AOP Vall\u00e9e du Rh\u00f4ne, Crus, Nos marques phares, Occasions uniques A CEUX QUI REVENT - AOP Ch\u00e2teauneuf du Pape rouge 2023 Engag\u00e9s depuis 1963 , Vignobles &amp; Compagnie\" \/>\n<meta property=\"og:url\" content=\"https:\/\/boutique.vignoblescompagnie.com\/home\/produit\/a-ceux-qui-revent-aop-chateauneuf-du-pape-rouge-2023\/\" \/>\n<meta property=\"og:site_name\" content=\"Vignobles &amp; Compagnie\" \/>\n<meta property=\"article:publisher\" content=\"https:\/\/www.facebook.com\/Vignobles-Compagnie-1936655449884246\/\" \/>\n<meta property=\"article:modified_time\" content=\"2026-04-01T07:47:25+00:00\" \/>\n<meta property=\"og:image\" content=\"https:\/\/boutique.vignoblescompagnie.com\/wp-content\/uploads\/2025\/03\/BTE-A-CEUX-QUI-REVENT-AOP-Chateauneuf-du-Pape-rouge-2023.webp\" \/>\n\t<meta property=\"og:image:width\" content=\"1200\" \/>\n\t<meta property=\"og:image:height\" content=\"1300\" \/>\n\t<meta property=\"og:image:type\" content=\"image\/webp\" \/>\n<meta name=\"twitter:card\" content=\"summary_large_image\" \/>\n<meta name=\"twitter:label1\" content=\"Dur\u00e9e de lecture estim\u00e9e\" \/>\n\t<meta name=\"twitter:data1\" content=\"2 minutes\" \/>\n<script type=\"application\/ld+json\" class=\"yoast-schema-graph\">{\"@context\":\"https:\/\/schema.org\",\"@graph\":[{\"@type\":\"WebPage\",\"@id\":\"https:\/\/boutique.vignoblescompagnie.com\/home\/produit\/a-ceux-qui-revent-aop-chateauneuf-du-pape-rouge-2023\/\",\"url\":\"https:\/\/boutique.vignoblescompagnie.com\/home\/produit\/a-ceux-qui-revent-aop-chateauneuf-du-pape-rouge-2023\/\",\"name\":\"A CEUX QUI REVENT - AOP Ch\u00e2teauneuf du Pape rouge 2023 - Vignobles &amp; Compagnie\",\"isPartOf\":{\"@id\":\"https:\/\/boutique.vignoblescompagnie.com\/home\/#website\"},\"primaryImageOfPage\":{\"@id\":\"https:\/\/boutique.vignoblescompagnie.com\/home\/produit\/a-ceux-qui-revent-aop-chateauneuf-du-pape-rouge-2023\/#primaryimage\"},\"image\":{\"@id\":\"https:\/\/boutique.vignoblescompagnie.com\/home\/produit\/a-ceux-qui-revent-aop-chateauneuf-du-pape-rouge-2023\/#primaryimage\"},\"thumbnailUrl\":\"https:\/\/boutique.vignoblescompagnie.com\/wp-content\/uploads\/2025\/03\/BTE-A-CEUX-QUI-REVENT-AOP-Chateauneuf-du-Pape-rouge-2023.webp\",\"datePublished\":\"2025-03-25T16:33:52+00:00\",\"dateModified\":\"2026-04-01T07:47:25+00:00\",\"description\":\"Soyeux, A\u00e9rien, Suave Sous le mistral de la vall\u00e9e du Rh\u00f4ne, ce Ch\u00e2teauneuf-du-Pape moderne s\u2019\u00e9l\u00e8ve, d\u00e9fiant les traditions du pass\u00e9. A\u00e9rien et l\u00e9ger, il capture l\u2019essence d\u2019un terroir intemporel, enrichi par une vision d\u2019\u00e9l\u00e9gance. Ce vin vous emm\u00e8ne vers de nouveaux sommets, alliant l\u00e9g\u00e8ret\u00e9 et intensit\u00e9. AOP Vall\u00e9e du Rh\u00f4ne, Crus, Nos marques phares, Occasions uniques A CEUX QUI REVENT - AOP Ch\u00e2teauneuf du Pape rouge 2023 Engag\u00e9s depuis 1963 , Vignobles &amp; Compagnie\",\"breadcrumb\":{\"@id\":\"https:\/\/boutique.vignoblescompagnie.com\/home\/produit\/a-ceux-qui-revent-aop-chateauneuf-du-pape-rouge-2023\/#breadcrumb\"},\"inLanguage\":\"fr-FR\",\"potentialAction\":[{\"@type\":\"ReadAction\",\"target\":[\"https:\/\/boutique.vignoblescompagnie.com\/home\/produit\/a-ceux-qui-revent-aop-chateauneuf-du-pape-rouge-2023\/\"]}]},{\"@type\":\"ImageObject\",\"inLanguage\":\"fr-FR\",\"@id\":\"https:\/\/boutique.vignoblescompagnie.com\/home\/produit\/a-ceux-qui-revent-aop-chateauneuf-du-pape-rouge-2023\/#primaryimage\",\"url\":\"https:\/\/boutique.vignoblescompagnie.com\/wp-content\/uploads\/2025\/03\/BTE-A-CEUX-QUI-REVENT-AOP-Chateauneuf-du-Pape-rouge-2023.webp\",\"contentUrl\":\"https:\/\/boutique.vignoblescompagnie.com\/wp-content\/uploads\/2025\/03\/BTE-A-CEUX-QUI-REVENT-AOP-Chateauneuf-du-Pape-rouge-2023.webp\",\"width\":1200,\"height\":1300,\"caption\":\"A CEUX QUI REVENT - AOP Ch\u00e2teauneuf du Pape rouge 2023\"},{\"@type\":\"BreadcrumbList\",\"@id\":\"https:\/\/boutique.vignoblescompagnie.com\/home\/produit\/a-ceux-qui-revent-aop-chateauneuf-du-pape-rouge-2023\/#breadcrumb\",\"itemListElement\":[{\"@type\":\"ListItem\",\"position\":1,\"name\":\"Home\",\"item\":\"https:\/\/boutique.vignoblescompagnie.com\/home\/\"},{\"@type\":\"ListItem\",\"position\":2,\"name\":\"Boutique\",\"item\":\"https:\/\/boutique.vignoblescompagnie.com\/home\/shop\/\"},{\"@type\":\"ListItem\",\"position\":3,\"name\":\"A CEUX QUI REVENT &#8211; AOP Ch\u00e2teauneuf du Pape rouge 2023\"}]},{\"@type\":\"WebSite\",\"@id\":\"https:\/\/boutique.vignoblescompagnie.com\/home\/#website\",\"url\":\"https:\/\/boutique.vignoblescompagnie.com\/home\/\",\"name\":\"Vignobles &amp; Compagnie\",\"description\":\"Engag\u00e9s depuis 1963\",\"publisher\":{\"@id\":\"https:\/\/boutique.vignoblescompagnie.com\/home\/#organization\"},\"potentialAction\":[{\"@type\":\"SearchAction\",\"target\":{\"@type\":\"EntryPoint\",\"urlTemplate\":\"https:\/\/boutique.vignoblescompagnie.com\/home\/?s={search_term_string}\"},\"query-input\":{\"@type\":\"PropertyValueSpecification\",\"valueRequired\":true,\"valueName\":\"search_term_string\"}}],\"inLanguage\":\"fr-FR\"},{\"@type\":\"Organization\",\"@id\":\"https:\/\/boutique.vignoblescompagnie.com\/home\/#organization\",\"name\":\"Vignobles&Compagnie\",\"url\":\"https:\/\/boutique.vignoblescompagnie.com\/home\/\",\"logo\":{\"@type\":\"ImageObject\",\"inLanguage\":\"fr-FR\",\"@id\":\"https:\/\/boutique.vignoblescompagnie.com\/home\/#\/schema\/logo\/image\/\",\"url\":\"\",\"contentUrl\":\"\",\"caption\":\"Vignobles&Compagnie\"},\"image\":{\"@id\":\"https:\/\/boutique.vignoblescompagnie.com\/home\/#\/schema\/logo\/image\/\"},\"sameAs\":[\"https:\/\/www.facebook.com\/Vignobles-Compagnie-1936655449884246\/\",\"https:\/\/www.instagram.com\/vignoblescompagnie_rhone\/?hl=fr\",\"https:\/\/www.linkedin.com\/company-beta\/16238931\/\",\"https:\/\/www.youtube.com\/channel\/UCG_Dbr-g9ZLVmr2sX-tTO9g\"]}]}<\/script>\n<!-- \/ Yoast SEO plugin. -->","yoast_head_json":{"title":"A CEUX QUI REVENT - AOP Ch\u00e2teauneuf du Pape rouge 2023 - Vignobles &amp; Compagnie","description":"Soyeux, A\u00e9rien, Suave  Sous le mistral de la vall\u00e9e du Rh\u00f4ne, ce Ch\u00e2teauneuf-du-Pape moderne s\u2019\u00e9l\u00e8ve, d\u00e9fiant les traditions du pass\u00e9. A\u00e9rien et l\u00e9ger, il capture l\u2019essence d\u2019un terroir intemporel, enrichi par une vision d\u2019\u00e9l\u00e9gance. Ce vin vous emm\u00e8ne vers de nouveaux sommets, alliant l\u00e9g\u00e8ret\u00e9 et intensit\u00e9. AOP Vall\u00e9e du Rh\u00f4ne, Crus, Nos marques phares, Occasions uniques A CEUX QUI REVENT - AOP Ch\u00e2teauneuf du Pape rouge 2023 Engag\u00e9s depuis 1963 , Vignobles &amp; Compagnie","robots":{"index":"index","follow":"follow","max-snippet":"max-snippet:-1","max-image-preview":"max-image-preview:large","max-video-preview":"max-video-preview:-1"},"canonical":"https:\/\/boutique.vignoblescompagnie.com\/home\/produit\/a-ceux-qui-revent-aop-chateauneuf-du-pape-rouge-2023\/","og_locale":"fr_FR","og_type":"article","og_title":"A CEUX QUI REVENT - AOP Ch\u00e2teauneuf du Pape rouge 2023 - Vignobles &amp; Compagnie","og_description":"Soyeux, A\u00e9rien, Suave  Sous le mistral de la vall\u00e9e du Rh\u00f4ne, ce Ch\u00e2teauneuf-du-Pape moderne s\u2019\u00e9l\u00e8ve, d\u00e9fiant les traditions du pass\u00e9. A\u00e9rien et l\u00e9ger, il capture l\u2019essence d\u2019un terroir intemporel, enrichi par une vision d\u2019\u00e9l\u00e9gance. Ce vin vous emm\u00e8ne vers de nouveaux sommets, alliant l\u00e9g\u00e8ret\u00e9 et intensit\u00e9. AOP Vall\u00e9e du Rh\u00f4ne, Crus, Nos marques phares, Occasions uniques A CEUX QUI REVENT - AOP Ch\u00e2teauneuf du Pape rouge 2023 Engag\u00e9s depuis 1963 , Vignobles &amp; Compagnie","og_url":"https:\/\/boutique.vignoblescompagnie.com\/home\/produit\/a-ceux-qui-revent-aop-chateauneuf-du-pape-rouge-2023\/","og_site_name":"Vignobles &amp; Compagnie","article_publisher":"https:\/\/www.facebook.com\/Vignobles-Compagnie-1936655449884246\/","article_modified_time":"2026-04-01T07:47:25+00:00","og_image":[{"width":1200,"height":1300,"url":"https:\/\/boutique.vignoblescompagnie.com\/wp-content\/uploads\/2025\/03\/BTE-A-CEUX-QUI-REVENT-AOP-Chateauneuf-du-Pape-rouge-2023.webp","type":"image\/webp"}],"twitter_card":"summary_large_image","twitter_misc":{"Dur\u00e9e de lecture estim\u00e9e":"2 minutes"},"schema":{"@context":"https:\/\/schema.org","@graph":[{"@type":"WebPage","@id":"https:\/\/boutique.vignoblescompagnie.com\/home\/produit\/a-ceux-qui-revent-aop-chateauneuf-du-pape-rouge-2023\/","url":"https:\/\/boutique.vignoblescompagnie.com\/home\/produit\/a-ceux-qui-revent-aop-chateauneuf-du-pape-rouge-2023\/","name":"A CEUX QUI REVENT - AOP Ch\u00e2teauneuf du Pape rouge 2023 - Vignobles &amp; Compagnie","isPartOf":{"@id":"https:\/\/boutique.vignoblescompagnie.com\/home\/#website"},"primaryImageOfPage":{"@id":"https:\/\/boutique.vignoblescompagnie.com\/home\/produit\/a-ceux-qui-revent-aop-chateauneuf-du-pape-rouge-2023\/#primaryimage"},"image":{"@id":"https:\/\/boutique.vignoblescompagnie.com\/home\/produit\/a-ceux-qui-revent-aop-chateauneuf-du-pape-rouge-2023\/#primaryimage"},"thumbnailUrl":"https:\/\/boutique.vignoblescompagnie.com\/wp-content\/uploads\/2025\/03\/BTE-A-CEUX-QUI-REVENT-AOP-Chateauneuf-du-Pape-rouge-2023.webp","datePublished":"2025-03-25T16:33:52+00:00","dateModified":"2026-04-01T07:47:25+00:00","description":"Soyeux, A\u00e9rien, Suave Sous le mistral de la vall\u00e9e du Rh\u00f4ne, ce Ch\u00e2teauneuf-du-Pape moderne s\u2019\u00e9l\u00e8ve, d\u00e9fiant les traditions du pass\u00e9. A\u00e9rien et l\u00e9ger, il capture l\u2019essence d\u2019un terroir intemporel, enrichi par une vision d\u2019\u00e9l\u00e9gance. Ce vin vous emm\u00e8ne vers de nouveaux sommets, alliant l\u00e9g\u00e8ret\u00e9 et intensit\u00e9. AOP Vall\u00e9e du Rh\u00f4ne, Crus, Nos marques phares, Occasions uniques A CEUX QUI REVENT - AOP Ch\u00e2teauneuf du Pape rouge 2023 Engag\u00e9s depuis 1963 , Vignobles &amp; Compagnie","breadcrumb":{"@id":"https:\/\/boutique.vignoblescompagnie.com\/home\/produit\/a-ceux-qui-revent-aop-chateauneuf-du-pape-rouge-2023\/#breadcrumb"},"inLanguage":"fr-FR","potentialAction":[{"@type":"ReadAction","target":["https:\/\/boutique.vignoblescompagnie.com\/home\/produit\/a-ceux-qui-revent-aop-chateauneuf-du-pape-rouge-2023\/"]}]},{"@type":"ImageObject","inLanguage":"fr-FR","@id":"https:\/\/boutique.vignoblescompagnie.com\/home\/produit\/a-ceux-qui-revent-aop-chateauneuf-du-pape-rouge-2023\/#primaryimage","url":"https:\/\/boutique.vignoblescompagnie.com\/wp-content\/uploads\/2025\/03\/BTE-A-CEUX-QUI-REVENT-AOP-Chateauneuf-du-Pape-rouge-2023.webp","contentUrl":"https:\/\/boutique.vignoblescompagnie.com\/wp-content\/uploads\/2025\/03\/BTE-A-CEUX-QUI-REVENT-AOP-Chateauneuf-du-Pape-rouge-2023.webp","width":1200,"height":1300,"caption":"A CEUX QUI REVENT - AOP Ch\u00e2teauneuf du Pape rouge 2023"},{"@type":"BreadcrumbList","@id":"https:\/\/boutique.vignoblescompagnie.com\/home\/produit\/a-ceux-qui-revent-aop-chateauneuf-du-pape-rouge-2023\/#breadcrumb","itemListElement":[{"@type":"ListItem","position":1,"name":"Home","item":"https:\/\/boutique.vignoblescompagnie.com\/home\/"},{"@type":"ListItem","position":2,"name":"Boutique","item":"https:\/\/boutique.vignoblescompagnie.com\/home\/shop\/"},{"@type":"ListItem","position":3,"name":"A CEUX QUI REVENT &#8211; AOP Ch\u00e2teauneuf du Pape rouge 2023"}]},{"@type":"WebSite","@id":"https:\/\/boutique.vignoblescompagnie.com\/home\/#website","url":"https:\/\/boutique.vignoblescompagnie.com\/home\/","name":"Vignobles &amp; Compagnie","description":"Engag\u00e9s depuis 1963","publisher":{"@id":"https:\/\/boutique.vignoblescompagnie.com\/home\/#organization"},"potentialAction":[{"@type":"SearchAction","target":{"@type":"EntryPoint","urlTemplate":"https:\/\/boutique.vignoblescompagnie.com\/home\/?s={search_term_string}"},"query-input":{"@type":"PropertyValueSpecification","valueRequired":true,"valueName":"search_term_string"}}],"inLanguage":"fr-FR"},{"@type":"Organization","@id":"https:\/\/boutique.vignoblescompagnie.com\/home\/#organization","name":"Vignobles&Compagnie","url":"https:\/\/boutique.vignoblescompagnie.com\/home\/","logo":{"@type":"ImageObject","inLanguage":"fr-FR","@id":"https:\/\/boutique.vignoblescompagnie.com\/home\/#\/schema\/logo\/image\/","url":"","contentUrl":"","caption":"Vignobles&Compagnie"},"image":{"@id":"https:\/\/boutique.vignoblescompagnie.com\/home\/#\/schema\/logo\/image\/"},"sameAs":["https:\/\/www.facebook.com\/Vignobles-Compagnie-1936655449884246\/","https:\/\/www.instagram.com\/vignoblescompagnie_rhone\/?hl=fr","https:\/\/www.linkedin.com\/company-beta\/16238931\/","https:\/\/www.youtube.com\/channel\/UCG_Dbr-g9ZLVmr2sX-tTO9g"]}]}},"_links":{"self":[{"href":"https:\/\/boutique.vignoblescompagnie.com\/home\/wp-json\/wp\/v2\/product\/58443","targetHints":{"allow":["GET"]}}],"collection":[{"href":"https:\/\/boutique.vignoblescompagnie.com\/home\/wp-json\/wp\/v2\/product"}],"about":[{"href":"https:\/\/boutique.vignoblescompagnie.com\/home\/wp-json\/wp\/v2\/types\/product"}],"replies":[{"embeddable":true,"href":"https:\/\/boutique.vignoblescompagnie.com\/home\/wp-json\/wp\/v2\/comments?post=58443"}],"wp:featuredmedia":[{"embeddable":true,"href":"https:\/\/boutique.vignoblescompagnie.com\/home\/wp-json\/wp\/v2\/media\/58426"}],"wp:attachment":[{"href":"https:\/\/boutique.vignoblescompagnie.com\/home\/wp-json\/wp\/v2\/media?parent=58443"}],"wp:term":[{"taxonomy":"product_brand","embeddable":true,"href":"https:\/\/boutique.vignoblescompagnie.com\/home\/wp-json\/wp\/v2\/product_brand?post=58443"},{"taxonomy":"product_cat","embeddable":true,"href":"https:\/\/boutique.vignoblescompagnie.com\/home\/wp-json\/wp\/v2\/product_cat?post=58443"},{"taxonomy":"product_tag","embeddable":true,"href":"https:\/\/boutique.vignoblescompagnie.com\/home\/wp-json\/wp\/v2\/product_tag?post=58443"}],"curies":[{"name":"wp","href":"https:\/\/api.w.org\/{rel}","templated":true}]}}