{"id":58404,"date":"2025-03-25T18:20:24","date_gmt":"2025-03-25T16:20:24","guid":{"rendered":"https:\/\/boutique.vignoblescompagnie.com\/?post_type=product&#038;p=58404"},"modified":"2026-04-08T08:32:01","modified_gmt":"2026-04-08T06:32:01","slug":"a-ceux-qui-revent-aop-hermitage-rouge-2022","status":"publish","type":"product","link":"https:\/\/boutique.vignoblescompagnie.com\/home\/produit\/a-ceux-qui-revent-aop-hermitage-rouge-2022\/","title":{"rendered":"A CEUX QUI REVENT &#8211; AOP Hermitage rouge 2022"},"content":{"rendered":"<p><strong>CEPAGES<\/strong><\/p>\n<p>100% Syrah<\/p>\n<p><strong>TERROIR<\/strong><\/p>\n<p>Versant Est de la colline, terrasses fluviales du Rh\u00f4ne compos\u00e9es de calcaire sur colluvions<\/p>\n<p><strong>VINIFICATION<\/strong><\/p>\n<p>Apr\u00e8s \u00e9grappage, la vinification traditionnelle s\u2019op\u00e8re avec une mac\u00e9ration de trois semaines, ponctu\u00e9e de remontages quotidiens afin d\u2019extraire toute la richesse aromatique et la structure du c\u00e9page.<\/p>\n<p><strong>DEGUSTATION<\/strong><\/p>\n<p>Sa robe rouge rubis, annonce un vin d\u2019une belle intensit\u00e9. Le nez s\u2019ouvre sur une palette aromatique riche, m\u00ealant myrtille, cassis, cappuccino et vanille.\u00a0En bouche, il d\u00e9voile une puissance \u00e9l\u00e9gante et ample, soutenue par une structure harmonieuse aux tanins enrob\u00e9s et une belle persistance.<\/p>\n<p><strong>ACCORDS METS ET VIN<\/strong><\/p>\n<p>\u2022 Caneton r\u00f4ti<br \/>\n\u2022 P\u00e2tes aux truffes<br \/>\n\u2022 Lasagnes aux c\u00e8pes<\/p>\n<p><span style=\"color: #e58625;\"> <strong>INFORMEZ-VOUS<\/strong><\/span><\/p>\n<p><a href=\"https:\/\/vincod.com\/n\/6762e1c292bba\/qredn\">INGREDIENTS &amp; DECLARATION NUTRITIONNELLE<\/a><\/p>\n<p>&nbsp;<\/p>\n<p>&nbsp;<\/p>\n<p><strong>En recherche d&#8217;une cuv\u00e9e PUISSANTE &amp; RARE ?\u00a0<\/strong><\/p>\n<p><a href=\"\/?p=58443\">A CEUX QUI REVENT &#8211; AOP Ch\u00e2teauneuf du Pape rouge 2023 &#8211; Vignobles &amp; Compagnie<\/a><\/p>\n<p><em><strong>D\u00e9couvrez notre collection\u00a0<\/strong><\/em><\/p>\n<p><a href=\"https:\/\/www.vignoblescompagnie.com\/collections\/a-ceux-qui-revent\/\">\u00c0 Ceux qui R\u00eavent &#8211; Vignobles &amp; compagnie<\/a><\/p>\n","protected":false},"excerpt":{"rendered":"<p><strong>Fruit\u00e9, Ample, El\u00e9gant<\/strong><\/p>\n<p>Voguer sur le Rh\u00f4ne, c\u2019est se laisser emporter vers l\u2019est de la colline d\u2019Hermitage, o\u00f9 les vignes s\u2019\u00e9tendent sur des coteaux majestueux, nourries par la terre et le vent.<\/p>\n<p>Chaque vendange est une p\u00eache pr\u00e9cieuse o\u00f9 seules les meilleures grappes sont r\u00e9colt\u00e9es avec soin.<\/p>\n<p>Le vin Hermitage, n\u00e9 de ce mariage entre le fleuve et la colline, invite \u00e0 voyager : un voyage dans le temps, dans les saveurs et dans l\u2019\u00e2me d\u2019un terroir unique.<\/p>\n","protected":false},"featured_media":58432,"comment_status":"open","ping_status":"closed","template":"","meta":[],"product_brand":[],"product_cat":[1372,1261,1446,1441,1438],"product_tag":[1371],"class_list":{"0":"post-58404","1":"product","2":"type-product","3":"status-publish","4":"has-post-thumbnail","6":"product_cat-aop-vallee-du-rhone","7":"product_cat-crus","8":"product_cat-nos-marques-phares","9":"product_cat-occasions-uniques","10":"product_cat-vins-puissants","11":"product_tag-cru-septentrional","12":"pa_accord-gibiers","13":"pa_accord-viandes-corsees","16":"first","17":"instock","18":"taxable","19":"shipping-taxable","20":"purchasable","21":"product-type-simple"},"yoast_head":"<!-- This site is optimized with the Yoast SEO plugin v25.9 - https:\/\/yoast.com\/wordpress\/plugins\/seo\/ -->\n<title>A CEUX QUI REVENT - AOP Hermitage rouge 2022 - Vignobles &amp; Compagnie<\/title>\n<meta name=\"description\" content=\"Fruit\u00e9, Ample, El\u00e9gant  Voguer sur le Rh\u00f4ne, c\u2019est se laisser emporter vers l\u2019est de la colline d\u2019Hermitage, o\u00f9 les vignes s\u2019\u00e9tendent sur des coteaux majestueux, nourries par la terre et le vent.  Chaque vendange est une p\u00eache pr\u00e9cieuse o\u00f9 seules les meilleures grappes sont r\u00e9colt\u00e9es avec soin.  Le vin Hermitage, n\u00e9 de ce mariage entre le fleuve et la colline, invite \u00e0 voyager : un voyage dans le temps, dans les saveurs et dans l\u2019\u00e2me d\u2019un terroir unique. AOP Vall\u00e9e du Rh\u00f4ne, Crus, Nos marques phares, Occasions uniques, Vins puissants A CEUX QUI REVENT - AOP Hermitage rouge 2022 Engag\u00e9s depuis 1963 , Vignobles &amp; Compagnie\" \/>\n<meta name=\"robots\" content=\"index, follow, max-snippet:-1, max-image-preview:large, max-video-preview:-1\" \/>\n<link rel=\"canonical\" href=\"https:\/\/boutique.vignoblescompagnie.com\/home\/produit\/a-ceux-qui-revent-aop-hermitage-rouge-2022\/\" \/>\n<meta property=\"og:locale\" content=\"fr_FR\" \/>\n<meta property=\"og:type\" content=\"article\" \/>\n<meta property=\"og:title\" content=\"A CEUX QUI REVENT - AOP Hermitage rouge 2022 - Vignobles &amp; Compagnie\" \/>\n<meta property=\"og:description\" content=\"Fruit\u00e9, Ample, El\u00e9gant  Voguer sur le Rh\u00f4ne, c\u2019est se laisser emporter vers l\u2019est de la colline d\u2019Hermitage, o\u00f9 les vignes s\u2019\u00e9tendent sur des coteaux majestueux, nourries par la terre et le vent.  Chaque vendange est une p\u00eache pr\u00e9cieuse o\u00f9 seules les meilleures grappes sont r\u00e9colt\u00e9es avec soin.  Le vin Hermitage, n\u00e9 de ce mariage entre le fleuve et la colline, invite \u00e0 voyager : un voyage dans le temps, dans les saveurs et dans l\u2019\u00e2me d\u2019un terroir unique. AOP Vall\u00e9e du Rh\u00f4ne, Crus, Nos marques phares, Occasions uniques, Vins puissants A CEUX QUI REVENT - AOP Hermitage rouge 2022 Engag\u00e9s depuis 1963 , Vignobles &amp; Compagnie\" \/>\n<meta property=\"og:url\" content=\"https:\/\/boutique.vignoblescompagnie.com\/home\/produit\/a-ceux-qui-revent-aop-hermitage-rouge-2022\/\" \/>\n<meta property=\"og:site_name\" content=\"Vignobles &amp; Compagnie\" \/>\n<meta property=\"article:publisher\" content=\"https:\/\/www.facebook.com\/Vignobles-Compagnie-1936655449884246\/\" \/>\n<meta property=\"article:modified_time\" content=\"2026-04-08T06:32:01+00:00\" \/>\n<meta property=\"og:image\" content=\"https:\/\/boutique.vignoblescompagnie.com\/wp-content\/uploads\/2025\/03\/BTE-A-CEUX-QUI-REVENT-AOP-Hermitage-rouge-2022.webp\" \/>\n\t<meta property=\"og:image:width\" content=\"1200\" \/>\n\t<meta property=\"og:image:height\" content=\"1300\" \/>\n\t<meta property=\"og:image:type\" content=\"image\/webp\" \/>\n<meta name=\"twitter:card\" content=\"summary_large_image\" \/>\n<meta name=\"twitter:label1\" content=\"Dur\u00e9e de lecture estim\u00e9e\" \/>\n\t<meta name=\"twitter:data1\" content=\"1 minute\" \/>\n<script type=\"application\/ld+json\" class=\"yoast-schema-graph\">{\"@context\":\"https:\/\/schema.org\",\"@graph\":[{\"@type\":\"WebPage\",\"@id\":\"https:\/\/boutique.vignoblescompagnie.com\/home\/produit\/a-ceux-qui-revent-aop-hermitage-rouge-2022\/\",\"url\":\"https:\/\/boutique.vignoblescompagnie.com\/home\/produit\/a-ceux-qui-revent-aop-hermitage-rouge-2022\/\",\"name\":\"A CEUX QUI REVENT - AOP Hermitage rouge 2022 - Vignobles &amp; Compagnie\",\"isPartOf\":{\"@id\":\"https:\/\/boutique.vignoblescompagnie.com\/home\/#website\"},\"primaryImageOfPage\":{\"@id\":\"https:\/\/boutique.vignoblescompagnie.com\/home\/produit\/a-ceux-qui-revent-aop-hermitage-rouge-2022\/#primaryimage\"},\"image\":{\"@id\":\"https:\/\/boutique.vignoblescompagnie.com\/home\/produit\/a-ceux-qui-revent-aop-hermitage-rouge-2022\/#primaryimage\"},\"thumbnailUrl\":\"https:\/\/boutique.vignoblescompagnie.com\/wp-content\/uploads\/2025\/03\/BTE-A-CEUX-QUI-REVENT-AOP-Hermitage-rouge-2022.webp\",\"datePublished\":\"2025-03-25T16:20:24+00:00\",\"dateModified\":\"2026-04-08T06:32:01+00:00\",\"description\":\"Fruit\u00e9, Ample, El\u00e9gant Voguer sur le Rh\u00f4ne, c\u2019est se laisser emporter vers l\u2019est de la colline d\u2019Hermitage, o\u00f9 les vignes s\u2019\u00e9tendent sur des coteaux majestueux, nourries par la terre et le vent. Chaque vendange est une p\u00eache pr\u00e9cieuse o\u00f9 seules les meilleures grappes sont r\u00e9colt\u00e9es avec soin. Le vin Hermitage, n\u00e9 de ce mariage entre le fleuve et la colline, invite \u00e0 voyager : un voyage dans le temps, dans les saveurs et dans l\u2019\u00e2me d\u2019un terroir unique. AOP Vall\u00e9e du Rh\u00f4ne, Crus, Nos marques phares, Occasions uniques, Vins puissants A CEUX QUI REVENT - AOP Hermitage rouge 2022 Engag\u00e9s depuis 1963 , Vignobles &amp; Compagnie\",\"breadcrumb\":{\"@id\":\"https:\/\/boutique.vignoblescompagnie.com\/home\/produit\/a-ceux-qui-revent-aop-hermitage-rouge-2022\/#breadcrumb\"},\"inLanguage\":\"fr-FR\",\"potentialAction\":[{\"@type\":\"ReadAction\",\"target\":[\"https:\/\/boutique.vignoblescompagnie.com\/home\/produit\/a-ceux-qui-revent-aop-hermitage-rouge-2022\/\"]}]},{\"@type\":\"ImageObject\",\"inLanguage\":\"fr-FR\",\"@id\":\"https:\/\/boutique.vignoblescompagnie.com\/home\/produit\/a-ceux-qui-revent-aop-hermitage-rouge-2022\/#primaryimage\",\"url\":\"https:\/\/boutique.vignoblescompagnie.com\/wp-content\/uploads\/2025\/03\/BTE-A-CEUX-QUI-REVENT-AOP-Hermitage-rouge-2022.webp\",\"contentUrl\":\"https:\/\/boutique.vignoblescompagnie.com\/wp-content\/uploads\/2025\/03\/BTE-A-CEUX-QUI-REVENT-AOP-Hermitage-rouge-2022.webp\",\"width\":1200,\"height\":1300,\"caption\":\"A CEUX QUI REVENT - AOP Hermitage rouge 2022\"},{\"@type\":\"BreadcrumbList\",\"@id\":\"https:\/\/boutique.vignoblescompagnie.com\/home\/produit\/a-ceux-qui-revent-aop-hermitage-rouge-2022\/#breadcrumb\",\"itemListElement\":[{\"@type\":\"ListItem\",\"position\":1,\"name\":\"Home\",\"item\":\"https:\/\/boutique.vignoblescompagnie.com\/home\/\"},{\"@type\":\"ListItem\",\"position\":2,\"name\":\"Boutique\",\"item\":\"https:\/\/boutique.vignoblescompagnie.com\/home\/shop\/\"},{\"@type\":\"ListItem\",\"position\":3,\"name\":\"A CEUX QUI REVENT &#8211; AOP Hermitage rouge 2022\"}]},{\"@type\":\"WebSite\",\"@id\":\"https:\/\/boutique.vignoblescompagnie.com\/home\/#website\",\"url\":\"https:\/\/boutique.vignoblescompagnie.com\/home\/\",\"name\":\"Vignobles &amp; Compagnie\",\"description\":\"Engag\u00e9s depuis 1963\",\"publisher\":{\"@id\":\"https:\/\/boutique.vignoblescompagnie.com\/home\/#organization\"},\"potentialAction\":[{\"@type\":\"SearchAction\",\"target\":{\"@type\":\"EntryPoint\",\"urlTemplate\":\"https:\/\/boutique.vignoblescompagnie.com\/home\/?s={search_term_string}\"},\"query-input\":{\"@type\":\"PropertyValueSpecification\",\"valueRequired\":true,\"valueName\":\"search_term_string\"}}],\"inLanguage\":\"fr-FR\"},{\"@type\":\"Organization\",\"@id\":\"https:\/\/boutique.vignoblescompagnie.com\/home\/#organization\",\"name\":\"Vignobles&Compagnie\",\"url\":\"https:\/\/boutique.vignoblescompagnie.com\/home\/\",\"logo\":{\"@type\":\"ImageObject\",\"inLanguage\":\"fr-FR\",\"@id\":\"https:\/\/boutique.vignoblescompagnie.com\/home\/#\/schema\/logo\/image\/\",\"url\":\"\",\"contentUrl\":\"\",\"caption\":\"Vignobles&Compagnie\"},\"image\":{\"@id\":\"https:\/\/boutique.vignoblescompagnie.com\/home\/#\/schema\/logo\/image\/\"},\"sameAs\":[\"https:\/\/www.facebook.com\/Vignobles-Compagnie-1936655449884246\/\",\"https:\/\/www.instagram.com\/vignoblescompagnie_rhone\/?hl=fr\",\"https:\/\/www.linkedin.com\/company-beta\/16238931\/\",\"https:\/\/www.youtube.com\/channel\/UCG_Dbr-g9ZLVmr2sX-tTO9g\"]}]}<\/script>\n<!-- \/ Yoast SEO plugin. -->","yoast_head_json":{"title":"A CEUX QUI REVENT - AOP Hermitage rouge 2022 - Vignobles &amp; Compagnie","description":"Fruit\u00e9, Ample, El\u00e9gant  Voguer sur le Rh\u00f4ne, c\u2019est se laisser emporter vers l\u2019est de la colline d\u2019Hermitage, o\u00f9 les vignes s\u2019\u00e9tendent sur des coteaux majestueux, nourries par la terre et le vent.  Chaque vendange est une p\u00eache pr\u00e9cieuse o\u00f9 seules les meilleures grappes sont r\u00e9colt\u00e9es avec soin.  Le vin Hermitage, n\u00e9 de ce mariage entre le fleuve et la colline, invite \u00e0 voyager : un voyage dans le temps, dans les saveurs et dans l\u2019\u00e2me d\u2019un terroir unique. AOP Vall\u00e9e du Rh\u00f4ne, Crus, Nos marques phares, Occasions uniques, Vins puissants A CEUX QUI REVENT - AOP Hermitage rouge 2022 Engag\u00e9s depuis 1963 , Vignobles &amp; Compagnie","robots":{"index":"index","follow":"follow","max-snippet":"max-snippet:-1","max-image-preview":"max-image-preview:large","max-video-preview":"max-video-preview:-1"},"canonical":"https:\/\/boutique.vignoblescompagnie.com\/home\/produit\/a-ceux-qui-revent-aop-hermitage-rouge-2022\/","og_locale":"fr_FR","og_type":"article","og_title":"A CEUX QUI REVENT - AOP Hermitage rouge 2022 - Vignobles &amp; Compagnie","og_description":"Fruit\u00e9, Ample, El\u00e9gant  Voguer sur le Rh\u00f4ne, c\u2019est se laisser emporter vers l\u2019est de la colline d\u2019Hermitage, o\u00f9 les vignes s\u2019\u00e9tendent sur des coteaux majestueux, nourries par la terre et le vent.  Chaque vendange est une p\u00eache pr\u00e9cieuse o\u00f9 seules les meilleures grappes sont r\u00e9colt\u00e9es avec soin.  Le vin Hermitage, n\u00e9 de ce mariage entre le fleuve et la colline, invite \u00e0 voyager : un voyage dans le temps, dans les saveurs et dans l\u2019\u00e2me d\u2019un terroir unique. AOP Vall\u00e9e du Rh\u00f4ne, Crus, Nos marques phares, Occasions uniques, Vins puissants A CEUX QUI REVENT - AOP Hermitage rouge 2022 Engag\u00e9s depuis 1963 , Vignobles &amp; Compagnie","og_url":"https:\/\/boutique.vignoblescompagnie.com\/home\/produit\/a-ceux-qui-revent-aop-hermitage-rouge-2022\/","og_site_name":"Vignobles &amp; Compagnie","article_publisher":"https:\/\/www.facebook.com\/Vignobles-Compagnie-1936655449884246\/","article_modified_time":"2026-04-08T06:32:01+00:00","og_image":[{"width":1200,"height":1300,"url":"https:\/\/boutique.vignoblescompagnie.com\/wp-content\/uploads\/2025\/03\/BTE-A-CEUX-QUI-REVENT-AOP-Hermitage-rouge-2022.webp","type":"image\/webp"}],"twitter_card":"summary_large_image","twitter_misc":{"Dur\u00e9e de lecture estim\u00e9e":"1 minute"},"schema":{"@context":"https:\/\/schema.org","@graph":[{"@type":"WebPage","@id":"https:\/\/boutique.vignoblescompagnie.com\/home\/produit\/a-ceux-qui-revent-aop-hermitage-rouge-2022\/","url":"https:\/\/boutique.vignoblescompagnie.com\/home\/produit\/a-ceux-qui-revent-aop-hermitage-rouge-2022\/","name":"A CEUX QUI REVENT - AOP Hermitage rouge 2022 - Vignobles &amp; Compagnie","isPartOf":{"@id":"https:\/\/boutique.vignoblescompagnie.com\/home\/#website"},"primaryImageOfPage":{"@id":"https:\/\/boutique.vignoblescompagnie.com\/home\/produit\/a-ceux-qui-revent-aop-hermitage-rouge-2022\/#primaryimage"},"image":{"@id":"https:\/\/boutique.vignoblescompagnie.com\/home\/produit\/a-ceux-qui-revent-aop-hermitage-rouge-2022\/#primaryimage"},"thumbnailUrl":"https:\/\/boutique.vignoblescompagnie.com\/wp-content\/uploads\/2025\/03\/BTE-A-CEUX-QUI-REVENT-AOP-Hermitage-rouge-2022.webp","datePublished":"2025-03-25T16:20:24+00:00","dateModified":"2026-04-08T06:32:01+00:00","description":"Fruit\u00e9, Ample, El\u00e9gant Voguer sur le Rh\u00f4ne, c\u2019est se laisser emporter vers l\u2019est de la colline d\u2019Hermitage, o\u00f9 les vignes s\u2019\u00e9tendent sur des coteaux majestueux, nourries par la terre et le vent. Chaque vendange est une p\u00eache pr\u00e9cieuse o\u00f9 seules les meilleures grappes sont r\u00e9colt\u00e9es avec soin. Le vin Hermitage, n\u00e9 de ce mariage entre le fleuve et la colline, invite \u00e0 voyager : un voyage dans le temps, dans les saveurs et dans l\u2019\u00e2me d\u2019un terroir unique. AOP Vall\u00e9e du Rh\u00f4ne, Crus, Nos marques phares, Occasions uniques, Vins puissants A CEUX QUI REVENT - AOP Hermitage rouge 2022 Engag\u00e9s depuis 1963 , Vignobles &amp; Compagnie","breadcrumb":{"@id":"https:\/\/boutique.vignoblescompagnie.com\/home\/produit\/a-ceux-qui-revent-aop-hermitage-rouge-2022\/#breadcrumb"},"inLanguage":"fr-FR","potentialAction":[{"@type":"ReadAction","target":["https:\/\/boutique.vignoblescompagnie.com\/home\/produit\/a-ceux-qui-revent-aop-hermitage-rouge-2022\/"]}]},{"@type":"ImageObject","inLanguage":"fr-FR","@id":"https:\/\/boutique.vignoblescompagnie.com\/home\/produit\/a-ceux-qui-revent-aop-hermitage-rouge-2022\/#primaryimage","url":"https:\/\/boutique.vignoblescompagnie.com\/wp-content\/uploads\/2025\/03\/BTE-A-CEUX-QUI-REVENT-AOP-Hermitage-rouge-2022.webp","contentUrl":"https:\/\/boutique.vignoblescompagnie.com\/wp-content\/uploads\/2025\/03\/BTE-A-CEUX-QUI-REVENT-AOP-Hermitage-rouge-2022.webp","width":1200,"height":1300,"caption":"A CEUX QUI REVENT - AOP Hermitage rouge 2022"},{"@type":"BreadcrumbList","@id":"https:\/\/boutique.vignoblescompagnie.com\/home\/produit\/a-ceux-qui-revent-aop-hermitage-rouge-2022\/#breadcrumb","itemListElement":[{"@type":"ListItem","position":1,"name":"Home","item":"https:\/\/boutique.vignoblescompagnie.com\/home\/"},{"@type":"ListItem","position":2,"name":"Boutique","item":"https:\/\/boutique.vignoblescompagnie.com\/home\/shop\/"},{"@type":"ListItem","position":3,"name":"A CEUX QUI REVENT &#8211; AOP Hermitage rouge 2022"}]},{"@type":"WebSite","@id":"https:\/\/boutique.vignoblescompagnie.com\/home\/#website","url":"https:\/\/boutique.vignoblescompagnie.com\/home\/","name":"Vignobles &amp; Compagnie","description":"Engag\u00e9s depuis 1963","publisher":{"@id":"https:\/\/boutique.vignoblescompagnie.com\/home\/#organization"},"potentialAction":[{"@type":"SearchAction","target":{"@type":"EntryPoint","urlTemplate":"https:\/\/boutique.vignoblescompagnie.com\/home\/?s={search_term_string}"},"query-input":{"@type":"PropertyValueSpecification","valueRequired":true,"valueName":"search_term_string"}}],"inLanguage":"fr-FR"},{"@type":"Organization","@id":"https:\/\/boutique.vignoblescompagnie.com\/home\/#organization","name":"Vignobles&Compagnie","url":"https:\/\/boutique.vignoblescompagnie.com\/home\/","logo":{"@type":"ImageObject","inLanguage":"fr-FR","@id":"https:\/\/boutique.vignoblescompagnie.com\/home\/#\/schema\/logo\/image\/","url":"","contentUrl":"","caption":"Vignobles&Compagnie"},"image":{"@id":"https:\/\/boutique.vignoblescompagnie.com\/home\/#\/schema\/logo\/image\/"},"sameAs":["https:\/\/www.facebook.com\/Vignobles-Compagnie-1936655449884246\/","https:\/\/www.instagram.com\/vignoblescompagnie_rhone\/?hl=fr","https:\/\/www.linkedin.com\/company-beta\/16238931\/","https:\/\/www.youtube.com\/channel\/UCG_Dbr-g9ZLVmr2sX-tTO9g"]}]}},"_links":{"self":[{"href":"https:\/\/boutique.vignoblescompagnie.com\/home\/wp-json\/wp\/v2\/product\/58404","targetHints":{"allow":["GET"]}}],"collection":[{"href":"https:\/\/boutique.vignoblescompagnie.com\/home\/wp-json\/wp\/v2\/product"}],"about":[{"href":"https:\/\/boutique.vignoblescompagnie.com\/home\/wp-json\/wp\/v2\/types\/product"}],"replies":[{"embeddable":true,"href":"https:\/\/boutique.vignoblescompagnie.com\/home\/wp-json\/wp\/v2\/comments?post=58404"}],"wp:featuredmedia":[{"embeddable":true,"href":"https:\/\/boutique.vignoblescompagnie.com\/home\/wp-json\/wp\/v2\/media\/58432"}],"wp:attachment":[{"href":"https:\/\/boutique.vignoblescompagnie.com\/home\/wp-json\/wp\/v2\/media?parent=58404"}],"wp:term":[{"taxonomy":"product_brand","embeddable":true,"href":"https:\/\/boutique.vignoblescompagnie.com\/home\/wp-json\/wp\/v2\/product_brand?post=58404"},{"taxonomy":"product_cat","embeddable":true,"href":"https:\/\/boutique.vignoblescompagnie.com\/home\/wp-json\/wp\/v2\/product_cat?post=58404"},{"taxonomy":"product_tag","embeddable":true,"href":"https:\/\/boutique.vignoblescompagnie.com\/home\/wp-json\/wp\/v2\/product_tag?post=58404"}],"curies":[{"name":"wp","href":"https:\/\/api.w.org\/{rel}","templated":true}]}}