{"id":3848,"date":"2018-09-11T18:00:08","date_gmt":"2018-09-11T16:00:08","guid":{"rendered":"https:\/\/boutique.vignoblescompagnie.com\/?page_id=3848"},"modified":"2018-09-11T18:00:08","modified_gmt":"2018-09-11T16:00:08","slug":"verification","status":"publish","type":"page","link":"https:\/\/boutique.vignoblescompagnie.com\/home\/en\/verification\/","title":{"rendered":"Verification"},"content":{"rendered":"<p>[vc_row full_height=&#8221;yes&#8221; css=&#8221;.vc_custom_1516020154836{background-image: url(https:\/\/boutique.vignoblescompagnie.com\/wp-content\/uploads\/2018\/05\/fond-cailloux.jpg) !important;background-position: center !important;background-repeat: no-repeat !important;background-size: cover !important;}&#8221; el_class=&#8221;verification-row&#8221;][vc_column luv_text_alignment=&#8221;center&#8221;][vc_row_inner][vc_column_inner width=&#8221;1\/4&#8243;][\/vc_column_inner][vc_column_inner luv_text_alignment=&#8221;center&#8221; width=&#8221;2\/4&#8243;][vc_single_image image=&#8221;2721&#8243;][vc_column_text font_color=&#8221;#ffffff&#8221; css=&#8221;.vc_custom_1518972546780{margin-bottom: 0px !important;}&#8221;]<\/p>\n<p style=\"text-align: center;\">Pour visiter le site de Vignobles &amp; Compagnie, vous devez \u00eatre en \u00e2ge l\u00e9gal de consommer et d&#8217;acheter de l&#8217;alcool dans votre pays de r\u00e9sidence. S&#8217;il n&#8217;existe pas d&#8217;\u00e2ge l\u00e9gal pour la consommation d&#8217;alcool dans votre pays, vous devez avoir plus de 21 ans.<\/p>\n<p style=\"text-align: center;\">S\u00c9LECTIONNEZ VOTRE ANN\u00c9E DE NAISSANCE<\/p>\n<p>[\/vc_column_text][vc_raw_html]JTNDZm9ybSUyMGNsYXNzJTNEJTIydmVyaWZpY2F0aW9uLWZvcm0lMjIlM0UlMEElM0NzZWxlY3QlMjBpZCUzRCUyMmRhdGUtdmVyaWZpY2F0aW9uJTIyJTNFJTBBJTNDb3B0aW9uJTNFJTNDJTJGb3B0aW9uJTNFJTBBJTNDb3B0aW9uJTNFMjAxOCUzQyUyRm9wdGlvbiUzRSUwQSUzQ29wdGlvbiUzRTIwMTclM0MlMkZvcHRpb24lM0UlMEElM0NvcHRpb24lM0UyMDE2JTNDJTJGb3B0aW9uJTNFJTBBJTNDb3B0aW9uJTNFMjAxNSUzQyUyRm9wdGlvbiUzRSUwQSUzQ29wdGlvbiUzRTIwMTQlM0MlMkZvcHRpb24lM0UlMEElM0NvcHRpb24lM0UyMDEzJTNDJTJGb3B0aW9uJTNFJTBBJTNDb3B0aW9uJTNFMjAxMiUzQyUyRm9wdGlvbiUzRSUwQSUzQ29wdGlvbiUzRTIwMTElM0MlMkZvcHRpb24lM0UlMEElM0NvcHRpb24lM0UyMDEwJTNDJTJGb3B0aW9uJTNFJTBBJTNDb3B0aW9uJTNFMjAwOSUzQyUyRm9wdGlvbiUzRSUwQSUzQ29wdGlvbiUzRTIwMDglM0MlMkZvcHRpb24lM0UlMEElM0NvcHRpb24lM0UyMDA3JTNDJTJGb3B0aW9uJTNFJTBBJTNDb3B0aW9uJTNFMjAwNiUzQyUyRm9wdGlvbiUzRSUwQSUzQ29wdGlvbiUzRTIwMDUlM0MlMkZvcHRpb24lM0UlMEElM0NvcHRpb24lM0UyMDA0JTNDJTJGb3B0aW9uJTNFJTBBJTNDb3B0aW9uJTNFMjAwMyUzQyUyRm9wdGlvbiUzRSUwQSUzQ29wdGlvbiUzRTIwMDIlM0MlMkZvcHRpb24lM0UlMEElM0NvcHRpb24lM0UyMDAxJTNDJTJGb3B0aW9uJTNFJTBBJTNDb3B0aW9uJTNFMjAwMCUzQyUyRm9wdGlvbiUzRSUwQSUzQ29wdGlvbiUzRTE5OTklM0MlMkZvcHRpb24lM0UlMEElM0NvcHRpb24lM0UxOTk4JTNDJTJGb3B0aW9uJTNFJTBBJTNDb3B0aW9uJTNFMTk5NyUzQyUyRm9wdGlvbiUzRSUwQSUzQ29wdGlvbiUzRTE5OTYlM0MlMkZvcHRpb24lM0UlMEElM0NvcHRpb24lM0UxOTk1JTNDJTJGb3B0aW9uJTNFJTBBJTNDb3B0aW9uJTNFMTk5NCUzQyUyRm9wdGlvbiUzRSUwQSUzQ29wdGlvbiUzRTE5OTMlM0MlMkZvcHRpb24lM0UlMEElM0NvcHRpb24lM0UxOTkyJTNDJTJGb3B0aW9uJTNFJTBBJTNDb3B0aW9uJTNFMTk5MSUzQyUyRm9wdGlvbiUzRSUwQSUzQ29wdGlvbiUzRTE5OTAlM0MlMkZvcHRpb24lM0UlMEElM0NvcHRpb24lM0UxOTg5JTNDJTJGb3B0aW9uJTNFJTBBJTNDb3B0aW9uJTNFMTk4OCUzQyUyRm9wdGlvbiUzRSUwQSUzQ29wdGlvbiUzRTE5ODclM0MlMkZvcHRpb24lM0UlMEElM0NvcHRpb24lM0UxOTg2JTNDJTJGb3B0aW9uJTNFJTBBJTNDb3B0aW9uJTNFMTk4NSUzQyUyRm9wdGlvbiUzRSUwQSUzQ29wdGlvbiUzRTE5ODQlM0MlMkZvcHRpb24lM0UlMEElM0NvcHRpb24lM0UxOTgzJTNDJTJGb3B0aW9uJTNFJTBBJTNDb3B0aW9uJTNFMTk4MiUzQyUyRm9wdGlvbiUzRSUwQSUzQ29wdGlvbiUzRTE5ODElM0MlMkZvcHRpb24lM0UlMEElM0NvcHRpb24lM0UxOTgwJTNDJTJGb3B0aW9uJTNFJTBBJTNDb3B0aW9uJTNFMTk3OSUzQyUyRm9wdGlvbiUzRSUwQSUzQ29wdGlvbiUzRTE5NzglM0MlMkZvcHRpb24lM0UlMEElM0NvcHRpb24lM0UxOTc3JTNDJTJGb3B0aW9uJTNFJTBBJTNDb3B0aW9uJTNFMTk3NiUzQyUyRm9wdGlvbiUzRSUwQSUzQ29wdGlvbiUzRTE5NzUlM0MlMkZvcHRpb24lM0UlMEElM0NvcHRpb24lM0UxOTc0JTNDJTJGb3B0aW9uJTNFJTBBJTNDb3B0aW9uJTNFMTk3MyUzQyUyRm9wdGlvbiUzRSUwQSUzQ29wdGlvbiUzRTE5NzIlM0MlMkZvcHRpb24lM0UlMEElM0NvcHRpb24lM0UxOTcxJTNDJTJGb3B0aW9uJTNFJTBBJTNDb3B0aW9uJTNFMTk3MCUzQyUyRm9wdGlvbiUzRSUwQSUzQ29wdGlvbiUzRTE5NjklM0MlMkZvcHRpb24lM0UlMEElM0NvcHRpb24lM0UxOTY4JTNDJTJGb3B0aW9uJTNFJTBBJTNDb3B0aW9uJTNFMTk2NyUzQyUyRm9wdGlvbiUzRSUwQSUzQ29wdGlvbiUzRTE5NjYlM0MlMkZvcHRpb24lM0UlMEElM0NvcHRpb24lM0UxOTY1JTNDJTJGb3B0aW9uJTNFJTBBJTNDb3B0aW9uJTNFMTk2NCUzQyUyRm9wdGlvbiUzRSUwQSUzQ29wdGlvbiUzRTE5NjMlM0MlMkZvcHRpb24lM0UlMEElM0NvcHRpb24lM0UxOTYyJTNDJTJGb3B0aW9uJTNFJTBBJTNDb3B0aW9uJTNFMTk2MSUzQyUyRm9wdGlvbiUzRSUwQSUzQ29wdGlvbiUzRTE5NjAlM0MlMkZvcHRpb24lM0UlMEElM0NvcHRpb24lM0UxOTU5JTNDJTJGb3B0aW9uJTNFJTBBJTNDb3B0aW9uJTNFMTk1OCUzQyUyRm9wdGlvbiUzRSUwQSUzQ29wdGlvbiUzRTE5NTclM0MlMkZvcHRpb24lM0UlMEElM0NvcHRpb24lM0UxOTU2JTNDJTJGb3B0aW9uJTNFJTBBJTNDb3B0aW9uJTNFMTk1NSUzQyUyRm9wdGlvbiUzRSUwQSUzQ29wdGlvbiUzRTE5NTQlM0MlMkZvcHRpb24lM0UlMEElM0NvcHRpb24lM0UxOTUzJTNDJTJGb3B0aW9uJTNFJTBBJTNDb3B0aW9uJTNFMTk1MiUzQyUyRm9wdGlvbiUzRSUwQSUzQ29wdGlvbiUzRTE5NTElM0MlMkZvcHRpb24lM0UlMEElM0NvcHRpb24lM0UxOTUwJTNDJTJGb3B0aW9uJTNFJTBBJTNDb3B0aW9uJTNFMTk0OSUzQyUyRm9wdGlvbiUzRSUwQSUzQ29wdGlvbiUzRTE5NDglM0MlMkZvcHRpb24lM0UlMEElM0NvcHRpb24lM0UxOTQ3JTNDJTJGb3B0aW9uJTNFJTBBJTNDb3B0aW9uJTNFMTk0NiUzQyUyRm9wdGlvbiUzRSUwQSUzQ29wdGlvbiUzRTE5NDUlM0MlMkZvcHRpb24lM0UlMEElM0NvcHRpb24lM0UxOTQ0JTNDJTJGb3B0aW9uJTNFJTBBJTNDb3B0aW9uJTNFMTk0MyUzQyUyRm9wdGlvbiUzRSUwQSUzQ29wdGlvbiUzRTE5NDIlM0MlMkZvcHRpb24lM0UlMEElM0NvcHRpb24lM0UxOTQxJTNDJTJGb3B0aW9uJTNFJTBBJTNDb3B0aW9uJTNFMTk0MCUzQyUyRm9wdGlvbiUzRSUwQSUzQ29wdGlvbiUzRTE5MzklM0MlMkZvcHRpb24lM0UlMEElM0NvcHRpb24lM0UxOTM4JTNDJTJGb3B0aW9uJTNFJTBBJTNDb3B0aW9uJTNFMTkzNyUzQyUyRm9wdGlvbiUzRSUwQSUzQ29wdGlvbiUzRTE5MzYlM0MlMkZvcHRpb24lM0UlMEElM0NvcHRpb24lM0UxOTM1JTNDJTJGb3B0aW9uJTNFJTBBJTNDb3B0aW9uJTNFMTkzNCUzQyUyRm9wdGlvbiUzRSUwQSUzQ29wdGlvbiUzRTE5MzMlM0MlMkZvcHRpb24lM0UlMEElM0NvcHRpb24lM0UxOTMyJTNDJTJGb3B0aW9uJTNFJTBBJTNDb3B0aW9uJTNFMTkzMSUzQyUyRm9wdGlvbiUzRSUwQSUzQ29wdGlvbiUzRTE5MzAlM0MlMkZvcHRpb24lM0UlMEElM0NvcHRpb24lM0UxOTI5JTNDJTJGb3B0aW9uJTNFJTBBJTNDb3B0aW9uJTNFMTkyOCUzQyUyRm9wdGlvbiUzRSUwQSUzQ29wdGlvbiUzRTE5MjclM0MlMkZvcHRpb24lM0UlMEElM0NvcHRpb24lM0UxOTI2JTNDJTJGb3B0aW9uJTNFJTBBJTNDb3B0aW9uJTNFMTkyNSUzQyUyRm9wdGlvbiUzRSUwQSUzQ29wdGlvbiUzRTE5MjQlM0MlMkZvcHRpb24lM0UlMEElM0NvcHRpb24lM0UxOTIzJTNDJTJGb3B0aW9uJTNFJTBBJTNDb3B0aW9uJTNFMTkyMiUzQyUyRm9wdGlvbiUzRSUwQSUzQ29wdGlvbiUzRTE5MjElM0MlMkZvcHRpb24lM0UlMEElM0NvcHRpb24lM0UxOTIwJTNDJTJGb3B0aW9uJTNFJTBBJTNDb3B0aW9uJTNFMTkxOSUzQyUyRm9wdGlvbiUzRSUwQSUzQ29wdGlvbiUzRTE5MTglM0MlMkZvcHRpb24lM0UlMEElM0NvcHRpb24lM0UxOTE3JTNDJTJGb3B0aW9uJTNFJTBBJTNDb3B0aW9uJTNFMTkxNiUzQyUyRm9wdGlvbiUzRSUwQSUzQ29wdGlvbiUzRTE5MTUlM0MlMkZvcHRpb24lM0UlMEElM0NvcHRpb24lM0UxOTE0JTNDJTJGb3B0aW9uJTNFJTBBJTNDb3B0aW9uJTNFMTkxMyUzQyUyRm9wdGlvbiUzRSUwQSUzQ29wdGlvbiUzRTE5MTIlM0MlMkZvcHRpb24lM0UlMEElM0NvcHRpb24lM0UxOTExJTNDJTJGb3B0aW9uJTNFJTBBJTNDb3B0aW9uJTNFMTkxMCUzQyUyRm9wdGlvbiUzRSUwQSUzQ29wdGlvbiUzRTE5MDklM0MlMkZvcHRpb24lM0UlMEElM0NvcHRpb24lM0UxOTA4JTNDJTJGb3B0aW9uJTNFJTBBJTNDb3B0aW9uJTNFMTkwNyUzQyUyRm9wdGlvbiUzRSUwQSUzQ29wdGlvbiUzRTE5MDYlM0MlMkZvcHRpb24lM0UlMEElM0NvcHRpb24lM0UxOTA1JTNDJTJGb3B0aW9uJTNFJTBBJTNDb3B0aW9uJTNFMTkwNCUzQyUyRm9wdGlvbiUzRSUwQSUzQ29wdGlvbiUzRTE5MDMlM0MlMkZvcHRpb24lM0UlMEElM0NvcHRpb24lM0UxOTAyJTNDJTJGb3B0aW9uJTNFJTBBJTNDb3B0aW9uJTNFMTkwMSUzQyUyRm9wdGlvbiUzRSUwQSUzQ29wdGlvbiUzRTE5MDAlM0MlMkZvcHRpb24lM0UlMEElM0MlMkZzZWxlY3QlM0UlM0NiciUzRSUwQSUzQ2J1dHRvbiUyMHR5cGUlM0QlMjJzdWJtaXQlMjIlM0VFTlRSRVolM0MlMkZidXR0b24lM0UlMEElM0MlMkZmb3JtJTNF[\/vc_raw_html][vc_column_text font_color=&#8221;#ffffff&#8221;]<\/p>\n<p style=\"text-align: center;\">En Visitant ce site, vous acceptez ses conditions d&#8217;utilisation et sa politique de confidentialit\u00e9. L&#8217;abus d&#8217;alcool est dangereux pour la sant\u00e9. Consommez avec mod\u00e9ration.\u00a0\u00a0<span class=\"s1\">La consommation de boissons alcoolis\u00e9es pendant la grossesse, m\u00eame en faible quantit\u00e9, peut avoir des cons\u00e9quences graves sur la sant\u00e9 de l\u2019enfant.\u00a0<\/span><\/p>\n<p>[\/vc_column_text][\/vc_column_inner][vc_column_inner width=&#8221;1\/4&#8243;][\/vc_column_inner][\/vc_row_inner][\/vc_column][\/vc_row][vc_row full_height=&#8221;yes&#8221; css=&#8221;.vc_custom_1516020130093{background-image: url(https:\/\/boutique.vignoblescompagnie.com\/wp-content\/uploads\/2018\/05\/fond-cailloux.jpg) !important;background-position: center !important;background-repeat: no-repeat !important;background-size: cover !important;}&#8221; el_class=&#8221;verification-failed-row&#8221;][vc_column luv_text_alignment=&#8221;center&#8221;][vc_row_inner][vc_column_inner width=&#8221;1\/4&#8243;][\/vc_column_inner][vc_column_inner luv_text_alignment=&#8221;center&#8221; width=&#8221;2\/4&#8243;][vc_single_image image=&#8221;2221&#8243;][vc_column_text font_color=&#8221;#ffffff&#8221; css=&#8221;.vc_custom_1519222946250{margin-bottom: 0px !important;}&#8221;]<\/p>\n<p style=\"text-align: center;\">Vous n&#8217;avez pas l&#8217;\u00e2ge l\u00e9gal pour consulter cette page.<br \/>\nVous allez \u00eatre redirig\u00e9 vers la page d&#8217;accueil.<br \/>\nBonne navigation.<\/p>\n<p style=\"text-align: center;\">En visitant ce site, vous acceptez ses conditions d&#8217;utilisation et sa politique de confidentialit\u00e9.\u00a0L&#8217;abus d&#8217;alcool est dangereux pour la sant\u00e9. Consommez avec Mod\u00e9ration.\u00a0<span class=\"s1\">La consommation de boissons alcoolis\u00e9es pendant la grossesse, m\u00eame en faible quantit\u00e9, peut avoir des cons\u00e9quences graves sur la sant\u00e9 de l\u2019enfant.\u00a0<\/span><\/p>\n<p>[\/vc_column_text][\/vc_column_inner][vc_column_inner width=&#8221;1\/4&#8243;][\/vc_column_inner][\/vc_row_inner][\/vc_column][\/vc_row]<\/p>\n","protected":false},"excerpt":{"rendered":"<p>[vc_row full_height=&#8221;yes&#8221; css=&#8221;.vc_custom_1516020154836{background-image: url(https:\/\/boutique.vignoblescompagnie.com\/wp-content\/uploads\/2018\/05\/fond-cailloux.jpg) !important;background-position: center !important;background-repeat: no-repeat !important;background-size: cover !important;}&#8221; el_class=&#8221;verification-row&#8221;][vc_column luv_text_alignment=&#8221;center&#8221;][vc_row_inner][vc_column_inner width=&#8221;1\/4&#8243;][\/vc_column_inner][vc_column_inner luv_text_alignment=&#8221;center&#8221; width=&#8221;2\/4&#8243;][vc_single_image image=&#8221;2721&#8243;][vc_column_text font_color=&#8221;#ffffff&#8221; css=&#8221;.vc_custom_1518972546780{margin-bottom: 0px !important;}&#8221;] Pour visiter le site de Vignobles &amp; Compagnie, vous devez \u00eatre en \u00e2ge l\u00e9gal de consommer et d&#8217;acheter de l&#8217;alcool dans votre pays de r\u00e9sidence. S&#8217;il n&#8217;existe pas d&#8217;\u00e2ge l\u00e9gal pour la consommation d&#8217;alcool [&hellip;]<\/p>\n","protected":false},"author":1,"featured_media":0,"parent":0,"menu_order":0,"comment_status":"closed","ping_status":"closed","template":"page-templates\/page-verification-2023.php","meta":{"footnotes":""},"class_list":["post-3848","page","type-page","status-publish","hentry"],"yoast_head":"<!-- This site is optimized with the Yoast SEO plugin v25.9 - https:\/\/yoast.com\/wordpress\/plugins\/seo\/ -->\n<title>Verification - Vignobles&amp;Compagnie<\/title>\n<meta name=\"description\" content=\"Pour visiter le site de Vignobles &amp; Compagnie, vous devez \u00eatre en \u00e2ge l\u00e9gal de consommer et d&#039;acheter de l&#039;alcool dans votre pays de r\u00e9sidence. S&#039;il Verification, Engag\u00e9s depuis 1963 Vignobles&amp;Compagnie\" \/>\n<meta name=\"robots\" content=\"index, follow, max-snippet:-1, max-image-preview:large, max-video-preview:-1\" \/>\n<link rel=\"canonical\" href=\"https:\/\/boutique.vignoblescompagnie.com\/home\/en\/verification\/\" \/>\n<meta property=\"og:locale\" content=\"en_US\" \/>\n<meta property=\"og:type\" content=\"article\" \/>\n<meta property=\"og:title\" content=\"Verification - Vignobles&amp;Compagnie\" \/>\n<meta property=\"og:description\" content=\"Pour visiter le site de Vignobles &amp; Compagnie, vous devez \u00eatre en \u00e2ge l\u00e9gal de consommer et d&#039;acheter de l&#039;alcool dans votre pays de r\u00e9sidence. S&#039;il Verification, Engag\u00e9s depuis 1963 Vignobles&amp;Compagnie\" \/>\n<meta property=\"og:url\" content=\"https:\/\/boutique.vignoblescompagnie.com\/home\/en\/verification\/\" \/>\n<meta property=\"og:site_name\" content=\"Vignobles&amp;Compagnie\" \/>\n<meta property=\"article:publisher\" content=\"https:\/\/www.facebook.com\/Vignobles-Compagnie-1936655449884246\/\" \/>\n<meta name=\"twitter:card\" content=\"summary_large_image\" \/>\n<meta name=\"twitter:label1\" content=\"Est. reading time\" \/>\n\t<meta name=\"twitter:data1\" content=\"5 minutes\" \/>\n<script type=\"application\/ld+json\" class=\"yoast-schema-graph\">{\"@context\":\"https:\/\/schema.org\",\"@graph\":[{\"@type\":\"WebPage\",\"@id\":\"https:\/\/boutique.vignoblescompagnie.com\/home\/en\/verification\/\",\"url\":\"https:\/\/boutique.vignoblescompagnie.com\/home\/en\/verification\/\",\"name\":\"Verification - Vignobles&amp;Compagnie\",\"isPartOf\":{\"@id\":\"https:\/\/boutique.vignoblescompagnie.com\/home\/en\/#website\"},\"datePublished\":\"2018-09-11T16:00:08+00:00\",\"description\":\"Pour visiter le site de Vignobles &amp; Compagnie, vous devez \u00eatre en \u00e2ge l\u00e9gal de consommer et d'acheter de l'alcool dans votre pays de r\u00e9sidence. S'il Verification, Engag\u00e9s depuis 1963 Vignobles&amp;Compagnie\",\"breadcrumb\":{\"@id\":\"https:\/\/boutique.vignoblescompagnie.com\/home\/en\/verification\/#breadcrumb\"},\"inLanguage\":\"en-US\",\"potentialAction\":[{\"@type\":\"ReadAction\",\"target\":[\"https:\/\/boutique.vignoblescompagnie.com\/home\/en\/verification\/\"]}]},{\"@type\":\"BreadcrumbList\",\"@id\":\"https:\/\/boutique.vignoblescompagnie.com\/home\/en\/verification\/#breadcrumb\",\"itemListElement\":[{\"@type\":\"ListItem\",\"position\":1,\"name\":\"Home\",\"item\":\"https:\/\/boutique.vignoblescompagnie.com\/home\/en\/\"},{\"@type\":\"ListItem\",\"position\":2,\"name\":\"Verification\"}]},{\"@type\":\"WebSite\",\"@id\":\"https:\/\/boutique.vignoblescompagnie.com\/home\/en\/#website\",\"url\":\"https:\/\/boutique.vignoblescompagnie.com\/home\/en\/\",\"name\":\"Vignobles&amp;Compagnie\",\"description\":\"Engag\u00e9s depuis 1963\",\"publisher\":{\"@id\":\"https:\/\/boutique.vignoblescompagnie.com\/home\/en\/#organization\"},\"potentialAction\":[{\"@type\":\"SearchAction\",\"target\":{\"@type\":\"EntryPoint\",\"urlTemplate\":\"https:\/\/boutique.vignoblescompagnie.com\/home\/en\/?s={search_term_string}\"},\"query-input\":{\"@type\":\"PropertyValueSpecification\",\"valueRequired\":true,\"valueName\":\"search_term_string\"}}],\"inLanguage\":\"en-US\"},{\"@type\":\"Organization\",\"@id\":\"https:\/\/boutique.vignoblescompagnie.com\/home\/en\/#organization\",\"name\":\"Vignobles&Compagnie\",\"url\":\"https:\/\/boutique.vignoblescompagnie.com\/home\/en\/\",\"logo\":{\"@type\":\"ImageObject\",\"inLanguage\":\"en-US\",\"@id\":\"https:\/\/boutique.vignoblescompagnie.com\/home\/en\/#\/schema\/logo\/image\/\",\"url\":\"\",\"contentUrl\":\"\",\"caption\":\"Vignobles&Compagnie\"},\"image\":{\"@id\":\"https:\/\/boutique.vignoblescompagnie.com\/home\/en\/#\/schema\/logo\/image\/\"},\"sameAs\":[\"https:\/\/www.facebook.com\/Vignobles-Compagnie-1936655449884246\/\",\"https:\/\/www.instagram.com\/vignoblescompagnie_rhone\/?hl=fr\",\"https:\/\/www.linkedin.com\/company-beta\/16238931\/\",\"https:\/\/www.youtube.com\/channel\/UCG_Dbr-g9ZLVmr2sX-tTO9g\"]}]}<\/script>\n<!-- \/ Yoast SEO plugin. -->","yoast_head_json":{"title":"Verification - Vignobles&amp;Compagnie","description":"Pour visiter le site de Vignobles &amp; Compagnie, vous devez \u00eatre en \u00e2ge l\u00e9gal de consommer et d'acheter de l'alcool dans votre pays de r\u00e9sidence. S'il Verification, Engag\u00e9s depuis 1963 Vignobles&amp;Compagnie","robots":{"index":"index","follow":"follow","max-snippet":"max-snippet:-1","max-image-preview":"max-image-preview:large","max-video-preview":"max-video-preview:-1"},"canonical":"https:\/\/boutique.vignoblescompagnie.com\/home\/en\/verification\/","og_locale":"en_US","og_type":"article","og_title":"Verification - Vignobles&amp;Compagnie","og_description":"Pour visiter le site de Vignobles &amp; Compagnie, vous devez \u00eatre en \u00e2ge l\u00e9gal de consommer et d'acheter de l'alcool dans votre pays de r\u00e9sidence. S'il Verification, Engag\u00e9s depuis 1963 Vignobles&amp;Compagnie","og_url":"https:\/\/boutique.vignoblescompagnie.com\/home\/en\/verification\/","og_site_name":"Vignobles&amp;Compagnie","article_publisher":"https:\/\/www.facebook.com\/Vignobles-Compagnie-1936655449884246\/","twitter_card":"summary_large_image","twitter_misc":{"Est. reading time":"5 minutes"},"schema":{"@context":"https:\/\/schema.org","@graph":[{"@type":"WebPage","@id":"https:\/\/boutique.vignoblescompagnie.com\/home\/en\/verification\/","url":"https:\/\/boutique.vignoblescompagnie.com\/home\/en\/verification\/","name":"Verification - Vignobles&amp;Compagnie","isPartOf":{"@id":"https:\/\/boutique.vignoblescompagnie.com\/home\/en\/#website"},"datePublished":"2018-09-11T16:00:08+00:00","description":"Pour visiter le site de Vignobles &amp; Compagnie, vous devez \u00eatre en \u00e2ge l\u00e9gal de consommer et d'acheter de l'alcool dans votre pays de r\u00e9sidence. S'il Verification, Engag\u00e9s depuis 1963 Vignobles&amp;Compagnie","breadcrumb":{"@id":"https:\/\/boutique.vignoblescompagnie.com\/home\/en\/verification\/#breadcrumb"},"inLanguage":"en-US","potentialAction":[{"@type":"ReadAction","target":["https:\/\/boutique.vignoblescompagnie.com\/home\/en\/verification\/"]}]},{"@type":"BreadcrumbList","@id":"https:\/\/boutique.vignoblescompagnie.com\/home\/en\/verification\/#breadcrumb","itemListElement":[{"@type":"ListItem","position":1,"name":"Home","item":"https:\/\/boutique.vignoblescompagnie.com\/home\/en\/"},{"@type":"ListItem","position":2,"name":"Verification"}]},{"@type":"WebSite","@id":"https:\/\/boutique.vignoblescompagnie.com\/home\/en\/#website","url":"https:\/\/boutique.vignoblescompagnie.com\/home\/en\/","name":"Vignobles&amp;Compagnie","description":"Engag\u00e9s depuis 1963","publisher":{"@id":"https:\/\/boutique.vignoblescompagnie.com\/home\/en\/#organization"},"potentialAction":[{"@type":"SearchAction","target":{"@type":"EntryPoint","urlTemplate":"https:\/\/boutique.vignoblescompagnie.com\/home\/en\/?s={search_term_string}"},"query-input":{"@type":"PropertyValueSpecification","valueRequired":true,"valueName":"search_term_string"}}],"inLanguage":"en-US"},{"@type":"Organization","@id":"https:\/\/boutique.vignoblescompagnie.com\/home\/en\/#organization","name":"Vignobles&Compagnie","url":"https:\/\/boutique.vignoblescompagnie.com\/home\/en\/","logo":{"@type":"ImageObject","inLanguage":"en-US","@id":"https:\/\/boutique.vignoblescompagnie.com\/home\/en\/#\/schema\/logo\/image\/","url":"","contentUrl":"","caption":"Vignobles&Compagnie"},"image":{"@id":"https:\/\/boutique.vignoblescompagnie.com\/home\/en\/#\/schema\/logo\/image\/"},"sameAs":["https:\/\/www.facebook.com\/Vignobles-Compagnie-1936655449884246\/","https:\/\/www.instagram.com\/vignoblescompagnie_rhone\/?hl=fr","https:\/\/www.linkedin.com\/company-beta\/16238931\/","https:\/\/www.youtube.com\/channel\/UCG_Dbr-g9ZLVmr2sX-tTO9g"]}]}},"_links":{"self":[{"href":"https:\/\/boutique.vignoblescompagnie.com\/home\/en\/wp-json\/wp\/v2\/pages\/3848","targetHints":{"allow":["GET"]}}],"collection":[{"href":"https:\/\/boutique.vignoblescompagnie.com\/home\/en\/wp-json\/wp\/v2\/pages"}],"about":[{"href":"https:\/\/boutique.vignoblescompagnie.com\/home\/en\/wp-json\/wp\/v2\/types\/page"}],"author":[{"embeddable":true,"href":"https:\/\/boutique.vignoblescompagnie.com\/home\/en\/wp-json\/wp\/v2\/users\/1"}],"replies":[{"embeddable":true,"href":"https:\/\/boutique.vignoblescompagnie.com\/home\/en\/wp-json\/wp\/v2\/comments?post=3848"}],"version-history":[{"count":0,"href":"https:\/\/boutique.vignoblescompagnie.com\/home\/en\/wp-json\/wp\/v2\/pages\/3848\/revisions"}],"wp:attachment":[{"href":"https:\/\/boutique.vignoblescompagnie.com\/home\/en\/wp-json\/wp\/v2\/media?parent=3848"}],"curies":[{"name":"wp","href":"https:\/\/api.w.org\/{rel}","templated":true}]}}